{"id":155084,"date":"2021-04-09T11:16:44","date_gmt":"2021-04-09T16:16:44","guid":{"rendered":"https:\/\/www.acrartex.com\/products\/firefly-2-doublefly-strobe-gloedelampe-til-redning\/"},"modified":"2021-04-09T11:16:44","modified_gmt":"2021-04-09T16:16:44","slug":"firefly-2-doublefly-strobe-gloedelampe-til-redning","status":"publish","type":"product","link":"https:\/\/www.acrartex.com\/da\/products\/firefly-2-doublefly-strobe-gloedelampe-til-redning\/","title":{"rendered":"Firefly \u00ae 2 Doublefly Strobe\/Gl\u00f8delampe til redning"},"content":{"rendered":"<p>Xenon 360\u00b0-str\u00e5len blinker med et sekunds intervaller i mindst 8 timer (2 timers kontinuerlig drift i gl\u00f8delampetilstand).<\/p>\n<ul>\n<li>Multifunktionskontakt v\u00e6lger mellem stroboskoplys for synlighed p\u00e5 lange afstande eller konstant gl\u00f8delys til bj\u00e6rgningsarbejde p\u00e5 n\u00e6rt hold<\/li>\n<li>Stor skydeknap muligg\u00f8r nem betjening med handsker<\/li>\n<li>Specialdesignet baseplatform g\u00f8r det nemt at st\u00e5 oprejst p\u00e5 enheden<\/li>\n<li>Aluminiumsholder fastg\u00f8r batterid\u00f8ren sikkert til etuiet<\/li>\n<li>H\u00f8jintensiv Xenon-stribelampe og gl\u00f8delampe<\/li>\n<li>Ideel til redningsveste, sikkerhedsseler, flydejakker, arbejdsdragter, redningsdragter, rygs\u00e6kke og flyverdragter.<\/li>\n<\/ul>\n","protected":false},"excerpt":{"rendered":"<p>Doubleflys multifunktionsknap giver dig mulighed for at v\u00e6lge mellem et h\u00f8jintensivt strobelys, der er synligt p\u00e5 over 1 nm (1,9 km), eller et konstant gl\u00f8delys til n\u00e6rbilleder.<\/p>\n","protected":false},"featured_media":155096,"template":"","meta":{"_acf_changed":false,"om_disable_all_campaigns":false},"product_brand":[],"product_cat":[5915,5668,5919,5917,5744,5913],"product_tag":[11229,11089,11234,10754,7589],"class_list":{"0":"post-155084","1":"product","2":"type-product","3":"status-publish","4":"has-post-thumbnail","6":"product_cat-actionsport-offroad-da","7":"product_cat-marine-da","8":"product_cat-padlesport-fiskeri","9":"product_cat-rejseudstyr","10":"product_cat-udendors","11":"product_cat-vandring-klatring-lejr","12":"product_tag-dobbeltfly-da","13":"product_tag-firefly-da","14":"product_tag-glodende-da","15":"product_tag-redningslys-da","16":"product_tag-strobe-da","17":"pa_product-arv-da","19":"first","20":"outofstock","21":"taxable","22":"shipping-taxable","23":"product-type-simple"},"acf":[],"_links":{"self":[{"href":"https:\/\/www.acrartex.com\/da\/wp-json\/wp\/v2\/product\/155084","targetHints":{"allow":["GET"]}}],"collection":[{"href":"https:\/\/www.acrartex.com\/da\/wp-json\/wp\/v2\/product"}],"about":[{"href":"https:\/\/www.acrartex.com\/da\/wp-json\/wp\/v2\/types\/product"}],"wp:featuredmedia":[{"embeddable":true,"href":"https:\/\/www.acrartex.com\/da\/wp-json\/wp\/v2\/media\/155096"}],"wp:attachment":[{"href":"https:\/\/www.acrartex.com\/da\/wp-json\/wp\/v2\/media?parent=155084"}],"wp:term":[{"taxonomy":"product_brand","embeddable":true,"href":"https:\/\/www.acrartex.com\/da\/wp-json\/wp\/v2\/product_brand?post=155084"},{"taxonomy":"product_cat","embeddable":true,"href":"https:\/\/www.acrartex.com\/da\/wp-json\/wp\/v2\/product_cat?post=155084"},{"taxonomy":"product_tag","embeddable":true,"href":"https:\/\/www.acrartex.com\/da\/wp-json\/wp\/v2\/product_tag?post=155084"}],"curies":[{"name":"wp","href":"https:\/\/api.w.org\/{rel}","templated":true}]}}