{"id":155057,"date":"2021-04-09T11:17:01","date_gmt":"2021-04-09T16:17:01","guid":{"rendered":"https:\/\/www.acrartex.com\/products\/406link-beacon-selvtestningstjeneste\/"},"modified":"2021-04-09T11:17:01","modified_gmt":"2021-04-09T16:17:01","slug":"406link-beacon-selvtestningstjeneste","status":"publish","type":"product","link":"https:\/\/www.acrartex.com\/da\/products\/406link-beacon-selvtestningstjeneste\/","title":{"rendered":"406Link Beacon Selvtestningstjeneste"},"content":{"rendered":"<p>Nu kan du og 5 kontakter modtage forudkonfigurerede satellitbekr\u00e6ftelsesbeskeder, n\u00e5r I tester jeres EPIRB eller Personal Locator Beacon fra ACR , ARTEX og Ocean Signal .<\/p>\n<p>406Link er det f\u00f8rste og eneste avancerede satellittestsystem, der kan modtage selvtestmeddelelser fra din Personal Locator Beacon ( PLB ) og n\u00f8dradiostation ( EPIRB ). Denne valgfrie abonnementstjeneste er designet til at forbedre funktionaliteten af \u200b\u200bdin station og give dig og dine k\u00e6re testbekr\u00e6ftelse fra satellitterne om, at din station fungerer korrekt. <\/p>\n<p>Bem\u00e6rk: Et 406Link-abonnement er uafh\u00e6ngigt af ACR produktappen, der bruges sammen med GlobalFix V5- og V6-EPIRB&#8217;erne og ResQLink AIS PLB .<\/p>\n<p>406Link fungerer ved at sende et specielt kodet testsignal til de station\u00e6re GEO-satellitter 35.000 km oppe i himlen til et netv\u00e6rk af efters\u00f8gnings- og redningssatellitter. N\u00e5r satellitterne modtager signalet, opfanges det af ACR jordstationer i Nordamerika. P\u00e5 mindre end et minut behandler vores patenterede software dine selvtestdata og sender derefter en bekr\u00e6ftelsesbesked og et billede af din faktiske placering til dig og dine angivne kontakter via e-mail og SMS.  <\/p>\n<p>N\u00e5r du udf\u00f8rer en GPS selvtest, bliver dine GPS koordinater derefter plottet p\u00e5 et kort, og 406Link inkluderer et link i din e-mail og\/eller SMS-besked, der tydeligt viser din placering inden for 100 meter.<\/p>\n<p>https:\/\/www.youtube.com\/watch?v=dU_zXBAfX00<\/p>\n<p><strong>Med 406Link kan du:  <\/strong><\/p>\n<ul>\n<li>Test din beacon med det samme satellitsystem, der bruges i rigtig efters\u00f8gning og redning<\/li>\n<li>Send brugerdefinerede bekr\u00e6ftelsesbeskeder via e-mail og SMS til op til 5 kontakter\n<ul>\n<li>Send GPS placering (ikke tilg\u00e6ngelig p\u00e5 alle beacon-modeller)<\/li>\n<\/ul>\n<\/li>\n<li>Forbedr funktionaliteten af \u200b\u200bdin ACR , Ocean Signal eller Artex 406 MHz-beacon<\/li>\n<li>Skab ro i sindet for dig selv og dine k\u00e6re<\/li>\n<li>406Link er ikke en &#8220;check-in&#8221;- eller &#8220;Jeg har det godt&#8221;-tjeneste, det er en envejsbekr\u00e6ftelsestest, der viser, at din beacon-selvtestbesked blev modtaget af de samme efters\u00f8gnings- og redningssatellitter, der blev brugt i en faktisk n\u00f8dsituation.<\/li>\n<\/ul>\n<p><strong>I \u00f8jeblikket kun tilg\u00e6ngelig i USA.<\/strong><\/p>\n","protected":false},"excerpt":{"rendered":"<p>Salget af nye 406Link-abonnementer er oph\u00f8rt fra 1. september 2023. Eksisterende abonnementer vil blive underst\u00f8ttet og vil forts\u00e6tte med at fungere som normalt i hele den \u00e5rlige abonnementsperiode. 406Link-tjenesten vil ikke l\u00e6ngere blive underst\u00f8ttet fra 1. september 2024.  <\/p>\n<p>Selvom 406Link-tjenesten ikke l\u00e6ngere kan k\u00f8bes, s\u00e5 tag et kig p\u00e5 <a href=\"https:\/\/acrelectronics.lt.acemlnc.com\/Prod\/link-tracker?redirectUrl=aHR0cHMlM0ElMkYlMkZiaXZ5c3RpY2suY29tJTJG&amp;a=%7C%7C798920491%7C%7C&amp;account=acrelectronics.activehosted.com&amp;email=y47OuVGNLVmypvt5SysuK4mcDWscx9eGrUGJW43GCh5nUjWjzE%2B2Wl9%2F%3AXZsLcuuUP%2Fd5fWs60R8xl%2Bdi4p087Lif&amp;s=8c317dd875871e7647efafcf8d0907b8&amp;i=455A691A0A5674&amp;sig=5YcfKU4g3N9zX2LkQhUUFTb1aniVKGLWUYxdT5yGmpaa&amp;iat=1692974463\" data-ac-default-color=\"1\"><span style=\"font-weight: inherit;\">ACR Bivy Stick Satellite Communicator,<\/span><\/a> <span style=\"font-weight: inherit;\">som ikke kun giver mulighed for at sende bekr\u00e6ftelsesbeskeder svarende til 406Link-tjenesten, men ogs\u00e5 muligg\u00f8r 2-vejs beskeder blandt mange andre fordele.<\/span><\/p>\n<p>Bem\u00e6rk venligst, at et 406Link-abonnement er en valgfri tjeneste og ikke er p\u00e5kr\u00e6vet for at din beacon fungerer som tilsigtet. Uanset om et abonnement er forbundet til din beacon, vil beaconen stadig sende din n\u00f8dbesked, og Search and Rescue vil v\u00e6re i stand til at identificere din placering. <\/p>\n","protected":false},"featured_media":155061,"template":"","meta":{"_acf_changed":false,"om_disable_all_campaigns":false},"product_brand":[],"product_cat":[5668,5744],"product_tag":[],"class_list":{"0":"post-155057","1":"product","2":"type-product","3":"status-publish","4":"has-post-thumbnail","6":"product_cat-marine-da","7":"product_cat-udendors","8":"pa_product-arv-da","10":"first","11":"instock","12":"virtual","13":"taxable","14":"product-type-subscription"},"acf":[],"_links":{"self":[{"href":"https:\/\/www.acrartex.com\/da\/wp-json\/wp\/v2\/product\/155057","targetHints":{"allow":["GET"]}}],"collection":[{"href":"https:\/\/www.acrartex.com\/da\/wp-json\/wp\/v2\/product"}],"about":[{"href":"https:\/\/www.acrartex.com\/da\/wp-json\/wp\/v2\/types\/product"}],"wp:featuredmedia":[{"embeddable":true,"href":"https:\/\/www.acrartex.com\/da\/wp-json\/wp\/v2\/media\/155061"}],"wp:attachment":[{"href":"https:\/\/www.acrartex.com\/da\/wp-json\/wp\/v2\/media?parent=155057"}],"wp:term":[{"taxonomy":"product_brand","embeddable":true,"href":"https:\/\/www.acrartex.com\/da\/wp-json\/wp\/v2\/product_brand?post=155057"},{"taxonomy":"product_cat","embeddable":true,"href":"https:\/\/www.acrartex.com\/da\/wp-json\/wp\/v2\/product_cat?post=155057"},{"taxonomy":"product_tag","embeddable":true,"href":"https:\/\/www.acrartex.com\/da\/wp-json\/wp\/v2\/product_tag?post=155057"}],"curies":[{"name":"wp","href":"https:\/\/api.w.org\/{rel}","templated":true}]}}