{"id":155020,"date":"2021-03-16T08:17:46","date_gmt":"2021-03-16T13:17:46","guid":{"rendered":"https:\/\/www.acrartex.com\/products\/firefly-pro-noedblinklys\/"},"modified":"2025-12-01T05:43:15","modified_gmt":"2025-12-01T10:43:15","slug":"firefly-pro-noedblinklys","status":"publish","type":"product","link":"https:\/\/www.acrartex.com\/da\/products\/firefly-pro-noedblinklys\/","title":{"rendered":"Firefly \u00ae PRO n\u00f8dblinklys"},"content":{"rendered":"<p>N\u00e5r det kommer til at redde liv, er intet mindre end det bedste en mulighed. Firefly PRO redningsstrobelysene er nogle af de lyseste og mest funktionsrige strobelys p\u00e5 markedet i dag. Med tre aktiveringsfunktioner kan du skifte mellem det ultraklare strobelys eller SOS-strobelyset for visuelt at advare redningstjenesten om din placering, og derefter skifte til konstant lys for bj\u00e6rgningsoperationer t\u00e6t p\u00e5. V\u00e6lg mellem Firefly PRO SOLAS (ikke-vandaktiveret) eller Firefly PRO Waterbug (vandaktiveret) versioner.   <\/p>\n<p>Vores innovative nye LED&#8217;er med bred lysudstr\u00e5ling producerer en 360\u00b0 lysstr\u00e5le (41 candela), der giver en synlighed p\u00e5 over 5 km. Vores k\u00f8lige hvide lys har ingen gul farvetone, hvilket giver en mere synlig lysstr\u00e5le, der kan ses p\u00e5 st\u00f8rre afstande. Med en energieffektiv mikroprocessor og nydesignet elektronik kan Firefly PRO prale af maksimal levetid under de barskeste forhold. Med et enkelt s\u00e6t AA-litiumbatterier vil Firefly PRO kontinuerligt blinke i over 56 timer eller bruge Steady-On-funktionen i 28 timer. Det er dobbelt s\u00e5 l\u00e6nge som vores konkurrenter og overg\u00e5r USCG- og SOLAS-kravene med over 48 timer.    <\/p>\n<p>Den kompakte st\u00f8rrelse passer nemt i en oppustelig redningsvest eller lomme for komfortabel brug. Det milit\u00e6re kabinet er robust nok til at modst\u00e5 mange \u00e5rs misbrug og de barskeste milj\u00f8er. De to surringsl\u00f8kker og den medf\u00f8lgende velcrorem g\u00f8r det ekstremt nemt at montere Firefly PRO p\u00e5 din redningsvest, b\u00e6lte eller rygs\u00e6k, s\u00e5 stroboskoplyset er let tilg\u00e6ngeligt, n\u00e5r du har brug for det.  <\/p>\n","protected":false},"excerpt":{"rendered":"<p>Firefly PRO redningsstrobelysene er nogle af de klareste og mest funktionsrige strobelys p\u00e5 markedet i dag. Med tre aktiveringsfunktioner kan du skifte mellem ultra-lys strobelys eller SOS-strobelys for visuelt at advare efters\u00f8gnings- og redningstjenesten om din placering, og derefter skifte til konstant lys for bj\u00e6rgningsoperationer t\u00e6t p\u00e5. V\u00e6lg mellem Firefly PRO SOLAS (ikke-vandaktiveret) eller Firefly PRO Waterbug (vandaktiveret) versioner.  <\/p>\n<p>Disse n\u00f8dblitzer kan prale af et innovativt lysstyringssystem, der producerer over 41 candela lys pr. strobe i op til 56 timers brug (med AA lithium-batterier). Ved hj\u00e6lp af LED&#8217;er med bred lysudstr\u00e5ling klarer den selv de h\u00e5rdeste forhold og skaber et superklart blitz, der er synligt i over 5 km r\u00e6kkevidde. <\/p>\n","protected":false},"featured_media":36741,"template":"","meta":{"_acf_changed":false,"om_disable_all_campaigns":false},"product_brand":[],"product_cat":[5915,5928,5905,5930,5911,5927,5668,5904,5907,5919,5925,5917,7840,5909,5744,5913],"product_tag":[11122,11125,11101,11089,11094,11109,7588,7853,7867,11128,10747,11119,11113,11116,7589,11105,11098],"class_list":{"0":"post-155020","1":"product","2":"type-product","3":"status-publish","4":"has-post-thumbnail","6":"product_cat-actionsport-offroad-da","7":"product_cat-fladestyrker","8":"product_cat-indre","9":"product_cat-jord-specialstyrker","10":"product_cat-kommerciel","11":"product_cat-luftpatrulje-da","12":"product_cat-marine-da","13":"product_cat-militaer-da","14":"product_cat-naer-kysten-da","15":"product_cat-padlesport-fiskeri","16":"product_cat-politi-kommune-da","17":"product_cat-rejseudstyr","18":"product_cat-signaleringsprodukter-da","19":"product_cat-ud-for-kysten","20":"product_cat-udendors","21":"product_cat-vandring-klatring-lejr","22":"product_tag-3970-3-da","23":"product_tag-3970-4-da","24":"product_tag-3971-3-da","25":"product_tag-firefly-da","26":"product_tag-firefly-pro-da","27":"product_tag-firefly-pro-solas-da","28":"product_tag-lys","29":"product_tag-nodblitz","30":"product_tag-nodstrobelys","31":"product_tag-redningsblitz","32":"product_tag-redningsstrobelys-da","33":"product_tag-solas-redningsvest-lys","34":"product_tag-solas-strobe-lys","35":"product_tag-solas-godkendt-pdf-lys","36":"product_tag-strobe-da","37":"product_tag-strobelys-da-2","38":"product_tag-uscg-strobelys","39":"pa_activity-camping-da","40":"pa_activity-cykel","41":"pa_activity-fiskeri","42":"pa_activity-klatring-da","43":"pa_activity-langrend","44":"pa_activity-padlesport-da","45":"pa_activity-ski-snowboarding-da","46":"pa_activity-snescooter","47":"pa_activity-terraengaende-4x4","48":"pa_activity-vandring","49":"pa_aircraft-type-eksperimentel","50":"pa_aircraft-type-enkelt-motor","51":"pa_aircraft-type-lette-jetstraler-da","52":"pa_aircraft-type-mellemstore-jetfly","53":"pa_aircraft-type-multimotor-da","54":"pa_aircraft-type-rotocraft-da","55":"pa_aircraft-type-store-jetfly-da","56":"pa_aircraft-type-turboprop-da","57":"pa_boat-size-0-20-da","58":"pa_boat-size-21-40-da","59":"pa_boat-size-40-80-da","60":"pa_boat-size-80-da","61":"pa_boat-type-charter-yacht-da","62":"pa_boat-type-fragtskib","63":"pa_boat-type-kommercielt-fiskeri","64":"pa_boat-type-motorbad","65":"pa_boat-type-sejlbad","66":"pa_boat-type-slaebebad","67":"pa_boat-type-sportcraft-da","68":"pa_boat-type-yacht-da","69":"pa_product-redningslys-da","70":"pa_product-signaleringsprodukter-da","71":"pa_product-sikkerhedstilbehor","73":"first","74":"instock","75":"taxable","76":"shipping-taxable","77":"purchasable","78":"product-type-variable"},"acf":[],"_links":{"self":[{"href":"https:\/\/www.acrartex.com\/da\/wp-json\/wp\/v2\/product\/155020","targetHints":{"allow":["GET"]}}],"collection":[{"href":"https:\/\/www.acrartex.com\/da\/wp-json\/wp\/v2\/product"}],"about":[{"href":"https:\/\/www.acrartex.com\/da\/wp-json\/wp\/v2\/types\/product"}],"wp:featuredmedia":[{"embeddable":true,"href":"https:\/\/www.acrartex.com\/da\/wp-json\/wp\/v2\/media\/36741"}],"wp:attachment":[{"href":"https:\/\/www.acrartex.com\/da\/wp-json\/wp\/v2\/media?parent=155020"}],"wp:term":[{"taxonomy":"product_brand","embeddable":true,"href":"https:\/\/www.acrartex.com\/da\/wp-json\/wp\/v2\/product_brand?post=155020"},{"taxonomy":"product_cat","embeddable":true,"href":"https:\/\/www.acrartex.com\/da\/wp-json\/wp\/v2\/product_cat?post=155020"},{"taxonomy":"product_tag","embeddable":true,"href":"https:\/\/www.acrartex.com\/da\/wp-json\/wp\/v2\/product_tag?post=155020"}],"curies":[{"name":"wp","href":"https:\/\/api.w.org\/{rel}","templated":true}]}}