{"id":155019,"date":"2021-03-16T08:17:27","date_gmt":"2021-03-16T13:17:27","guid":{"rendered":"https:\/\/www.acrartex.com\/products\/sm-2-markeringslygter\/"},"modified":"2021-03-16T08:17:27","modified_gmt":"2021-03-16T13:17:27","slug":"sm-2-markeringslygter","status":"publish","type":"product","link":"https:\/\/www.acrartex.com\/da\/products\/sm-2-markeringslygter\/","title":{"rendered":"SM-2 Markeringslygter"},"content":{"rendered":"<p>Den retter sig automatisk op og aktiveres, n\u00e5r den er i vandet, og begynder at blinke og fungerer i op til 60 timer p\u00e5 et 6-volts lanternebatteri. Perfekt til kommerciel marine, petromarine, krydstogter og enhver anvendelse, der kr\u00e6ver en p\u00e5lidelig COB-lygte. <\/p>\n<ul>\n<li>Klarere lys i alle retninger<\/li>\n<li>Opgraderet polycarbonatblandingskabinet, forbedret slagfasthed; UV-, temperatur- og kemikaliebestandig<\/li>\n<li>Perfekt til kommerciel marine, petromarine, dykkere, krydsere og enhver anvendelse, der kr\u00e6ver en p\u00e5lidelig COB-lampe<\/li>\n<li>Retter sig automatisk op og aktiveres, n\u00e5r den er i vandet<\/li>\n<li>H\u00f8jintensivt xenon-strobelys giver 360\u00b0 udsyn i mere end 4,8 km<\/li>\n<li>Flyder oprejst under alle forhold<\/li>\n<li>Minimum 36 timers kontinuerlig driftslevetid<\/li>\n<\/ul>\n<p>Et sp\u00f8rgsm\u00e5l om balance<br \/>\n Markeringslygter skal per design flyde oprejst for maksimal synlighed. 6-volts lanternebatterier fungerer som ballast til disse lygter. Selvom batterierne kan have samme st\u00f8rrelse, for\u00e5rsager de forskellige kemiske sammens\u00e6tninger, at de har varierende v\u00e6gt. Det er bydende n\u00f8dvendigt, at kun de foresl\u00e5ede 6-volts batterimodeller anvendes. For lidt ballast, og lygten vil l\u00e6gge sig p\u00e5 siden og v\u00e6re ineffektiv; for meget v\u00e6gt, og lygten kan synke. Hvis der er tvivl om batteriets passende v\u00e6gt, kan du teste lygten ved at placere den i lavt vand. Hvis den flyder oprejst, er det godt, men hvis SM-2 synker, er batteriet for tungt.      <\/p>\n<p>Foresl\u00e5ede batterityper, skrueterminalbatterier:<\/p>\n<ul>\n<li>ANSI\/NEDA: 915, 915C, 915D, 915AC<\/li>\n<li>Duracell: M915, PC915<\/li>\n<li>Rayovac\u00ae: 942, 945<\/li>\n<li>Eveready\u00ae: 510S<\/li>\n<\/ul>\n<p>Foresl\u00e5ede batterityper, fjederpolbatterier:<\/p>\n<ul>\n<li>ANSI\/NEDA: 908, 908C, 908D, 908AC<\/li>\n<li>Duracell: M908, PC908<\/li>\n<li>Rayovac\u00ae: 941, 944<\/li>\n<li>Eveready\u00ae: 509, 1209<\/li>\n<li>Energiseringsapparat: EN529 (ikke 529)<\/li>\n<li>Panasonic: W-4FD<\/li>\n<\/ul>\n","protected":false},"excerpt":{"rendered":"<p>SM-2 er udg\u00e5et og erstattet med den <a href=\"https:\/\/www.acrartex.com\/products\/sm-3-lifebuoy-self-igniting-light\">nye SM-3 b\u00f8jemarkeringslygte (godkendt af USCG\/MED)<\/a> .<\/p>\n<p>SM-2 er en h\u00f8jintensiv Xenon-strobelampe, der giver 360\u00b0 udsyn i mere end 4,8 km. Denne markeringslampe aktiveres automatisk og begynder at strobe, n\u00e5r den er i vandet, og fungerer i op til 60 timer p\u00e5 et 6-volts lanternebatteri. SM-2 er perfekt til kommercielle b\u00e5de, benzin-marineb\u00e5de, krydsere og enhver anden anvendelse, der kr\u00e6ver en p\u00e5lidelig Crew Overboard Marker (COB)-lampe. Den flyder oprejst under alle forhold og sikrer, at den bliver ved med at lyse, n\u00e5r du har mest brug for den.  <\/p>\n<p>&nbsp;<\/p>\n<p><span style=\"color: #e74c3c;\">KODE: <strong>SHIPFREE20<\/strong> Gratis fragt p\u00e5 ordrer over U$30. G\u00e6lder ikke HI og AK <\/span><\/p>\n<p>&nbsp;<\/p>\n","protected":false},"featured_media":155028,"template":"","meta":{"_acf_changed":false,"om_disable_all_campaigns":false},"product_brand":[],"product_cat":[5668],"product_tag":[11110,11132,11102,11118,11071,11112,11127,11082,11078,11090,11074,11093,11086,11097,7589,11124,11115,11106,11140,11136,11121],"class_list":{"0":"post-155019","1":"product","2":"type-product","3":"status-publish","4":"has-post-thumbnail","6":"product_cat-marine-da","7":"product_tag-acr-elektronik","8":"product_tag-et-stroboskoplys","9":"product_tag-kob-acr","10":"product_tag-marine-strobelys-da","11":"product_tag-markeringslys","12":"product_tag-oppusteligt-liv","13":"product_tag-salg-af-strobelys","14":"product_tag-sm-2-da-2","15":"product_tag-sm-2-da","16":"product_tag-sm-2-markeringslys","17":"product_tag-sm2-da","18":"product_tag-sm2-lys","19":"product_tag-sm2-markeringslys","20":"product_tag-sm2-strobe-da","21":"product_tag-strobe-da","22":"product_tag-strobe-nodlys","23":"product_tag-strobe-redningslys","24":"product_tag-strobe-fyr","25":"product_tag-strobeelektronik","26":"product_tag-strobelysbutik","27":"product_tag-strobelyset","28":"pa_product-arv-da","30":"first","31":"outofstock","32":"taxable","33":"shipping-taxable","34":"product-type-simple"},"acf":[],"_links":{"self":[{"href":"https:\/\/www.acrartex.com\/da\/wp-json\/wp\/v2\/product\/155019","targetHints":{"allow":["GET"]}}],"collection":[{"href":"https:\/\/www.acrartex.com\/da\/wp-json\/wp\/v2\/product"}],"about":[{"href":"https:\/\/www.acrartex.com\/da\/wp-json\/wp\/v2\/types\/product"}],"wp:featuredmedia":[{"embeddable":true,"href":"https:\/\/www.acrartex.com\/da\/wp-json\/wp\/v2\/media\/155028"}],"wp:attachment":[{"href":"https:\/\/www.acrartex.com\/da\/wp-json\/wp\/v2\/media?parent=155019"}],"wp:term":[{"taxonomy":"product_brand","embeddable":true,"href":"https:\/\/www.acrartex.com\/da\/wp-json\/wp\/v2\/product_brand?post=155019"},{"taxonomy":"product_cat","embeddable":true,"href":"https:\/\/www.acrartex.com\/da\/wp-json\/wp\/v2\/product_cat?post=155019"},{"taxonomy":"product_tag","embeddable":true,"href":"https:\/\/www.acrartex.com\/da\/wp-json\/wp\/v2\/product_tag?post=155019"}],"curies":[{"name":"wp","href":"https:\/\/api.w.org\/{rel}","templated":true}]}}