{"id":154998,"date":"2021-03-16T08:18:06","date_gmt":"2021-03-16T13:18:06","guid":{"rendered":"https:\/\/www.acrartex.com\/products\/ts-8701-testsaet\/"},"modified":"2021-03-16T08:18:06","modified_gmt":"2021-03-16T13:18:06","slug":"ts-8701-testsaet","status":"publish","type":"product","link":"https:\/\/www.acrartex.com\/da\/products\/ts-8701-testsaet\/","title":{"rendered":"TS 8701 \u2013 Tests\u00e6t"},"content":{"rendered":"<p><strong>ELT -test og verifikation af ELT -ID<\/strong><\/p>\n<p>Flys n\u00f8dlokaliseringssendere (ELT&#8217;er) skal have deres unikke identifikationsnummer registreret hos de nationale myndigheder. ARTEX testeren giver en enkel metode til at verificere og gemme ARTEX ELT&#8217;ens ID efter installation, omprogrammering eller hvis fyret skal genregistreres efter et ejerskifte i flyet. <\/p>\n<p><strong>ELT -afkodning<\/strong><\/p>\n<p>ARTEX testeren afkoder transmissionen af \u200b\u200b406 MHz Cospas-Sarsat -transmissioner. Transmissionen kan afl\u00e6ses direkte gennem antennekablet eller gennem selve antennen. Enheden vil ogs\u00e5 indikere, om 121,5 MHz er til stede. Testeren er kun en afkodningsenhed og m\u00e5ler ikke effekt. Kontakt venligst din lokale myndighed for at f\u00e5 oplysninger om ELT m\u00e5lingskrav til \u00e5rlige inspektioner.    <\/p>\n<p><strong>Testdata<\/strong><\/p>\n<p>ARTEX testeren registrerer alle data i en intern database, som kan sikkerhedskopieres til din pc. Dataene kan ses p\u00e5 computeren uafh\u00e6ngigt af testeren, og de er tidsstemplet som bevis p\u00e5 transmission og korrekt programmering. Testeren kan udskrive via et USB-interface til en pc. Udskrivningsfunktionen kr\u00e6ver et softwareprogram, der kan downloades, og som er tilg\u00e6ngeligt p\u00e5 ACRARTEX.com.   <\/p>\n<p>&nbsp;<\/p>\n<p>*Alle funktioner i 8701 g\u00e6lder kun for ARTEX ELT&#8217;er.<\/p>\n<table style=\"width: 602px;\" border=\"0\">\n<tbody>\n<tr>\n<td>Funktionsoversigt for test og programmering<\/td>\n<td><strong>TPS 8700<\/strong><\/td>\n<td><strong>TS 8701<\/strong><\/td>\n<td><strong>TPS 8715<\/strong><\/td>\n<\/tr>\n<tr>\n<td>Verifikation af ELT ID og afkodning af 406 MHz transmission<\/td>\n<td><strong>x<\/strong><\/td>\n<td><strong>x<\/strong><\/td>\n<td><strong>x<\/strong><\/td>\n<\/tr>\n<tr>\n<td>Test for tilstedev\u00e6relse af 121,5 MHz og 243 MHz transmissioner<\/td>\n<td><strong>x<\/strong><\/td>\n<td><strong>x<\/strong><\/td>\n<td><strong>x<\/strong><\/td>\n<\/tr>\n<tr>\n<td>Programmering af ARTEX General Aviation ELT&#8217;er (referencenummer PN 8700 for enhed, der ogs\u00e5 er i stand til transportniveau- ELT -programmering)<\/td>\n<td><strong> <\/strong><\/td>\n<td><strong> <\/strong><\/td>\n<td><strong>x<\/strong><\/td>\n<\/tr>\n<tr>\n<td>Programmering af alle ARTEX ELT&#8217;er<\/td>\n<td><strong>x<\/strong><\/td>\n<td><strong> <\/strong><\/td>\n<td><strong> <\/strong><\/td>\n<\/tr>\n<tr>\n<td>Databackup til pc<\/td>\n<td><strong>x<\/strong><\/td>\n<td><strong>x<\/strong><\/td>\n<td><strong>x<\/strong><\/td>\n<\/tr>\n<tr>\n<td>Udskrivningsfunktion via USB-gr\u00e6nseflade til en pc<\/td>\n<td><strong>x<\/strong><\/td>\n<td><strong>x<\/strong><\/td>\n<td><strong>x<\/strong><\/td>\n<\/tr>\n<tr>\n<td>Software inkluderet med produktet<\/td>\n<td><strong>x<\/strong><\/td>\n<td><strong>x<\/strong><\/td>\n<td><strong> <\/strong><\/td>\n<\/tr>\n<tr>\n<td>Software, der ikke er inkluderet i produktet (software downloades efter kunden har modtaget produktet)<\/td>\n<td><strong> <\/strong><\/td>\n<td><strong> <\/strong><\/td>\n<td><strong>x<\/strong><\/td>\n<\/tr>\n<tr>\n<td><\/td>\n<td><strong> <\/strong><\/td>\n<td><strong> <\/strong><\/td>\n<td><strong> <\/strong><\/td>\n<\/tr>\n<\/tbody>\n<\/table>\n","protected":false},"excerpt":{"rendered":"<p>ARTEX 8701-testeren er det eneste system, du beh\u00f8ver for at teste og verificere alle ARTEX ELT&#8217;er. Dens kompakte, b\u00e6rbare design g\u00f8r den nem at have ved h\u00e5nden, s\u00e5 du nemt kan teste enhver ELT n\u00e5r som helst. <\/p>\n<p><a title=\"sarcalc-desktop-software.zip\" href=\"https:\/\/www.acrartex.com\/media\/1377582\/sarcalc-desktop-software.zip\">SARCALC-skrivebordssoftware<\/a><\/p>\n<p><strong><span style=\"color: #ff0000;\">BEM\u00c6RK: Dette produkt er udg\u00e5et og er blevet erstattet af<\/span> <a href=\"https:\/\/www.acrartex.com\/products\/fpt\/\">FPT 8800-seriens ARTEX programmerer<\/a> .<\/strong><\/p>\n<p>&nbsp;<\/p>\n","protected":false},"featured_media":155003,"template":"","meta":{"_acf_changed":false,"om_disable_all_campaigns":false},"product_brand":[],"product_cat":[5923,5921,8539,5592],"product_tag":[11026,11016,5598,11003,11009,11019,11022,11002,11007,11004,11005,10958,11024,11014],"class_list":{"0":"post-154998","1":"product","2":"type-product","3":"status-publish","4":"has-post-thumbnail","6":"product_cat-business-jet-da","7":"product_cat-generel-luftfart","8":"product_cat-kommercielle-fly","9":"product_cat-luftfart-da","10":"product_tag-8701-da","11":"product_tag-afkodning","12":"product_tag-elt-da","13":"product_tag-elt-programmering-da","14":"product_tag-elt-programmor","15":"product_tag-ga-da-2","16":"product_tag-generel-luftfart-da","17":"product_tag-programmering-da","18":"product_tag-programmor","19":"product_tag-prove","20":"product_tag-testning-da","21":"product_tag-tps-da","22":"product_tag-tps-8701-da","23":"product_tag-verifikation","24":"pa_product-arv-da","26":"first","27":"instock","28":"taxable","29":"shipping-taxable","30":"product-type-simple"},"acf":[],"_links":{"self":[{"href":"https:\/\/www.acrartex.com\/da\/wp-json\/wp\/v2\/product\/154998","targetHints":{"allow":["GET"]}}],"collection":[{"href":"https:\/\/www.acrartex.com\/da\/wp-json\/wp\/v2\/product"}],"about":[{"href":"https:\/\/www.acrartex.com\/da\/wp-json\/wp\/v2\/types\/product"}],"wp:featuredmedia":[{"embeddable":true,"href":"https:\/\/www.acrartex.com\/da\/wp-json\/wp\/v2\/media\/155003"}],"wp:attachment":[{"href":"https:\/\/www.acrartex.com\/da\/wp-json\/wp\/v2\/media?parent=154998"}],"wp:term":[{"taxonomy":"product_brand","embeddable":true,"href":"https:\/\/www.acrartex.com\/da\/wp-json\/wp\/v2\/product_brand?post=154998"},{"taxonomy":"product_cat","embeddable":true,"href":"https:\/\/www.acrartex.com\/da\/wp-json\/wp\/v2\/product_cat?post=154998"},{"taxonomy":"product_tag","embeddable":true,"href":"https:\/\/www.acrartex.com\/da\/wp-json\/wp\/v2\/product_tag?post=154998"}],"curies":[{"name":"wp","href":"https:\/\/api.w.org\/{rel}","templated":true}]}}