{"id":154996,"date":"2021-03-16T08:17:57","date_gmt":"2021-03-16T13:17:57","guid":{"rendered":"https:\/\/www.acrartex.com\/products\/tps-8715-test-og-programmeringssaet\/"},"modified":"2021-03-16T08:17:57","modified_gmt":"2021-03-16T13:17:57","slug":"tps-8715-test-og-programmeringssaet","status":"publish","type":"product","link":"https:\/\/www.acrartex.com\/da\/products\/tps-8715-test-og-programmeringssaet\/","title":{"rendered":"TPS 8715 \u2013 Test- og programmeringss\u00e6t"},"content":{"rendered":"<p><strong><u>ELT -test og verifikation af ELT -ID<\/u><\/strong><\/p>\n<p>Flys n\u00f8dlokaliseringssendere (ELT&#8217;er) skal have deres unikke identifikationsnummer registreret hos de nationale myndigheder. ARTEX TPS 8715 til generel luftfart giver en enkel metode til at verificere og gemme ARTEX ELT&#8217;ens ID efter installation, omprogrammering eller hvis fyret skal genregistreres efter et ejerskifte i flyet. Dette system programmerer kun ARTEX General Aviation ELT&#8217;er*, inklusive ME406, ELT 345 og ELT 1000.  <\/p>\n<p><strong><u>ELT -afkodning<\/u><\/strong><\/p>\n<p>ARTEX TPS 8715 er et robust, kompakt og b\u00e6rbart system, der afkoder transmissionen af \u200b\u200b406 MHz Cospas-Sarsat transmissioner. Transmissionen kan afl\u00e6ses direkte gennem antennekablet eller gennem selve antennen. Enheden vil ogs\u00e5 indikere, om 121,5 MHz er til stede. TPS 8715 er kun en afkodningsenhed og m\u00e5ler ikke effekt. Kontakt venligst din lokale myndighed for at f\u00e5 oplysninger om ELT m\u00e5lingskrav til \u00e5rlige inspektioner.    <\/p>\n<p><strong><u>Program GA-linje af ELT<\/u><\/strong><\/p>\n<p>TPS 8715 kan hurtigt og nemt programmere hele serien af ARTEX General Aviation ELT&#8217;er med den \u00f8nskede protokol, NAV Data Baud Rate og n\u00f8dvendige oplysninger som beskrevet af Cospas-Sarsat via programmeringskablet (medf\u00f8lger).<\/p>\n<p><strong><u>Testdata<\/u><\/strong><\/p>\n<p>TPS 8715 registrerer alle data i en intern database, som kan sikkerhedskopieres til din pc. Dataene kan ses p\u00e5 computeren uafh\u00e6ngigt af TPS 8715, og de er tidsstemplet som bevis p\u00e5 transmission og korrekt programmering. TPS 8715 kan udskrive via et USB-interface til en pc. Udskrivningsfunktionen kr\u00e6ver et softwareprogram, der kan downloades, og som er tilg\u00e6ngeligt p\u00e5 ACRARTEX.com.   <\/p>\n<p>TPS 8715 leveres uden software, og du skal registrere dig og deltage i tr\u00e6ning p\u00e5 <a href=\"http:\/\/www.acrartex.com\/\">www.ACRARTEX.com<\/a> for at downloade de n\u00f8dvendige softwareapplikationer. Tr\u00e6ningen er selvbetjening og tilg\u00e6ngelig uden omkostninger. Der medf\u00f8lger en hurtigstartguide til hver enhed, der beskriver proceduren.  <\/p>\n<p>*For ELT -programmering p\u00e5 transportniveau henvises til PN 8700 ELT TPS.<\/p>\n","protected":false},"excerpt":{"rendered":"<p>ARTEX TPS 8715 muligg\u00f8r verifikation, testning og programmering af ARTEX General Aviation-serien af \u200b\u200bELT&#8217;er.<\/p>\n<p> <span style=\"color: #ff0000;\"><strong>BEM\u00c6RK: Dette produkt er udg\u00e5et og er blevet erstattet af <a href=\"https:\/\/www.acrartex.com\/products\/fpt\/\">FPT 8800-seriens ARTEX programmerer<\/a> .<\/strong><\/span><\/p>\n","protected":false},"featured_media":155001,"template":"","meta":{"_acf_changed":false,"om_disable_all_campaigns":false},"product_brand":[],"product_cat":[5921,5592],"product_tag":[11012,11016,5598,11003,11009,11019,11022,11002,11007,11004,11005,10958,11010,11014],"class_list":{"0":"post-154996","1":"product","2":"type-product","3":"status-publish","4":"has-post-thumbnail","6":"product_cat-generel-luftfart","7":"product_cat-luftfart-da","8":"product_tag-8715-da","9":"product_tag-afkodning","10":"product_tag-elt-da","11":"product_tag-elt-programmering-da","12":"product_tag-elt-programmor","13":"product_tag-ga-da-2","14":"product_tag-generel-luftfart-da","15":"product_tag-programmering-da","16":"product_tag-programmor","17":"product_tag-prove","18":"product_tag-testning-da","19":"product_tag-tps-da","20":"product_tag-tps-8715-da","21":"product_tag-verifikation","22":"pa_product-arv-da","24":"first","25":"instock","26":"taxable","27":"shipping-taxable","28":"product-type-simple"},"acf":[],"_links":{"self":[{"href":"https:\/\/www.acrartex.com\/da\/wp-json\/wp\/v2\/product\/154996","targetHints":{"allow":["GET"]}}],"collection":[{"href":"https:\/\/www.acrartex.com\/da\/wp-json\/wp\/v2\/product"}],"about":[{"href":"https:\/\/www.acrartex.com\/da\/wp-json\/wp\/v2\/types\/product"}],"wp:featuredmedia":[{"embeddable":true,"href":"https:\/\/www.acrartex.com\/da\/wp-json\/wp\/v2\/media\/155001"}],"wp:attachment":[{"href":"https:\/\/www.acrartex.com\/da\/wp-json\/wp\/v2\/media?parent=154996"}],"wp:term":[{"taxonomy":"product_brand","embeddable":true,"href":"https:\/\/www.acrartex.com\/da\/wp-json\/wp\/v2\/product_brand?post=154996"},{"taxonomy":"product_cat","embeddable":true,"href":"https:\/\/www.acrartex.com\/da\/wp-json\/wp\/v2\/product_cat?post=154996"},{"taxonomy":"product_tag","embeddable":true,"href":"https:\/\/www.acrartex.com\/da\/wp-json\/wp\/v2\/product_tag?post=154996"}],"curies":[{"name":"wp","href":"https:\/\/api.w.org\/{rel}","templated":true}]}}