{"id":154979,"date":"2021-03-16T08:18:08","date_gmt":"2021-03-16T13:18:08","guid":{"rendered":"https:\/\/www.acrartex.com\/products\/tps-stikafmonteringsvaerktoej\/"},"modified":"2021-03-16T08:18:08","modified_gmt":"2021-03-16T13:18:08","slug":"tps-stikafmonteringsvaerktoej","status":"publish","type":"product","link":"https:\/\/www.acrartex.com\/da\/products\/tps-stikafmonteringsvaerktoej\/","title":{"rendered":"TPS-stikafmonteringsv\u00e6rkt\u00f8j"},"content":{"rendered":"","protected":false},"excerpt":{"rendered":"<p>TPS-stikafmonteringsv\u00e6rkt\u00f8jet hj\u00e6lper med at frakoble selv de mest akavet placerede stik, s\u00e5 fjernelse af ELT (C406-2 og C406-2 HM, B406-4 og G406-4) og antenne er hurtig og effektiv. Dette v\u00e6rkt\u00f8j fungerer med f\u00f8lgende ELT modeller: \u2013 C406-2 \u2013 C406-2 HM \u2013 B406-4 \u2013 G406-4 <\/p>\n","protected":false},"featured_media":154990,"template":"","meta":{"_acf_changed":false,"om_disable_all_campaigns":false},"product_brand":[],"product_cat":[6283],"product_tag":[10968,10964,10963,10985,10975,10958,10961,10972,10982,10966,10969,10979],"class_list":{"0":"post-154979","1":"product","2":"type-product","3":"status-publish","4":"has-post-thumbnail","6":"product_cat-ukategoriseret","7":"product_tag-145-0001-da","8":"product_tag-fjernelse-af-eltilforsel-til-vedligeholdelse","9":"product_tag-fjernelse-af-stik","10":"product_tag-fjernelse-vaerktoj","11":"product_tag-pn4145-0001-da","12":"product_tag-tps-da","13":"product_tag-tps-stikafmonteringsvaerktoj","14":"product_tag-varenr-145-0001","15":"product_tag-varenummer-145-0001-da-2","16":"product_tag-varenummer-145-0001","17":"product_tag-varenummer-145-0001-da","18":"product_tag-varenummer-4145-0001","20":"first","21":"instock","22":"taxable","23":"shipping-taxable","24":"product-type-simple"},"acf":[],"_links":{"self":[{"href":"https:\/\/www.acrartex.com\/da\/wp-json\/wp\/v2\/product\/154979","targetHints":{"allow":["GET"]}}],"collection":[{"href":"https:\/\/www.acrartex.com\/da\/wp-json\/wp\/v2\/product"}],"about":[{"href":"https:\/\/www.acrartex.com\/da\/wp-json\/wp\/v2\/types\/product"}],"wp:featuredmedia":[{"embeddable":true,"href":"https:\/\/www.acrartex.com\/da\/wp-json\/wp\/v2\/media\/154990"}],"wp:attachment":[{"href":"https:\/\/www.acrartex.com\/da\/wp-json\/wp\/v2\/media?parent=154979"}],"wp:term":[{"taxonomy":"product_brand","embeddable":true,"href":"https:\/\/www.acrartex.com\/da\/wp-json\/wp\/v2\/product_brand?post=154979"},{"taxonomy":"product_cat","embeddable":true,"href":"https:\/\/www.acrartex.com\/da\/wp-json\/wp\/v2\/product_cat?post=154979"},{"taxonomy":"product_tag","embeddable":true,"href":"https:\/\/www.acrartex.com\/da\/wp-json\/wp\/v2\/product_tag?post=154979"}],"curies":[{"name":"wp","href":"https:\/\/api.w.org\/{rel}","templated":true}]}}