{"id":154926,"date":"2021-03-16T08:18:16","date_gmt":"2021-03-16T13:18:16","guid":{"rendered":"https:\/\/www.acrartex.com\/products\/ww-3-resq-floejte\/"},"modified":"2021-03-16T08:18:16","modified_gmt":"2021-03-16T13:18:16","slug":"ww-3-resq-floejte","status":"publish","type":"product","link":"https:\/\/www.acrartex.com\/da\/products\/ww-3-resq-floejte\/","title":{"rendered":"WW-3 ResQ\u2122 fl\u00f8jte"},"content":{"rendered":"<ul>\n<li>F\u00e5r opm\u00e6rksomhed!<\/li>\n<li>H\u00f8j, skinger, dobbelttone h\u00f8rbar fra stor afstand<\/li>\n<li>Unikt fladt design forhindrer vandtilbageholdelse<\/li>\n<li>Opfylder USCG-kravene<\/li>\n<li>Hj\u00e6lper ved redninger p\u00e5 land eller til s\u00f8s<\/li>\n<li>Bruges p\u00e5 redningsveste, veste, udstyr til d\u00e5rligt vejr, ringb\u00f8jer, fl\u00e5der, n\u00f8gleringe osv.<\/li>\n<li>Komplet med 80 cm snor<\/li>\n<\/ul>\n","protected":false},"excerpt":{"rendered":"<p>F\u00e5 opm\u00e6rksomhed, n\u00e5r du har brug for det, med WW-3 ResQ\u2122-fl\u00f8jten. Denne kompakte overlevelsesfl\u00f8jte er specielt udviklet til at lokalisere b\u00e5dejere, der er faldet overbord, men den kan ogs\u00e5 hj\u00e6lpe med redninger p\u00e5 land. WW-3 ResQ udsender en skinger to-tone lyd p\u00e5 op til 100 decibel, som er h\u00f8rbar over store afstande. Det unikke, flade design af denne fl\u00f8jte forhindrer den i at holde vand, og dens 80 cm lange line fastg\u00f8res nemt til redningsveste, fl\u00e5der og andet vejrudstyr. Og oven i k\u00f8bet er denne redningsfl\u00f8jte bygget til at opfylde USCG-kravene.    <\/p>\n","protected":false},"featured_media":154936,"template":"","meta":{"_acf_changed":false,"om_disable_all_campaigns":false},"product_brand":[],"product_cat":[5915,5905,5911,5668,5907,5919,5917,7840,5909,5744,5913],"product_tag":[10786,10800,10793,10788,10790,10791,10797,5935,10804,10795],"class_list":{"0":"post-154926","1":"product","2":"type-product","3":"status-publish","4":"has-post-thumbnail","6":"product_cat-actionsport-offroad-da","7":"product_cat-indre","8":"product_cat-kommerciel","9":"product_cat-marine-da","10":"product_cat-naer-kysten-da","11":"product_cat-padlesport-fiskeri","12":"product_cat-rejseudstyr","13":"product_cat-signaleringsprodukter-da","14":"product_cat-ud-for-kysten","15":"product_cat-udendors","16":"product_cat-vandring-klatring-lejr","17":"product_tag-2-trads-elt-rswt-graenseflade","18":"product_tag-flojte","19":"product_tag-flojtesikkerhed","20":"product_tag-nodflojte","21":"product_tag-nodflojter","22":"product_tag-nodforsyninger","23":"product_tag-plastikflojte","24":"product_tag-resq-da","25":"product_tag-signal-da","26":"product_tag-sikkerhedsflojte","27":"pa_product-signaleringsprodukter-da","28":"pa_product-sikkerhedstilbehor","30":"first","31":"instock","32":"taxable","33":"shipping-taxable","34":"purchasable","35":"product-type-simple"},"acf":[],"_links":{"self":[{"href":"https:\/\/www.acrartex.com\/da\/wp-json\/wp\/v2\/product\/154926","targetHints":{"allow":["GET"]}}],"collection":[{"href":"https:\/\/www.acrartex.com\/da\/wp-json\/wp\/v2\/product"}],"about":[{"href":"https:\/\/www.acrartex.com\/da\/wp-json\/wp\/v2\/types\/product"}],"wp:featuredmedia":[{"embeddable":true,"href":"https:\/\/www.acrartex.com\/da\/wp-json\/wp\/v2\/media\/154936"}],"wp:attachment":[{"href":"https:\/\/www.acrartex.com\/da\/wp-json\/wp\/v2\/media?parent=154926"}],"wp:term":[{"taxonomy":"product_brand","embeddable":true,"href":"https:\/\/www.acrartex.com\/da\/wp-json\/wp\/v2\/product_brand?post=154926"},{"taxonomy":"product_cat","embeddable":true,"href":"https:\/\/www.acrartex.com\/da\/wp-json\/wp\/v2\/product_cat?post=154926"},{"taxonomy":"product_tag","embeddable":true,"href":"https:\/\/www.acrartex.com\/da\/wp-json\/wp\/v2\/product_tag?post=154926"}],"curies":[{"name":"wp","href":"https:\/\/api.w.org\/{rel}","templated":true}]}}