{"id":154918,"date":"2021-03-16T08:18:23","date_gmt":"2021-03-16T13:18:23","guid":{"rendered":"https:\/\/www.acrartex.com\/products\/hot-shot-signalspejl\/"},"modified":"2021-03-16T08:18:23","modified_gmt":"2021-03-16T13:18:23","slug":"hot-shot-signalspejl","status":"publish","type":"product","link":"https:\/\/www.acrartex.com\/da\/products\/hot-shot-signalspejl\/","title":{"rendered":"Hot Shot\u2122 Signalspejl"},"content":{"rendered":"<ul>\n<li>Designet til at give optimalt sigtepunkt med holografisk r\u00f8d prik-visningsvindue<\/li>\n<li>N\u00e5r m\u00e5lbillede, spejl og sol er korrekt justeret, sikrer den r\u00f8de prik p\u00e5 m\u00e5let, at spejlrefleksionen er p\u00e5 m\u00e5let<\/li>\n<li>Teleskopkvalitets reflekterende spejl i anden overflade er lyst og giver et fokuseret billede<\/li>\n<li>Flydende flyder for nem bj\u00e6rgning, hvis den tabes overbord<\/li>\n<li>Patenteret fl\u00f8jte (opfylder USCG) til h\u00f8rbar alarmering under d\u00e5rlige sigtbarhedsforhold<\/li>\n<li>Line til fastg\u00f8relse til person eller redningsfl\u00e5de<\/li>\n<li>Enkel, komplet sikkerhedssignalpakke<\/li>\n<\/ul>\n","protected":false},"excerpt":{"rendered":"<p><span style=\"color: #ff0000;\"><strong>DETTE ER ET UDSAGET PRODUKT, DER IKKE L\u00c6NGERE PRODUCERES ELLER S\u00c6LGES SAMMEN<\/strong><\/span><\/p>\n<p>&nbsp;<\/p>\n<p>Fuldend dit n\u00f8ds\u00e6t med et kvalitetsspejl som Hot Shot\u2122 Signal. Denne fejlsikre signalanordning til dagtimerne tager n\u00f8dvarsler til det n\u00e6ste niveau med sit holografiske &#8220;r\u00f8de prik&#8221;-visningsvindue, som hurtigt finder det optimale sigtepunkt for et klart, fokuseret signal. N\u00e5r m\u00e5lbilledet, spejlet og solen er korrekt justeret, sikrer den r\u00f8de prik, at spejlets refleksion er p\u00e5 m\u00e5let. Hot Shot Signal har et flydende design, s\u00e5 det nemt kan bj\u00e6rges, hvis det falder overbord. Og oven i k\u00f8bet, hvis det hele falder overbord, opfylder denne patenterede fl\u00f8jte USCG-standarder og leveres med en snor, s\u00e5 den nemt kan fastg\u00f8res til en person eller redningsfl\u00e5de.    <\/p>\n<p>&nbsp;<\/p>\n","protected":false},"featured_media":154930,"template":"","meta":{"_acf_changed":false,"om_disable_all_campaigns":false},"product_brand":[],"product_cat":[5668,5744],"product_tag":[10779,10787,10781,10774,10777,10783,10756,10762,10759,10765,10784,10785,10771,10768,10789],"class_list":{"0":"post-154918","1":"product","2":"type-product","3":"status-publish","4":"has-post-thumbnail","6":"product_cat-marine-da","7":"product_cat-udendors","8":"product_tag-glassignalspejl","9":"product_tag-instruktioner-til-signalspejl","10":"product_tag-overlevelsessignalering","11":"product_tag-overlevelsessignalspejl","12":"product_tag-overlevelsessignalspejle","13":"product_tag-overlevelsesspejl","14":"product_tag-signalspejl","15":"product_tag-signalspejl-da","16":"product_tag-signalspejle","17":"product_tag-signalspejle-da","18":"product_tag-sikkerhedssignalering","19":"product_tag-sikkerhedssignalspejl","20":"product_tag-spejlsignal","21":"product_tag-spejlsignaler","22":"product_tag-ved-hjaelp-af-et-signalspejl","23":"pa_product-arv-da","25":"first","26":"outofstock","27":"taxable","28":"shipping-taxable","29":"product-type-simple"},"acf":[],"_links":{"self":[{"href":"https:\/\/www.acrartex.com\/da\/wp-json\/wp\/v2\/product\/154918","targetHints":{"allow":["GET"]}}],"collection":[{"href":"https:\/\/www.acrartex.com\/da\/wp-json\/wp\/v2\/product"}],"about":[{"href":"https:\/\/www.acrartex.com\/da\/wp-json\/wp\/v2\/types\/product"}],"wp:featuredmedia":[{"embeddable":true,"href":"https:\/\/www.acrartex.com\/da\/wp-json\/wp\/v2\/media\/154930"}],"wp:attachment":[{"href":"https:\/\/www.acrartex.com\/da\/wp-json\/wp\/v2\/media?parent=154918"}],"wp:term":[{"taxonomy":"product_brand","embeddable":true,"href":"https:\/\/www.acrartex.com\/da\/wp-json\/wp\/v2\/product_brand?post=154918"},{"taxonomy":"product_cat","embeddable":true,"href":"https:\/\/www.acrartex.com\/da\/wp-json\/wp\/v2\/product_cat?post=154918"},{"taxonomy":"product_tag","embeddable":true,"href":"https:\/\/www.acrartex.com\/da\/wp-json\/wp\/v2\/product_tag?post=154918"}],"curies":[{"name":"wp","href":"https:\/\/api.w.org\/{rel}","templated":true}]}}