{"id":154911,"date":"2021-03-16T08:18:32","date_gmt":"2021-03-16T13:18:32","guid":{"rendered":"https:\/\/www.acrartex.com\/products\/l8-4\/"},"modified":"2021-03-16T08:18:32","modified_gmt":"2021-03-16T13:18:32","slug":"l8-4","status":"publish","type":"product","link":"https:\/\/www.acrartex.com\/da\/products\/l8-4\/","title":{"rendered":"L8-4"},"content":{"rendered":"<ul>\n<li>FAA-godkendt til brug p\u00e5 redningsveste<\/li>\n<li>Kombinationen af \u200b\u200blampe og linse producerer et str\u00e5lende lys, der er synligt i over en kilometers afstand<\/li>\n<li>Fungerer i ferskvand eller saltvand<\/li>\n<li>Standard ledningsl\u00e6ngde 18 tommer (46 cm); nogle speciall\u00e6ngder er tilg\u00e6ngelige (minimumsm\u00e6ngder g\u00e6lder)<\/li>\n<li>Vandaktiveret batteri<\/li>\n<li>Driftslevetid overstiger 8 timer<\/li>\n<\/ul>\n","protected":false},"excerpt":{"rendered":"<p>L8-4 er en vandaktiveret personlig redningslampe, der er FAA-godkendt til brug p\u00e5 redningsveste. Lampe- og linsekombinationen p\u00e5 L8-4 producerer et kraftigt lys, der er synligt i over en kilometers r\u00e6kkevidde. Denne redningslampe har et vandaktiveret batteri, og n\u00e5r den er udl\u00f8st, holder den i 8 timer.  <\/p>\n","protected":false},"featured_media":154923,"template":"","meta":{"_acf_changed":false,"om_disable_all_campaigns":false},"product_brand":[],"product_cat":[5923,5921,8539,5592],"product_tag":[10752,7869,10761,10757,10764,10775,10778,10782,10767,10769,10773,10780,10750,10751,10749,7865,7867,10754,7871,10747,7846],"class_list":{"0":"post-154911","1":"product","2":"type-product","3":"status-publish","4":"has-post-thumbnail","6":"product_cat-business-jet-da","7":"product_cat-generel-luftfart","8":"product_cat-kommercielle-fly","9":"product_cat-luftfart-da","10":"product_tag-acr-strobelys-da","11":"product_tag-acr-strobe-da","12":"product_tag-artex-pfd-da","13":"product_tag-artex-lys-da","14":"product_tag-l8-lys-da","15":"product_tag-l8-3-da","16":"product_tag-l8-3-lys","17":"product_tag-l8-4-lys","18":"product_tag-l82-da","19":"product_tag-l83-da","20":"product_tag-l84-da","21":"product_tag-l84-lys","22":"product_tag-luftfart-pfd-lys-da","23":"product_tag-luftfartslys-da","24":"product_tag-lys-til-redningsveste-til-luftfart","25":"product_tag-marine-strobelys","26":"product_tag-nodstrobelys","27":"product_tag-redningslys-da","28":"product_tag-redningslys","29":"product_tag-redningsstrobelys-da","30":"product_tag-strobelys-da","31":"pa_product-arv-da","33":"first","34":"instock","35":"taxable","36":"shipping-taxable","37":"product-type-simple"},"acf":[],"_links":{"self":[{"href":"https:\/\/www.acrartex.com\/da\/wp-json\/wp\/v2\/product\/154911","targetHints":{"allow":["GET"]}}],"collection":[{"href":"https:\/\/www.acrartex.com\/da\/wp-json\/wp\/v2\/product"}],"about":[{"href":"https:\/\/www.acrartex.com\/da\/wp-json\/wp\/v2\/types\/product"}],"wp:featuredmedia":[{"embeddable":true,"href":"https:\/\/www.acrartex.com\/da\/wp-json\/wp\/v2\/media\/154923"}],"wp:attachment":[{"href":"https:\/\/www.acrartex.com\/da\/wp-json\/wp\/v2\/media?parent=154911"}],"wp:term":[{"taxonomy":"product_brand","embeddable":true,"href":"https:\/\/www.acrartex.com\/da\/wp-json\/wp\/v2\/product_brand?post=154911"},{"taxonomy":"product_cat","embeddable":true,"href":"https:\/\/www.acrartex.com\/da\/wp-json\/wp\/v2\/product_cat?post=154911"},{"taxonomy":"product_tag","embeddable":true,"href":"https:\/\/www.acrartex.com\/da\/wp-json\/wp\/v2\/product_tag?post=154911"}],"curies":[{"name":"wp","href":"https:\/\/api.w.org\/{rel}","templated":true}]}}