{"id":154884,"date":"2021-03-16T08:18:39","date_gmt":"2021-03-16T13:18:39","guid":{"rendered":"https:\/\/www.acrartex.com\/products\/8603-stangantenne-tri-band\/"},"modified":"2021-03-16T08:18:39","modified_gmt":"2021-03-16T13:18:39","slug":"8603-stangantenne-tri-band","status":"publish","type":"product","link":"https:\/\/www.acrartex.com\/da\/products\/8603-stangantenne-tri-band\/","title":{"rendered":"8603 Stangantenne, Tri-band"},"content":{"rendered":"<p>Vores nye stangantenne er forst\u00e6rket med glas, og polyesterhuset d\u00e6kker vores innovative Tri-Band-teknologi, der samler 121,5, 243 og 406 MHz i et kompakt hus. Denne yderst effektive antenne har et enkelt BNC-stik til de installationer, der kr\u00e6ver en enkelt stikops\u00e6tning. Designet til TSO C91a og C128b.  <\/p>\n","protected":false},"excerpt":{"rendered":"<p>ARTEX 8603-stangantennen er forst\u00e6rket med glas og et polyesterhus, der d\u00e6kker vores innovative Tri-Band-teknologi, hvilket effektivt bringer frekvenserne 121,5, 243 og 406 MHz i \u00e9t kompakt hus. Denne yderst effektive antenne har et enkelt BNC-stik til de installationer, der kr\u00e6ver en ops\u00e6tning med et enkelt stik. <\/p>\n","protected":false},"featured_media":154885,"template":"","meta":{"_acf_changed":false,"om_disable_all_campaigns":false},"product_brand":[],"product_cat":[5921,5592],"product_tag":[10131,10412,10418,10415,10127,10129,5598,10421,10660,9979,10125,10661],"class_list":{"0":"post-154884","1":"product","2":"type-product","3":"status-publish","4":"has-post-thumbnail","6":"product_cat-generel-luftfart","7":"product_cat-luftfart-da","8":"product_tag-121-243-antenne-da","9":"product_tag-121-406-antenne-da","10":"product_tag-406-antennepisk-da","11":"product_tag-406-antennestang-da","12":"product_tag-antenne-tri-band-da","13":"product_tag-dobbeltfrekvensantenne","14":"product_tag-elt-da","15":"product_tag-stang-da","16":"product_tag-stangantenne-elt-da","17":"product_tag-tri-band-da","18":"product_tag-tri-bands-antenne","19":"product_tag-varenummer-8603","20":"pa_aircraft-speed-0-200-knob","21":"pa_aircraft-type-eksperimentel","22":"pa_aircraft-type-enkelt-motor","23":"pa_aircraft-type-multimotor-da","24":"pa_product-elt-losninger-da","25":"pa_product-sikkerhedstilbehor","27":"first","28":"instock","29":"taxable","30":"shipping-taxable","31":"product-type-simple"},"acf":[],"_links":{"self":[{"href":"https:\/\/www.acrartex.com\/da\/wp-json\/wp\/v2\/product\/154884","targetHints":{"allow":["GET"]}}],"collection":[{"href":"https:\/\/www.acrartex.com\/da\/wp-json\/wp\/v2\/product"}],"about":[{"href":"https:\/\/www.acrartex.com\/da\/wp-json\/wp\/v2\/types\/product"}],"wp:featuredmedia":[{"embeddable":true,"href":"https:\/\/www.acrartex.com\/da\/wp-json\/wp\/v2\/media\/154885"}],"wp:attachment":[{"href":"https:\/\/www.acrartex.com\/da\/wp-json\/wp\/v2\/media?parent=154884"}],"wp:term":[{"taxonomy":"product_brand","embeddable":true,"href":"https:\/\/www.acrartex.com\/da\/wp-json\/wp\/v2\/product_brand?post=154884"},{"taxonomy":"product_cat","embeddable":true,"href":"https:\/\/www.acrartex.com\/da\/wp-json\/wp\/v2\/product_cat?post=154884"},{"taxonomy":"product_tag","embeddable":true,"href":"https:\/\/www.acrartex.com\/da\/wp-json\/wp\/v2\/product_tag?post=154884"}],"curies":[{"name":"wp","href":"https:\/\/api.w.org\/{rel}","templated":true}]}}