{"id":154856,"date":"2021-03-16T08:18:44","date_gmt":"2021-03-16T13:18:44","guid":{"rendered":"https:\/\/www.acrartex.com\/products\/110-337-11-antenne-406-blads\/"},"modified":"2021-03-16T08:18:44","modified_gmt":"2021-03-16T13:18:44","slug":"110-337-11-antenne-406-blads","status":"publish","type":"product","link":"https:\/\/www.acrartex.com\/da\/products\/110-337-11-antenne-406-blads\/","title":{"rendered":"110-337-11 Antenne, 406-blads"},"content":{"rendered":"<p>Tri-Band h\u00f8jhastigheds-bladantenne, der samler frekvenserne 121,5, 243 og 406 MHz i et kompakt hus. 110-337-11 tilbyder to stik til de installationer, der kr\u00e6ver denne ops\u00e6tning. Designet til at opfylde TSOA C91a-kravene plus Eurocae ED 62-flammetesten.  <\/p>\n<p>Tilbyder to sikre fastg\u00f8relsesmetoder til fastg\u00f8relse af antennen til flyet. V\u00e6lg enten skruemontering eller montering p\u00e5 bundplade. <\/p>\n","protected":false},"excerpt":{"rendered":"<p>110-337-11-antennen er udstyret med vores innovative Tri-Band-teknologi, der samler frekvenserne 121,5, 243 og 406 MHz i \u00e9n kompakt pakke. Denne h\u00f8jhastigheds-bladantenne tilbyder to stik til de installationer, der kr\u00e6ver denne specifikke ops\u00e6tning. Derudover tilbyder vi to sikre fastg\u00f8relsesmetoder til at fastg\u00f8re denne antenne til dit fly: skruemontering eller montering p\u00e5 bundplade. Ligesom alt vores udstyr er denne antenne designet til at opfylde branchestandarder. Dette produkt overholder TSOA C91a-kravene og Eurocae ED 62-flammetesten.    <\/p>\n","protected":false},"featured_media":154858,"template":"","meta":{"_acf_changed":false,"om_disable_all_campaigns":false},"product_brand":[],"product_cat":[5592],"product_tag":[10131,10412,10133,10416,10127,10145,10129,10137,10135,10143,10139,10141,10125],"class_list":{"0":"post-154856","1":"product","2":"type-product","3":"status-publish","4":"has-post-thumbnail","6":"product_cat-luftfart-da","7":"product_tag-121-243-antenne-da","8":"product_tag-121-406-antenne-da","9":"product_tag-406-antenne-da","10":"product_tag-406-antenneblad-da","11":"product_tag-antenne-tri-band-da","12":"product_tag-bladantenne-elt-da","13":"product_tag-dobbeltfrekvensantenne","14":"product_tag-elt-stangantenne-da","15":"product_tag-elt-bladantenne-da","16":"product_tag-piskantenne-elt-da","17":"product_tag-piskeantenne-da","18":"product_tag-rode-antenne-elt-da","19":"product_tag-tri-bands-antenne","21":"first","22":"instock","23":"taxable","24":"shipping-taxable","25":"product-type-simple"},"acf":[],"_links":{"self":[{"href":"https:\/\/www.acrartex.com\/da\/wp-json\/wp\/v2\/product\/154856","targetHints":{"allow":["GET"]}}],"collection":[{"href":"https:\/\/www.acrartex.com\/da\/wp-json\/wp\/v2\/product"}],"about":[{"href":"https:\/\/www.acrartex.com\/da\/wp-json\/wp\/v2\/types\/product"}],"wp:featuredmedia":[{"embeddable":true,"href":"https:\/\/www.acrartex.com\/da\/wp-json\/wp\/v2\/media\/154858"}],"wp:attachment":[{"href":"https:\/\/www.acrartex.com\/da\/wp-json\/wp\/v2\/media?parent=154856"}],"wp:term":[{"taxonomy":"product_brand","embeddable":true,"href":"https:\/\/www.acrartex.com\/da\/wp-json\/wp\/v2\/product_brand?post=154856"},{"taxonomy":"product_cat","embeddable":true,"href":"https:\/\/www.acrartex.com\/da\/wp-json\/wp\/v2\/product_cat?post=154856"},{"taxonomy":"product_tag","embeddable":true,"href":"https:\/\/www.acrartex.com\/da\/wp-json\/wp\/v2\/product_tag?post=154856"}],"curies":[{"name":"wp","href":"https:\/\/api.w.org\/{rel}","templated":true}]}}