{"id":154841,"date":"2021-03-16T08:18:48","date_gmt":"2021-03-16T13:18:48","guid":{"rendered":"https:\/\/www.acrartex.com\/products\/110-775-baerbar-antenne-dobbeltbaand-til-me406p\/"},"modified":"2021-03-16T08:18:48","modified_gmt":"2021-03-16T13:18:48","slug":"110-775-baerbar-antenne-dobbeltbaand-til-me406p","status":"publish","type":"product","link":"https:\/\/www.acrartex.com\/da\/products\/110-775-baerbar-antenne-dobbeltbaand-til-me406p\/","title":{"rendered":"110-775 B\u00e6rbar antenne, dobbeltb\u00e5nd til ME406P"},"content":{"rendered":"","protected":false},"excerpt":{"rendered":"<p>B\u00e6rbar antenne, dobbeltb\u00e5nd til ME406P, 121,5 og 406 MHz<\/p>\n","protected":false},"featured_media":154842,"template":"","meta":{"_acf_changed":false,"om_disable_all_campaigns":false},"product_brand":[],"product_cat":[6283],"product_tag":[10620,10617,10618,10133,10127,10145,5598,10137,10615,10135,10143,10139,10141,10125],"class_list":{"0":"post-154841","1":"product","2":"type-product","3":"status-publish","4":"has-post-thumbnail","6":"product_cat-ukategoriseret","7":"product_tag-110-775-da","8":"product_tag-121-antenne-da","9":"product_tag-1215-antenne-da","10":"product_tag-406-antenne-da","11":"product_tag-antenne-tri-band-da","12":"product_tag-bladantenne-elt-da","13":"product_tag-elt-da","14":"product_tag-elt-stangantenne-da","15":"product_tag-elt-antenne-da","16":"product_tag-elt-bladantenne-da","17":"product_tag-piskantenne-elt-da","18":"product_tag-piskeantenne-da","19":"product_tag-rode-antenne-elt-da","20":"product_tag-tri-bands-antenne","22":"first","23":"instock","24":"taxable","25":"shipping-taxable","26":"product-type-simple"},"acf":[],"_links":{"self":[{"href":"https:\/\/www.acrartex.com\/da\/wp-json\/wp\/v2\/product\/154841","targetHints":{"allow":["GET"]}}],"collection":[{"href":"https:\/\/www.acrartex.com\/da\/wp-json\/wp\/v2\/product"}],"about":[{"href":"https:\/\/www.acrartex.com\/da\/wp-json\/wp\/v2\/types\/product"}],"wp:featuredmedia":[{"embeddable":true,"href":"https:\/\/www.acrartex.com\/da\/wp-json\/wp\/v2\/media\/154842"}],"wp:attachment":[{"href":"https:\/\/www.acrartex.com\/da\/wp-json\/wp\/v2\/media?parent=154841"}],"wp:term":[{"taxonomy":"product_brand","embeddable":true,"href":"https:\/\/www.acrartex.com\/da\/wp-json\/wp\/v2\/product_brand?post=154841"},{"taxonomy":"product_cat","embeddable":true,"href":"https:\/\/www.acrartex.com\/da\/wp-json\/wp\/v2\/product_cat?post=154841"},{"taxonomy":"product_tag","embeddable":true,"href":"https:\/\/www.acrartex.com\/da\/wp-json\/wp\/v2\/product_tag?post=154841"}],"curies":[{"name":"wp","href":"https:\/\/api.w.org\/{rel}","templated":true}]}}