{"id":154822,"date":"2021-03-16T08:18:55","date_gmt":"2021-03-16T13:18:55","guid":{"rendered":"https:\/\/www.acrartex.com\/products\/110-750-baerbar-antenne-dobbeltbaand-sort-tape\/"},"modified":"2021-03-16T08:18:55","modified_gmt":"2021-03-16T13:18:55","slug":"110-750-baerbar-antenne-dobbeltbaand-sort-tape","status":"publish","type":"product","link":"https:\/\/www.acrartex.com\/da\/products\/110-750-baerbar-antenne-dobbeltbaand-sort-tape\/","title":{"rendered":"110-750 B\u00e6rbar Antenne, Dobbeltb\u00e5nd, Sort Tape"},"content":{"rendered":"","protected":false},"excerpt":{"rendered":"<p>B\u00e6rbar antenne, dobbeltb\u00e5nd, sort b\u00e5nd, 121,5 og 406 MHz<\/p>\n","protected":false},"featured_media":154831,"template":"","meta":{"_acf_changed":false,"om_disable_all_campaigns":false},"product_brand":[],"product_cat":[6283],"product_tag":[10584,10131,10412,10416,10418,10415,10127,10145,10129,10137,10135,10143,10139,10588,10141,10125,10587,10582,10586,10589],"class_list":{"0":"post-154822","1":"product","2":"type-product","3":"status-publish","4":"has-post-thumbnail","6":"product_cat-ukategoriseret","7":"product_tag-110-750-da","8":"product_tag-121-243-antenne-da","9":"product_tag-121-406-antenne-da","10":"product_tag-406-antenneblad-da","11":"product_tag-406-antennepisk-da","12":"product_tag-406-antennestang-da","13":"product_tag-antenne-tri-band-da","14":"product_tag-bladantenne-elt-da","15":"product_tag-dobbeltfrekvensantenne","16":"product_tag-elt-stangantenne-da","17":"product_tag-elt-bladantenne-da","18":"product_tag-piskantenne-elt-da","19":"product_tag-piskeantenne-da","20":"product_tag-pn110-750-da","21":"product_tag-rode-antenne-elt-da","22":"product_tag-tri-bands-antenne","23":"product_tag-varenr-110-750","24":"product_tag-varenummer-110-750-da","25":"product_tag-varenummer-110-750-da-2","26":"product_tag-varenummer-110-750-da-3","28":"first","29":"instock","30":"taxable","31":"shipping-taxable","32":"product-type-simple"},"acf":[],"_links":{"self":[{"href":"https:\/\/www.acrartex.com\/da\/wp-json\/wp\/v2\/product\/154822","targetHints":{"allow":["GET"]}}],"collection":[{"href":"https:\/\/www.acrartex.com\/da\/wp-json\/wp\/v2\/product"}],"about":[{"href":"https:\/\/www.acrartex.com\/da\/wp-json\/wp\/v2\/types\/product"}],"wp:featuredmedia":[{"embeddable":true,"href":"https:\/\/www.acrartex.com\/da\/wp-json\/wp\/v2\/media\/154831"}],"wp:attachment":[{"href":"https:\/\/www.acrartex.com\/da\/wp-json\/wp\/v2\/media?parent=154822"}],"wp:term":[{"taxonomy":"product_brand","embeddable":true,"href":"https:\/\/www.acrartex.com\/da\/wp-json\/wp\/v2\/product_brand?post=154822"},{"taxonomy":"product_cat","embeddable":true,"href":"https:\/\/www.acrartex.com\/da\/wp-json\/wp\/v2\/product_cat?post=154822"},{"taxonomy":"product_tag","embeddable":true,"href":"https:\/\/www.acrartex.com\/da\/wp-json\/wp\/v2\/product_tag?post=154822"}],"curies":[{"name":"wp","href":"https:\/\/api.w.org\/{rel}","templated":true}]}}