{"id":154540,"date":"2021-03-16T08:19:54","date_gmt":"2021-03-16T13:19:54","guid":{"rendered":"https:\/\/www.acrartex.com\/products\/megafon\/"},"modified":"2021-03-16T08:19:54","modified_gmt":"2021-03-16T13:19:54","slug":"megafon","status":"publish","type":"product","link":"https:\/\/www.acrartex.com\/da\/products\/megafon\/","title":{"rendered":"Megafon"},"content":{"rendered":"<p>ACR \/EM-1A, ACR \/EM-2BA og ACR \/EM-1D er designet til at minimere regenerativ akustisk feedback, der resulterer i fl\u00f8jten og andre svingninger af denne art. De har en 90\u00b0 lydprojektionsvinkel for at rette lyden mod personer i deres umiddelbare n\u00e6rhed, s\u00e5vel som i de bageste dele af ethvert fly. Forst\u00e6rkerens frekvensb\u00e5ndpas er valgt til at producere en skarp og klar gengivelse af stemmesignaler. Driftseffektniveauet er ogs\u00e5 tilstr\u00e6kkeligt til at give tilstr\u00e6kkelig lyd under forhold med h\u00f8jt omgivende st\u00f8jniveau uden at v\u00e6re overv\u00e6ldende. Der er lagt s\u00e6rlig v\u00e6gt p\u00e5 den fysiske st\u00f8rrelse, s\u00e5 de kan bruges effektivt i et milj\u00f8 med mange mennesker. Kun tilg\u00e6ngelig gennem Kellstrom Aerospace.     <\/p>\n","protected":false},"excerpt":{"rendered":"<p>ACR EM-1A, EM-2BA og EM-1D b\u00e6rbare sikkerhedsmegafoner er designet til at minimere akustisk feedback, der resulterer i fl\u00f8jten og andre lignende lyde. Hver megafon har en lydprojektionsvinkel p\u00e5 90\u00b0, s\u00e5 personer i megafonens umiddelbare n\u00e6rhed, s\u00e5vel som personer i de bagerste dele af et fly, kan h\u00f8re budskabet. Derudover er forst\u00e6rkerens frekvensb\u00e5ndpas valgt til at producere en skarp og klar gengivelse af stemmesignaler. Der er lagt s\u00e6rlig v\u00e6gt p\u00e5 megafonens fysiske st\u00f8rrelse, s\u00e5 hver model kan bruges effektivt i et milj\u00f8 med mange mennesker.   <\/p>\n<p>&nbsp;<\/p>\n","protected":false},"featured_media":154544,"template":"","meta":{"_acf_changed":false,"om_disable_all_campaigns":false},"product_brand":[],"product_cat":[5923,8539,5592],"product_tag":[9900,9891,9894,9904,9907,9897],"class_list":{"0":"post-154540","1":"product","2":"type-product","3":"status-publish","4":"has-post-thumbnail","6":"product_cat-business-jet-da","7":"product_cat-kommercielle-fly","8":"product_cat-luftfart-da","9":"product_tag-boeing-megafon-da","10":"product_tag-em-1a-da","11":"product_tag-em-1d-da","12":"product_tag-flykabinens-stemme-megafon-da","13":"product_tag-megafon-da","14":"product_tag-megafon-for-kommerciel-luftfart","15":"pa_aircraft-type-mellemstore-jetfly","16":"pa_aircraft-type-passagerfly","17":"pa_aircraft-type-passagerfly-da","18":"pa_product-megafoner-da","20":"first","21":"instock","22":"taxable","23":"shipping-taxable","24":"product-type-simple"},"acf":[],"_links":{"self":[{"href":"https:\/\/www.acrartex.com\/da\/wp-json\/wp\/v2\/product\/154540","targetHints":{"allow":["GET"]}}],"collection":[{"href":"https:\/\/www.acrartex.com\/da\/wp-json\/wp\/v2\/product"}],"about":[{"href":"https:\/\/www.acrartex.com\/da\/wp-json\/wp\/v2\/types\/product"}],"wp:featuredmedia":[{"embeddable":true,"href":"https:\/\/www.acrartex.com\/da\/wp-json\/wp\/v2\/media\/154544"}],"wp:attachment":[{"href":"https:\/\/www.acrartex.com\/da\/wp-json\/wp\/v2\/media?parent=154540"}],"wp:term":[{"taxonomy":"product_brand","embeddable":true,"href":"https:\/\/www.acrartex.com\/da\/wp-json\/wp\/v2\/product_brand?post=154540"},{"taxonomy":"product_cat","embeddable":true,"href":"https:\/\/www.acrartex.com\/da\/wp-json\/wp\/v2\/product_cat?post=154540"},{"taxonomy":"product_tag","embeddable":true,"href":"https:\/\/www.acrartex.com\/da\/wp-json\/wp\/v2\/product_tag?post=154540"}],"curies":[{"name":"wp","href":"https:\/\/api.w.org\/{rel}","templated":true}]}}