{"id":154409,"date":"2021-03-16T08:20:39","date_gmt":"2021-03-16T08:20:39","guid":{"rendered":"https:\/\/www.acrartex.com\/products\/sr203-vhf-haandholdt-overlevelsesradio\/"},"modified":"2026-01-07T14:34:04","modified_gmt":"2026-01-07T19:34:04","slug":"sr203-vhf-haandholdt-overlevelsesradio","status":"publish","type":"product","link":"https:\/\/www.acrartex.com\/da\/products\/sr203-vhf-haandholdt-overlevelsesradio\/","title":{"rendered":"SR203 VHF h\u00e5ndholdt overlevelsesradio"},"content":{"rendered":"<p>Det digitale display og kontrolknapperne er baggrundsbelyste, hvilket g\u00f8r betjeningen nem i omgivelser med svagt lys. N\u00e5r den er aktiveret, indstilles SR203 automatisk til kanal 16 og har en enkelt trykknap p\u00e5 kanal 16 til hurtigt at vende tilbage til n\u00f8dkanalen. Den h\u00e5ndholdte VHF-radio SR203 kan prale af en exceptionel batterilevetid p\u00e5 over 16 timer (@ -20\u00b0C) takket v\u00e6re dens yderst effektive sender, der er designet til at maksimere batterilevetiden. Den innovative batteribeskyttelsestap betyder, at det prim\u00e6re batteri kan fastg\u00f8res permanent til radioen uden frygt for at miste sin opladning. Radioen vil altid v\u00e6re tilg\u00e6ngelig til brug i n\u00f8dsituationer uden at skulle fjerne beskyttelsesm\u00e6rker. Br\u00e6k blot den r\u00f8de beskyttelsestap af, og radioen vil straks v\u00e6re klar til at t\u00e6nde for kanal 16. Til daglig brug tilbyder ACR en genopladelig lithium-polymer-batterimulighed. Den hurtigudl\u00f8selige hurtigoplader er den ideelle l\u00f8sning til at holde batterierne fuldt opladede.       <\/p>\n<ul>\n<li>  Effektiv sender<\/li>\n<li>  Robust design<\/li>\n<li>  Prim\u00e6rt litiumbatteri overg\u00e5r GMDSS-kravene<\/li>\n<li>  Beskyttende batteriflig<\/li>\n<li>  Ikke-farlige batterier<\/li>\n<li>  16 timers typisk driftslevetid<\/li>\n<li>  Valgfrit genopladeligt batteris\u00e6t<\/li>\n<li>  Laser\u00e6tsede kontrolknapper<\/li>\n<li>  H\u00f8jkontrast\/baggrundsbelyst digitalt display og tastatur<\/li>\n<li>  21 kanaler<\/li>\n<\/ul>\n","protected":false},"excerpt":{"rendered":"<p>SR203 VHF h\u00e5ndholdt overlevelsesradio er en FCC-godkendt enhed, der er bygget til alle maritime applikationer. Dens digitale display og kontrolknapper er baggrundsbelyste, hvilket g\u00f8r enheden nem at betjene i m\u00f8rke omgivelser. Hvis du har brug for hj\u00e6lp, er SR203 VHF nem at bruge. N\u00e5r den er aktiveret, indstiller denne overlevelsesradio automatisk til n\u00f8dkanal 16 og har en enkelt trykknap, s\u00e5 du hurtigt kan sende din n\u00f8dbesked. SR203 VHF har en batterilevetid p\u00e5 over 16 timer og opfylder alle IMO&#8217;s krav.    <\/p>\n<p>&nbsp;<\/p>\n<p><strong>Dette produkt er ikke tilg\u00e6ngeligt til kommercielt salg.<\/strong><\/p>\n<p>&nbsp;<\/p>\n","protected":false},"featured_media":154413,"template":"","meta":{"_acf_changed":false,"om_disable_all_campaigns":false},"product_brand":[],"product_cat":[5911,5668,5909],"product_tag":[9701,9711,9709,9713,9707,9703,9691,9699,9693,9705,9692,9695,9715,9697],"class_list":{"0":"post-154409","1":"product","2":"type-product","3":"status-publish","4":"has-post-thumbnail","6":"product_cat-kommerciel","7":"product_cat-marine-da","8":"product_cat-ud-for-kysten","9":"product_tag-anmeldelser-af-marine-vhf-radioer","10":"product_tag-gmdss-overlevelsesradio","11":"product_tag-gmdss-vhf-radio-da","12":"product_tag-gmdss-godkendt-radio","13":"product_tag-handholdt-marin-vhf-radio","14":"product_tag-handholdt-vhf-radio","15":"product_tag-marin-vhf-radio","16":"product_tag-marine-vhf-radioantenne","17":"product_tag-marine-vhf-radioer","18":"product_tag-marine-vhf-radioer-til-salg","19":"product_tag-vhf-marineradio","20":"product_tag-vhf-radio-da","21":"product_tag-vhf-radio-gmdss-da","22":"product_tag-vhf-radioer","23":"pa_boat-size-80-da","24":"pa_boat-type-charter-yacht-da","25":"pa_boat-type-fragtskib","26":"pa_boat-type-kommercielt-fiskeri","27":"pa_boat-type-sejlbad","28":"pa_boat-type-slaebebad","29":"pa_boat-type-yacht-da","30":"pa_product-rescue-beacons-vhf-sart-da","32":"first","33":"instock","34":"taxable","35":"shipping-taxable","36":"product-type-simple"},"acf":[],"_links":{"self":[{"href":"https:\/\/www.acrartex.com\/da\/wp-json\/wp\/v2\/product\/154409","targetHints":{"allow":["GET"]}}],"collection":[{"href":"https:\/\/www.acrartex.com\/da\/wp-json\/wp\/v2\/product"}],"about":[{"href":"https:\/\/www.acrartex.com\/da\/wp-json\/wp\/v2\/types\/product"}],"wp:featuredmedia":[{"embeddable":true,"href":"https:\/\/www.acrartex.com\/da\/wp-json\/wp\/v2\/media\/154413"}],"wp:attachment":[{"href":"https:\/\/www.acrartex.com\/da\/wp-json\/wp\/v2\/media?parent=154409"}],"wp:term":[{"taxonomy":"product_brand","embeddable":true,"href":"https:\/\/www.acrartex.com\/da\/wp-json\/wp\/v2\/product_brand?post=154409"},{"taxonomy":"product_cat","embeddable":true,"href":"https:\/\/www.acrartex.com\/da\/wp-json\/wp\/v2\/product_cat?post=154409"},{"taxonomy":"product_tag","embeddable":true,"href":"https:\/\/www.acrartex.com\/da\/wp-json\/wp\/v2\/product_tag?post=154409"}],"curies":[{"name":"wp","href":"https:\/\/api.w.org\/{rel}","templated":true}]}}