{"id":154344,"date":"2021-03-16T08:21:28","date_gmt":"2021-03-16T13:21:28","guid":{"rendered":"https:\/\/www.acrartex.com\/products\/aislink-cb1\/"},"modified":"2021-03-16T08:21:28","modified_gmt":"2021-03-16T13:21:28","slug":"aislink-cb1","status":"publish","type":"product","link":"https:\/\/www.acrartex.com\/da\/products\/aislink-cb1\/","title":{"rendered":"AISLink CB1"},"content":{"rendered":"<p><strong>Funktioner:<\/strong><\/p>\n<ul>\n<li>Intern GPS antenne<\/li>\n<li>Godkendt verden over<\/li>\n<li>Lavt str\u00f8mforbrug<\/li>\n<li>Nem installation<\/li>\n<li>Lydl\u00f8s tilstand<\/li>\n<li>Flere gr\u00e6nseflader<\/li>\n<li>Vandt\u00e6t (IPx7)<\/li>\n<li>Standardfrekvenser: AIS 1 \u2013 161,975 MHz, AIS 2 \u2013 162,025 MHz<\/li>\n<\/ul>\n<p>ACR AISLink CB1 AIS er godkendt verden over og er en ekstremt p\u00e5lidelig transceiver, der inkorporerer en r\u00e6kke praktiske brugerfunktioner. Med en intern GPS antenne, hvilket g\u00f8r en ekstern antenne valgfri, kan brugerne spare tid p\u00e5 installationen og samtidig spare plads. Yderligere designfunktioner, der tilbyder yderligere bekvemmelighed, inkluderer et lille, robust og vandt\u00e6t (IPx7-certificeret) design med lavt str\u00f8mforbrug.  <\/p>\n<p>AISLink CB1 har ogs\u00e5 NMEA0183- og NMEA2000-dataoutput, der muligg\u00f8r problemfri interaktion med navigationssystemer. Muligheden for at s\u00e6tte transceiveren i lydl\u00f8s tilstand giver ogs\u00e5 b\u00e5de privatliv og sikkerhed, da dette giver brugerne mulighed for at sl\u00e5 transmissionen af \u200b\u200bidentificerende oplysninger fra, mens de stadig kan se transmissioner fra andre fart\u00f8jer med AIS . <\/p>\n<p>&nbsp;<\/p>\n<p><a href=\"https:\/\/www.youtube.com\/watch?v=Q9f4lPY1wCg&amp;feature=youtu.be\" target=\"_blank\" rel=\"noopener\">Klik her for at se ACR AISLink CB1 hurtiginstallationsvideo<\/a><\/p>\n","protected":false},"excerpt":{"rendered":"<p>Dette produkt er udg\u00e5et og er ikke l\u00e6ngere tilg\u00e6ngeligt for salg. Den nye <a href=\"https:\/\/www.acrartex.com\/products\/automatic-identification-system-aislink-cb2\/\">AISLink CB2 Klasse B+ er nu tilg\u00e6ngelig, l\u00e6s mere<\/a> . <\/p>\n<p>St\u00f8ttedokumenter til AISLink CB1 er tilg\u00e6ngelige under fanen Downloads.<\/p>\n<p><span style=\"color: #3366ff;\"><strong>Dette produkt er udg\u00e5et.<\/strong><\/span><\/p>\n<p>&nbsp;<\/p>\n<p>&nbsp;<\/p>\n","protected":false},"featured_media":154345,"template":"","meta":{"_acf_changed":false,"om_disable_all_campaigns":false},"product_brand":[],"product_cat":[5668,6283],"product_tag":[9613,9614,9612,9616,9615],"class_list":{"0":"post-154344","1":"product","2":"type-product","3":"status-publish","4":"has-post-thumbnail","6":"product_cat-marine-da","7":"product_cat-ukategoriseret","8":"product_tag-ais-da","9":"product_tag-ais-klasse-b-da","10":"product_tag-aislink-da","11":"product_tag-aislink-klasse-b-da","12":"product_tag-klasse-b-da","13":"pa_product-arv-da","15":"first","16":"outofstock","17":"product-type-simple"},"acf":[],"_links":{"self":[{"href":"https:\/\/www.acrartex.com\/da\/wp-json\/wp\/v2\/product\/154344","targetHints":{"allow":["GET"]}}],"collection":[{"href":"https:\/\/www.acrartex.com\/da\/wp-json\/wp\/v2\/product"}],"about":[{"href":"https:\/\/www.acrartex.com\/da\/wp-json\/wp\/v2\/types\/product"}],"wp:featuredmedia":[{"embeddable":true,"href":"https:\/\/www.acrartex.com\/da\/wp-json\/wp\/v2\/media\/154345"}],"wp:attachment":[{"href":"https:\/\/www.acrartex.com\/da\/wp-json\/wp\/v2\/media?parent=154344"}],"wp:term":[{"taxonomy":"product_brand","embeddable":true,"href":"https:\/\/www.acrartex.com\/da\/wp-json\/wp\/v2\/product_brand?post=154344"},{"taxonomy":"product_cat","embeddable":true,"href":"https:\/\/www.acrartex.com\/da\/wp-json\/wp\/v2\/product_cat?post=154344"},{"taxonomy":"product_tag","embeddable":true,"href":"https:\/\/www.acrartex.com\/da\/wp-json\/wp\/v2\/product_tag?post=154344"}],"curies":[{"name":"wp","href":"https:\/\/api.w.org\/{rel}","templated":true}]}}