{"id":154328,"date":"2021-03-16T08:21:43","date_gmt":"2021-03-16T13:21:43","guid":{"rendered":"https:\/\/www.acrartex.com\/products\/hydrofix-hru\/"},"modified":"2025-11-26T03:34:06","modified_gmt":"2025-11-26T08:34:06","slug":"hydrofix-hru","status":"publish","type":"product","link":"https:\/\/www.acrartex.com\/da\/products\/hydrofix-hru\/","title":{"rendered":"HydroFix \u2122 HRU"},"content":{"rendered":"<p>Et patenteret stangsystem er ikke afh\u00e6ngigt af et batteri, en kniv eller en pyroteknisk anordning for at udl\u00f8se fyret. Denne fordel muligg\u00f8r en hurtig, problemfri og p\u00e5lidelig udl\u00f8sning i en n\u00f8dsituation. <\/p>\n<p>Bem\u00e6rk, at dette er et datostemplet produkt og skal udskiftes hvert 2. \u00e5r fra installationsdatoen eller 4. \u00e5r fra produktionsdatoen.<\/p>\n<ul>\n<li>Let udskiftelig<\/li>\n<li>100% fabrikstestet<\/li>\n<li>Patentnummer: 7.435.148<\/li>\n<\/ul>\n","protected":false},"excerpt":{"rendered":"<p>HydroFix \u2122 hydrostatisk udl\u00f8serenhed (HRU) er et patenteret stangsystem, der g\u00f8r det muligt hurtigt og p\u00e5lideligt at frig\u00f8re en fyr fra et kategori I-beslag, n\u00e5r den er neds\u00e6nket i vand mellem 1,5-4 meter (4,9-13,1 fod). Denne enhed er designet til at fungere med beslagene til Sea Shelter \u2122, Sea Shelter \u21222, Sea Shelter \u21223 og Sea Shelter \u21224. <\/p>\n<p>&nbsp;<\/p>\n<h4><span style=\"color: #ff0000;\"><strong>Stolt fremstillet i USA!<\/strong><\/span><\/h4>\n","protected":false},"featured_media":164497,"template":"","meta":{"_acf_changed":false,"om_disable_all_campaigns":false},"product_brand":[],"product_cat":[5905,5911,5668,5907,6621,5909],"product_tag":[9590,7061,9583,8193,9585,9584,9582,9581,9580,9586,9587,9588,9589,8195],"class_list":{"0":"post-154328","1":"product","2":"type-product","3":"status-publish","4":"has-post-thumbnail","6":"product_cat-indre","7":"product_cat-kommerciel","8":"product_cat-marine-da","9":"product_cat-naer-kysten-da","10":"product_cat-sikkerhedstilbehor","11":"product_cat-ud-for-kysten","12":"product_tag-automatisk-implementering-epirb","13":"product_tag-cospas-sarsat-da","14":"product_tag-epirb-hydrostatisk-frigivelse","15":"product_tag-epirb-monteret-pa-skot","16":"product_tag-hammar-h20-da","17":"product_tag-hammar-h20-hydrostatisk-udloser","18":"product_tag-hammar-hydrostatisk-frigivelse","19":"product_tag-hydrofix-da","20":"product_tag-hydrostatisk-frigivelse","21":"product_tag-hydrostatisk-frigivelse-for-epirb","22":"product_tag-hydrostatisk-frigivelse-for-epirobs","23":"product_tag-hydrostatisk-udlosningsenhed","24":"product_tag-kategori-1-epirb-da-2","25":"product_tag-lavprofilbeslag-til-epirb","26":"pa_boat-size-0-20-da","27":"pa_boat-size-21-40-da","28":"pa_boat-size-40-80-da","29":"pa_boat-size-80-da","30":"pa_boat-type-charter-yacht-da","31":"pa_boat-type-fragtskib","32":"pa_boat-type-kommercielt-fiskeri","33":"pa_boat-type-motorbad","34":"pa_boat-type-sejlbad","35":"pa_boat-type-slaebebad","36":"pa_boat-type-sportcraft-da","37":"pa_boat-type-yacht-da","38":"pa_product-rescue-beacons-da","39":"pa_product-rescue-beacons-vhf-sart-da","40":"pa_product-sikkerhedstilbehor","42":"first","43":"instock","44":"taxable","45":"shipping-taxable","46":"purchasable","47":"product-type-simple"},"acf":[],"_links":{"self":[{"href":"https:\/\/www.acrartex.com\/da\/wp-json\/wp\/v2\/product\/154328","targetHints":{"allow":["GET"]}}],"collection":[{"href":"https:\/\/www.acrartex.com\/da\/wp-json\/wp\/v2\/product"}],"about":[{"href":"https:\/\/www.acrartex.com\/da\/wp-json\/wp\/v2\/types\/product"}],"wp:featuredmedia":[{"embeddable":true,"href":"https:\/\/www.acrartex.com\/da\/wp-json\/wp\/v2\/media\/164497"}],"wp:attachment":[{"href":"https:\/\/www.acrartex.com\/da\/wp-json\/wp\/v2\/media?parent=154328"}],"wp:term":[{"taxonomy":"product_brand","embeddable":true,"href":"https:\/\/www.acrartex.com\/da\/wp-json\/wp\/v2\/product_brand?post=154328"},{"taxonomy":"product_cat","embeddable":true,"href":"https:\/\/www.acrartex.com\/da\/wp-json\/wp\/v2\/product_cat?post=154328"},{"taxonomy":"product_tag","embeddable":true,"href":"https:\/\/www.acrartex.com\/da\/wp-json\/wp\/v2\/product_tag?post=154328"}],"curies":[{"name":"wp","href":"https:\/\/api.w.org\/{rel}","templated":true}]}}