{"id":154281,"date":"2021-03-16T08:21:51","date_gmt":"2021-03-16T13:21:51","guid":{"rendered":"https:\/\/www.acrartex.com\/products\/globalfix-pro-epirb\/"},"modified":"2021-03-16T08:21:51","modified_gmt":"2021-03-16T13:21:51","slug":"globalfix-pro-epirb","status":"publish","type":"product","link":"https:\/\/www.acrartex.com\/da\/products\/globalfix-pro-epirb\/","title":{"rendered":"GlobalFix \u2122 PRO EPIRB"},"content":{"rendered":"<p><a href=\"https:\/\/www.acrartex.com\/products\/globalfix-v5-ais-epirb\/\"><b><i>View tilg\u00e6ngelige produktopgraderinger<\/i><\/b><\/a><\/p>\n<p>GlobalFix \u2122 PRO udsender et unikt registreret n\u00f8dsignal, der ikke kun fort\u00e6ller redningsmandskabet, hvor du er, men ogs\u00e5 hvem du er. Den indbyggede GPS t\u00e6nder automatisk og registrerer din position ved aktivering og bruger derefter et kraftigt 406 MHz-signal til at videresende dit n\u00f8dopkald til satellitter i kredsl\u00f8b. N\u00e5r lokal efters\u00f8gning og redning inds\u00e6ttes, guider et separat m\u00e5ls\u00f8gende signal og integreret LED-strobelys redningsmandskabet til din n\u00f8jagtige placering.  <\/p>\n<p>&nbsp;<\/p>\n<p>GlobalFix \u2122 PRO er lille og robust og leveres med over 53 \u00e5rs livreddende teknologi indbygget i hver enkelt. Ved at udf\u00f8re en fuld funktionel selvtest af GlobalFix \u2122 PRO&#8217;s interne kredsl\u00f8b, batterisp\u00e6nding og -str\u00f8m samt 406 MHz transmission f\u00e5r du ro i sindet, velvidende at din EPIRB vil fungere, n\u00e5r du har mest brug for den. ACR Eksklusivt: Indbygget GPS optagelsestesttilstand giver dig mulighed for at teste den interne GPS modtager for at sikre, at den fungerer korrekt.  <\/p>\n<p>&nbsp;<\/p>\n<p>Benyt dig af den samme, felttestede redningsteknologi, der anvendes af det amerikanske milit\u00e6r, kystvagten, NATO, specialstyrker og arktiske opdagelsesrejsende.<\/p>\n<p>&nbsp;<\/p>\n<p>GlobalFix \u2122 PRO tilbyder det allernyeste inden for elektronisk livreddende teknologi til skibsfart:<\/p>\n<ul>\n<li>Meget synlig LED-strobe \u2013 Energieffektiv<\/li>\n<li>Intern 66-kanals GPS \u2013 Hurtig koldstart<\/li>\n<li>H\u00f8j effektivitet \u2013 Ydeevne du kan regne med<\/li>\n<li>Ufarlige batterier \u2013 Ingen problemer med forsendelse<\/li>\n<li>Professionelt design \u2013 Konstrueret, testet og bygget til mange \u00e5rs h\u00e5rd brug i havet<\/li>\n<li>Ergonomisk, kompakt design; Den mindste, funktionsrige EPIRB p\u00e5 markedet<\/li>\n<\/ul>\n<p>&nbsp;<\/p>\n<p>Hvis du bruger den &#8230; erstatter vi den <a href=\"http:\/\/www.survivorclub.com\/\">gratis<\/a> . Du skal blot indsende din historie, sende os din brugte beacon tilbage, s\u00e5 vi kan f\u00e5 den monteret p\u00e5 vores Wall of Fame, og vi sender dig en helt ny beacon af samme eller h\u00f8jere v\u00e6rdi. <\/p>\n","protected":false},"excerpt":{"rendered":"<p>#V\u00e6rSikkerDerUde med GlobalFix \u2122 PRO Emergency Positionsindikator Radio Beacon ( EPIRB ). Denne radiosender er udstyret med en intern GPS , der hurtigt og pr\u00e6cist videresender din position til et verdensomsp\u00e6ndende netv\u00e6rk af efters\u00f8gnings- og redningssatellitter, hvis du skulle st\u00f8de p\u00e5 en n\u00f8dsituation med en b\u00e5d. F\u00e5 ro i sindet hver gang du sejler offshore, velvidende at GlobalFix PRO EPIRB konsekvent fjerner &#8216;s\u00f8gningen&#8217; fra &#8216;efters\u00f8gning og redning&#8217;.  <\/p>\n<p><span style=\"color: #3366ff;\"><strong>Dette produkt er blevet opgraderet. <a href=\"https:\/\/www.acrartex.com\/products\/globalfix-v5-ais-epirb\/\">Klik her<\/a> for at se tilg\u00e6ngelige produktopgraderinger<\/strong><\/span><\/p>\n<p>&nbsp;<\/p>\n","protected":false},"featured_media":154282,"template":"","meta":{"_acf_changed":false,"om_disable_all_campaigns":false},"product_brand":[],"product_cat":[5668],"product_tag":[9504,9506,9502,5670,6352,5682,5676,9498,9282,5672,9496,9500],"class_list":{"0":"post-154281","1":"product","2":"type-product","3":"status-publish","4":"has-post-thumbnail","6":"product_cat-marine-da","7":"product_tag-2842-da","8":"product_tag-2844-da","9":"product_tag-acr-globalfix-pro-da","10":"product_tag-epirb-da","11":"product_tag-fyrtarn-da","12":"product_tag-global-losning-da","13":"product_tag-globalfix-da","14":"product_tag-globalfix-pro-da","15":"product_tag-nodpositionsindikerende-radiofyr","16":"product_tag-nodsignal-da","17":"product_tag-professionel","18":"product_tag-rlb-37-da","19":"pa_product-arv-da","21":"first","22":"outofstock","23":"taxable","24":"shipping-taxable","25":"product-type-variable"},"acf":[],"_links":{"self":[{"href":"https:\/\/www.acrartex.com\/da\/wp-json\/wp\/v2\/product\/154281","targetHints":{"allow":["GET"]}}],"collection":[{"href":"https:\/\/www.acrartex.com\/da\/wp-json\/wp\/v2\/product"}],"about":[{"href":"https:\/\/www.acrartex.com\/da\/wp-json\/wp\/v2\/types\/product"}],"wp:featuredmedia":[{"embeddable":true,"href":"https:\/\/www.acrartex.com\/da\/wp-json\/wp\/v2\/media\/154282"}],"wp:attachment":[{"href":"https:\/\/www.acrartex.com\/da\/wp-json\/wp\/v2\/media?parent=154281"}],"wp:term":[{"taxonomy":"product_brand","embeddable":true,"href":"https:\/\/www.acrartex.com\/da\/wp-json\/wp\/v2\/product_brand?post=154281"},{"taxonomy":"product_cat","embeddable":true,"href":"https:\/\/www.acrartex.com\/da\/wp-json\/wp\/v2\/product_cat?post=154281"},{"taxonomy":"product_tag","embeddable":true,"href":"https:\/\/www.acrartex.com\/da\/wp-json\/wp\/v2\/product_tag?post=154281"}],"curies":[{"name":"wp","href":"https:\/\/api.w.org\/{rel}","templated":true}]}}