{"id":154134,"date":"2021-03-16T08:12:46","date_gmt":"2021-03-16T13:12:46","guid":{"rendered":"https:\/\/www.acrartex.com\/products\/lowpro3-cat-ii-epirb-beslag\/"},"modified":"2021-03-16T08:12:46","modified_gmt":"2021-03-16T13:12:46","slug":"lowpro3-cat-ii-epirb-beslag","status":"publish","type":"product","link":"https:\/\/www.acrartex.com\/da\/products\/lowpro3-cat-ii-epirb-beslag\/","title":{"rendered":"LowPro\u21223 Cat II EPIRB -beslag"},"content":{"rendered":"<ul>\n<li>Envejsmontering eliminerer muligheden for at installere EPIRB bagl\u00e6ns<\/li>\n<li>Integreret deaktiveringsmagnet forhindrer EPIRB i at sende, indtil den er udl\u00f8st.<\/li>\n<li>Todelt design g\u00f8r det muligt at afmontere deaktiveringsmagneten fra beslaget til opbevaring p\u00e5 EPIRB i en gr\u00f8ftepose for at forhindre falske alarmer.<\/li>\n<\/ul>\n<p>Fungerer med GlobalFix \u2122 iPRO (RLB-36), GlobalFix \u2122 PRO (RLB-37), SATELLITE 3 406\u2122 (RLB-38)<\/p>\n","protected":false},"excerpt":{"rendered":"<p>LowPro\u21223 er lavet af et materiale med h\u00f8j densitet, der opbevarer din GlobalFix \u2122 iPRO\/PRO sikkert, selv efter mange \u00e5rs eventyr.<\/p>\n<p> Denne EPIRB beslag fungerer med f\u00f8lgende produkter:<\/p>\n<p> \u2022 GlobalFix \u2122 iPRO<\/p>\n<p> \u2022 GlobalFix \u2122 PRO<\/p>\n<p> \u2022 SATELLIT 3 406\u2122<\/p>\n<p>&nbsp;<\/p>\n<p>&nbsp;<\/p>\n","protected":false},"featured_media":154135,"template":"","meta":{"_acf_changed":false,"om_disable_all_campaigns":false},"product_brand":[],"product_cat":[5905,5911,5668,5907,5909],"product_tag":[9380,9381,9382,8153,8154,5670,5682,5676,9383,9385,9386,9384,5750],"class_list":{"0":"post-154134","1":"product","2":"type-product","3":"status-publish","4":"has-post-thumbnail","6":"product_cat-indre","7":"product_cat-kommerciel","8":"product_cat-marine-da","9":"product_cat-naer-kysten-da","10":"product_cat-ud-for-kysten","11":"product_tag-406-epirb-da","12":"product_tag-acr-globalfix-da","13":"product_tag-acr-globalfix-406-da","14":"product_tag-akr-da","15":"product_tag-artex-da","16":"product_tag-epirb-da","17":"product_tag-global-losning-da","18":"product_tag-globalfix-da","19":"product_tag-globalfix-406-epirb-da","20":"product_tag-kategori-ii-da","21":"product_tag-lav-pro","22":"product_tag-lowpro-3-da","23":"product_tag-personlig-lokaliseringsfyr-da","24":"pa_boat-size-0-20-da","25":"pa_boat-size-21-40-da","26":"pa_boat-size-40-80-da","27":"pa_boat-size-80-da","28":"pa_boat-type-charter-yacht-da","29":"pa_boat-type-fragtskib","30":"pa_boat-type-kommercielt-fiskeri","31":"pa_boat-type-motorbad","32":"pa_boat-type-sejlbad","33":"pa_boat-type-slaebebad","34":"pa_boat-type-sportcraft-da","35":"pa_boat-type-yacht-da","36":"pa_product-arv-da","37":"pa_product-rescue-beacons-da","38":"pa_product-rescue-beacons-vhf-sart-da","39":"pa_product-sikkerhedstilbehor","41":"first","42":"instock","43":"taxable","44":"shipping-taxable","45":"product-type-simple"},"acf":[],"_links":{"self":[{"href":"https:\/\/www.acrartex.com\/da\/wp-json\/wp\/v2\/product\/154134","targetHints":{"allow":["GET"]}}],"collection":[{"href":"https:\/\/www.acrartex.com\/da\/wp-json\/wp\/v2\/product"}],"about":[{"href":"https:\/\/www.acrartex.com\/da\/wp-json\/wp\/v2\/types\/product"}],"wp:featuredmedia":[{"embeddable":true,"href":"https:\/\/www.acrartex.com\/da\/wp-json\/wp\/v2\/media\/154135"}],"wp:attachment":[{"href":"https:\/\/www.acrartex.com\/da\/wp-json\/wp\/v2\/media?parent=154134"}],"wp:term":[{"taxonomy":"product_brand","embeddable":true,"href":"https:\/\/www.acrartex.com\/da\/wp-json\/wp\/v2\/product_brand?post=154134"},{"taxonomy":"product_cat","embeddable":true,"href":"https:\/\/www.acrartex.com\/da\/wp-json\/wp\/v2\/product_cat?post=154134"},{"taxonomy":"product_tag","embeddable":true,"href":"https:\/\/www.acrartex.com\/da\/wp-json\/wp\/v2\/product_tag?post=154134"}],"curies":[{"name":"wp","href":"https:\/\/api.w.org\/{rel}","templated":true}]}}