{"id":153548,"date":"2021-03-16T08:09:00","date_gmt":"2021-03-16T13:09:00","guid":{"rendered":"https:\/\/www.acrartex.com\/products\/elt-345\/"},"modified":"2021-03-16T08:09:00","modified_gmt":"2021-03-16T13:09:00","slug":"elt-345","status":"publish","type":"product","link":"https:\/\/www.acrartex.com\/da\/products\/elt-345\/","title":{"rendered":"ELT 345"},"content":{"rendered":"<p><span style=\"font-size: 10pt;\">ARTEX ELT 345 kan aktiveres manuelt (via cockpitfjernbetjening eller ELT kontakt) eller automatisk (G-Switch registrerer et 2,3G eller st\u00f8rre sammenst\u00f8d) og sender et unikt digitalt signal p\u00e5 406 MHz n\u00f8dfrekvensen, der advarer den n\u00e6rmeste efters\u00f8gnings- og redningstjeneste om din n\u00f8dsituation. 406 MHz-signalet, der indeholder dine GPS koordinater, transmitteres til Cospas-Sarsat -satellitterne og videresendes til Mission Control Center, hvor det straks dirigeres til den n\u00e6rmeste efters\u00f8gnings- og redningstjeneste. Registreringen af \u200b\u200bdin beacon fort\u00e6ller f\u00f8rstehj\u00e6lpere, <b><u>hvem<\/u><\/b> du er, og selve beaconen fort\u00e6ller dem, <b><u>hvor<\/u><\/b> du er inden for 100 meter. Endelig hj\u00e6lper det lokale 121,5 MHz-m\u00e5ls\u00f8gende signal efters\u00f8gnings- og redningstjenester med at identificere din n\u00f8jagtige placering.   <\/span><\/p>\n<p>&nbsp;<\/p>\n<p style=\"margin: 0in 0in 0.0001pt;\"><span style=\"font-size: 10pt;\"><b>Nem installation<\/b><br \/>\n<\/span><\/p>\n<p>&nbsp;<\/p>\n<p style=\"margin: 0in 0in 0.0001pt;\"><span style=\"font-size: 10pt;\">ARTEX ELT 345 tilbyder en hurtig og nem eftermonteringsmulighed med fleksible installationsmuligheder, s\u00e5som vores standard eller slanke to-tr\u00e5ds fjernbetjening, der ikke kr\u00e6ver flystr\u00f8m. ELT 345 bruger den samme RF-udgang med kun \u00e9t koaksialkabel til at transmittere b\u00e5de 406 MHz og 121,5 MHz signaler gennem enten vores 15- eller 23-tommer whip-antenner. Den indbyggede navigationsgr\u00e6nseflade kr\u00e6ver ikke flystr\u00f8m for at fungere, hvilket reducerer installationsomkostningerne betydeligt. Monteringsbeslaget i rustfrit st\u00e5l har en flerhulsm\u00f8nsterkonfiguration, der g\u00f8r udskiftning af \u00e6ldre ARTEX ELT&#8217;er eller ACK-, Kannad- og AmeriKing ELT&#8217;er hurtig og nem.   <\/span><\/p>\n<p>&nbsp;<\/p>\n<p style=\"margin: 0in 0in 0.0001pt;\"><span style=\"font-size: 10pt;\"><b>ELT 345-s\u00e6t<\/b><\/span><\/p>\n<p>&nbsp;<\/p>\n<p style=\"margin: 0in 0in 0.0001pt;\"><span style=\"font-size: 10pt;\">Der er nu tre omfattende s\u00e6t tilg\u00e6ngelige, der giver brugerne adgang til ELT 345, verdens mest popul\u00e6re ELT . Hver mulighed inkluderer en 2-tr\u00e5ds fjernbetjening, koaksialkabel, antenne og ELT installationss\u00e6t.  Den prim\u00e6re forskel mellem s\u00e6tene vedr\u00f8rer antenne- og\/eller kontaktudvalget. Vores mest \u00f8konomiske mulighed (varenummer 8102) leveres med vores standard sorte whip-antenne og standard 2-tr\u00e5ds fjernbetjening. De to andre s\u00e6t inkluderer en antenne med lavere profil med en sort whip-antenne designet til installationer, hvor en kortere formfaktor er p\u00e5kr\u00e6vet. Endelig, mens 8102- og 8107-s\u00e6t inkluderer standard 2-tr\u00e5ds fjernbetjening, har 8108-s\u00e6ttet en ny slank profilkontakt. Den nye slanke kontakt er perfekt til ACK- og Ameri-King ELT eftermonteringer, da den ikke kr\u00e6ver nogen \u00e6ndring af udsk\u00e6ringen i kontaktpanelet, n\u00e5r en \u00e6ldre telefonledningskontakt udskiftes. Som en ekstra fordel kr\u00e6ver den slanke kontakt ingen batterier og fungerer ved hj\u00e6lp af 2-tr\u00e5ds tilslutning for p\u00e5lidelig betjening af cockpitpanelet.     <\/span><\/p>\n<p>&nbsp;<\/p>\n<table class=\"Table\" style=\"border-collapse: collapse; border: solid windowtext 1.0pt;\">\n<tbody>\n<tr>\n<td style=\"border: solid windowtext 1.0pt; background: black; width: 99.9pt; padding: 0in 5.4pt 0in 5.4pt;\" width=\"133\">\n<p style=\"margin: 0in 0in 0.0001pt;\"><span style=\"font-size: 10pt;\">ARTEX <span style=\"color: white;\">varenummer<\/span><\/span><\/p>\n<\/td>\n<td style=\"border: solid windowtext 1.0pt; background: black; width: 120.4pt; border-left: none; padding: 0in 5.4pt 0in 5.4pt;\" width=\"161\">\n<p style=\"margin: 0in 0in 0.0001pt;\"><span style=\"font-size: 10pt;\"><span style=\"color: white;\">Produktbeskrivelse<\/span><\/span><\/p>\n<\/td>\n<td style=\"border: solid windowtext 1.0pt; background: black; width: 110.15pt; border-left: none; padding: 0in 5.4pt 0in 5.4pt;\" width=\"147\">\n<p style=\"margin: 0in 0in 0.0001pt;\"><span style=\"font-size: 10pt;\"><span style=\"color: white;\">Antenne inkluderet<\/span><\/span><\/p>\n<\/td>\n<td style=\"border: solid windowtext 1.0pt; background: black; width: 110.15pt; border-left: none; padding: 0in 5.4pt 0in 5.4pt;\" width=\"147\">\n<p style=\"margin: 0in 0in 0.0001pt;\"><span style=\"font-size: 10pt;\"><span style=\"color: white;\">Fjernbetjening inkluderet<\/span><\/span><\/p>\n<\/td>\n<\/tr>\n<tr>\n<td style=\"border: solid windowtext 1.0pt; width: 99.9pt; border-top: none; padding: 0in 5.4pt 0in 5.4pt;\" width=\"133\">\n<p style=\"margin: 0in 0in 0.0001pt;\"><span style=\"font-size: 10pt;\">8102 ( <a href=\"https:\/\/www.dropbox.com\/s\/zbhlmu7i6zokav2\/8102D.pdf?dl=1\">pakkeliste<\/a> )<\/span><\/p>\n<\/td>\n<td style=\"border-bottom: solid windowtext 1.0pt; width: 120.4pt; border-top: none; border-left: none; border-right: solid windowtext 1.0pt; padding: 0in 5.4pt 0in 5.4pt;\" width=\"161\">\n<p style=\"margin: 0in 0in 0.0001pt;\"><span style=\"font-size: 10pt;\">ARTEX ELT 345 standards\u00e6t med GA-installationss\u00e6t, sort whip-antenne og standard fjernbetjening<\/span><\/p>\n<\/td>\n<td style=\"border-bottom: solid windowtext 1.0pt; width: 110.15pt; border-top: none; border-left: none; border-right: solid windowtext 1.0pt; padding: 0in 5.4pt 0in 5.4pt;\" width=\"147\">\n<p style=\"margin: 0in 0in 0.0001pt;\"><span style=\"font-size: 10pt;\">23,4\u201d h\u00f8j sort piskeantenne<\/span><\/p>\n<\/td>\n<td style=\"border-bottom: solid windowtext 1.0pt; width: 110.15pt; border-top: none; border-left: none; border-right: solid windowtext 1.0pt; padding: 0in 5.4pt 0in 5.4pt;\" width=\"147\">\n<p style=\"margin: 0in 0in 0.0001pt;\"><span style=\"font-size: 10pt;\">ARTEX Standard 2-tr\u00e5ds fjernbetjening<\/span><br \/>\n <span style=\"font-size: 11pt;\"><span style=\"font-family: Calibri,sans-serif;\">(2,00 x 1,30 tommer)<\/span><\/span><\/p>\n<\/td>\n<\/tr>\n<tr>\n<td style=\"border: solid windowtext 1.0pt; width: 99.9pt; border-top: none; padding: 0in 5.4pt 0in 5.4pt;\" width=\"133\">\n<p style=\"margin: 0in 0in 0.0001pt;\"><span style=\"font-size: 10pt;\">8107 ( <a href=\"https:\/\/www.dropbox.com\/s\/1lrv6abtjdezrdd\/8107B.pdf?dl=1\">pakkeliste<\/a> )<\/span><\/p>\n<\/td>\n<td style=\"border-bottom: solid windowtext 1.0pt; width: 120.4pt; border-top: none; border-left: none; border-right: solid windowtext 1.0pt; padding: 0in 5.4pt 0in 5.4pt;\" width=\"161\">\n<p style=\"margin: 0in 0in 0.0001pt;\"><span style=\"font-size: 10pt;\">ARTEX ELT 345 kompakt s\u00e6t med GA-installationss\u00e6t, kompakt sort whip-antenne og standard fjernbetjening<\/span><\/p>\n<\/td>\n<td style=\"border-bottom: solid windowtext 1.0pt; width: 110.15pt; border-top: none; border-left: none; border-right: solid windowtext 1.0pt; padding: 0in 5.4pt 0in 5.4pt;\" width=\"147\">\n<p style=\"margin: 0in 0in 0.0001pt;\"><span style=\"font-size: 10pt;\">15\u201d h\u00f8j sort piskeantenne<\/span><\/p>\n<\/td>\n<td style=\"border-bottom: solid windowtext 1.0pt; width: 110.15pt; border-top: none; border-left: none; border-right: solid windowtext 1.0pt; padding: 0in 5.4pt 0in 5.4pt;\" width=\"147\">\n<p style=\"margin: 0in 0in 0.0001pt;\"><span style=\"font-size: 10pt;\">ARTEX Standard 2-tr\u00e5ds fjernbetjening<\/span><\/p>\n<p style=\"margin: 0in 0in 0.0001pt;\"><span style=\"font-size: 10pt;\">(2,00 x 1,30 tommer)<\/span><\/p>\n<\/td>\n<\/tr>\n<tr>\n<td style=\"border: solid windowtext 1.0pt; width: 99.9pt; border-top: none; padding: 0in 5.4pt 0in 5.4pt;\" width=\"133\">\n<p style=\"margin: 0in 0in 0.0001pt;\"><span style=\"font-size: 10pt;\">8108 ( <a href=\"https:\/\/www.dropbox.com\/s\/y3uphs2javap1qk\/8108B.pdf?dl=1\">pakkeliste<\/a> )<\/span><\/p>\n<\/td>\n<td style=\"border-bottom: solid windowtext 1.0pt; width: 120.4pt; border-top: none; border-left: none; border-right: solid windowtext 1.0pt; padding: 0in 5.4pt 0in 5.4pt;\" width=\"161\">\n<p style=\"margin: 0in 0in 0.0001pt;\"><span style=\"font-size: 10pt;\">ARTEX ELT 345 Slim Kit med GA installationss\u00e6t, kompakt sort whip-antenne og slank fjernbetjening<\/span><\/p>\n<\/td>\n<td style=\"border-bottom: solid windowtext 1.0pt; width: 110.15pt; border-top: none; border-left: none; border-right: solid windowtext 1.0pt; padding: 0in 5.4pt 0in 5.4pt;\" width=\"147\">\n<p style=\"margin: 0in 0in 0.0001pt;\"><span style=\"font-size: 10pt;\">15\u201d h\u00f8j sort piskeantenne<\/span><\/p>\n<\/td>\n<td style=\"border-bottom: solid windowtext 1.0pt; width: 110.15pt; border-top: none; border-left: none; border-right: solid windowtext 1.0pt; padding: 0in 5.4pt 0in 5.4pt;\" width=\"147\">\n<p style=\"margin: 0in 0in 0.0001pt;\"><span style=\"font-size: 10pt;\">Slimline 2-tr\u00e5ds fjernbetjening<br \/>\n (Passer til ACK og Ameriking)<\/span><\/p>\n<p style=\"margin: 0in 0in 0.0001pt;\"><span style=\"font-size: 10pt;\">(2,08 x 0,75 tommer)<\/span><\/p>\n<\/td>\n<\/tr>\n<\/tbody>\n<\/table>\n<p>&nbsp;<\/p>\n<p>Interesseret i et komplet sikkerheds-overlevelsess\u00e6t? Det nye <a href=\"https:\/\/www.acrartex.com\/fr\/products\/kit-pilote-artex-elt-345\/\">ARTEX ELT 345\u2122 Pilot Kit<\/a> er den perfekte kombination af sikkerheds- og overlevelsesprodukter designet til at holde piloter sikre i en n\u00f8dsituation.  Pilots\u00e6ttet giver piloter \u00e9t praktisk s\u00e6t til at udstyre deres fly med den nyeste 406 MHz Emergency Locator Transmitter ( ELT ) sammen med personligt overlevelsesudstyr for at give et redundant system til at advare efters\u00f8gnings- og redningstjenesten om deres placering.<\/p>\n<p>Dette s\u00e6t indeholder f\u00f8lgende essentielle overlevelsesprodukter:<\/p>\n<ul>\n<li>ELT 345\u2122 (inkluderer antenne, fjernbetjening + installation af hardware)<\/li>\n<li>ResQLink +\u2122 Personal Locator Beacon<\/li>\n<li>C-Light H\u2082O\u2122 N\u00f8dlys<\/li>\n<li>Signalspejl<\/li>\n<li>WW-3 Res-Q\u2122 fl\u00f8jte<\/li>\n<\/ul>\n<p>&nbsp;<\/p>\n<p>Der er en grund til, at ARTEX ELT&#8217;er er det foretrukne valg for flere flyproducenter end nogen anden; de stoler p\u00e5 ARTEX til at bygge produkter af h\u00f8jeste kvalitet, vel vidende at de bruges til at redde liv.<\/p>\n","protected":false},"excerpt":{"rendered":"<p>Stig trygt op i luften med ELT 345. N\u00e5r der opst\u00e5r en n\u00f8dsituation, kan du stole p\u00e5 det samme m\u00e6rke, som f\u00f8rende producenter af kommercielle fly har tillid til for f\u00f8rsteklasses kvalitet, overlegen teknologi og enest\u00e5ende kundeservice. Den bedst s\u00e6lgende ARTEX ELT 345 er bygget efter branchens strengeste kvalitetsstyringsstandarder for at sikre, at ELT fungerer f\u00f8rste gang, hver gang. ARTEX ELT 345 sender p\u00e5 frekvenserne 406 MHz og 121,5 MHz, samtidig med at den giver positionsn\u00f8jagtighed takket v\u00e6re den indbyggede GPS navigationsgr\u00e6nseflade. ELT 345 kan prale af en lav pris i branchen for en ELT , der leverer den samme kvalitet og ydeevne, som ARTEX m\u00e6rket blev bygget p\u00e5.    <\/p>\n<p>&nbsp;<\/p>\n<p><a href=\"https:\/\/www.acrartex.com\/canada-elt-mandate\/\">Klik her for information om det canadiske ELT mandat<\/a><\/p>\n","protected":false},"featured_media":12137,"template":"","meta":{"_acf_changed":false,"om_disable_all_campaigns":false},"product_brand":[],"product_cat":[5921,5592],"product_tag":[8985,8550,8153,8154,5598,9219,5753,5609,8984,5672],"class_list":{"0":"post-153548","1":"product","2":"type-product","3":"status-publish","4":"has-post-thumbnail","6":"product_cat-generel-luftfart","7":"product_cat-luftfart-da","8":"product_tag-121-5-elt-opgradering","9":"product_tag-406-mhz-elt-da","10":"product_tag-akr-da","11":"product_tag-artex-da","12":"product_tag-elt-da","13":"product_tag-elt-345-da","14":"product_tag-gps-da","15":"product_tag-nodlokaliseringssender-da","16":"product_tag-nodlokationssender","17":"product_tag-nodsignal-da","18":"pa_aircraft-type-eksperimentel","19":"pa_aircraft-type-enkelt-motor","20":"pa_aircraft-type-multimotor-da","21":"pa_aircraft-type-turboprop-da","22":"pa_product-elt-losninger-da","24":"first","25":"instock","26":"taxable","27":"shipping-taxable","28":"product-type-simple"},"acf":[],"_links":{"self":[{"href":"https:\/\/www.acrartex.com\/da\/wp-json\/wp\/v2\/product\/153548","targetHints":{"allow":["GET"]}}],"collection":[{"href":"https:\/\/www.acrartex.com\/da\/wp-json\/wp\/v2\/product"}],"about":[{"href":"https:\/\/www.acrartex.com\/da\/wp-json\/wp\/v2\/types\/product"}],"wp:featuredmedia":[{"embeddable":true,"href":"https:\/\/www.acrartex.com\/da\/wp-json\/wp\/v2\/media\/12137"}],"wp:attachment":[{"href":"https:\/\/www.acrartex.com\/da\/wp-json\/wp\/v2\/media?parent=153548"}],"wp:term":[{"taxonomy":"product_brand","embeddable":true,"href":"https:\/\/www.acrartex.com\/da\/wp-json\/wp\/v2\/product_brand?post=153548"},{"taxonomy":"product_cat","embeddable":true,"href":"https:\/\/www.acrartex.com\/da\/wp-json\/wp\/v2\/product_cat?post=153548"},{"taxonomy":"product_tag","embeddable":true,"href":"https:\/\/www.acrartex.com\/da\/wp-json\/wp\/v2\/product_tag?post=153548"}],"curies":[{"name":"wp","href":"https:\/\/api.w.org\/{rel}","templated":true}]}}