{"id":153547,"date":"2021-03-16T08:09:37","date_gmt":"2021-03-16T13:09:37","guid":{"rendered":"https:\/\/www.acrartex.com\/products\/rapidditch-express-taske\/"},"modified":"2025-11-26T03:24:25","modified_gmt":"2025-11-26T08:24:25","slug":"rapidditch-express-taske","status":"publish","type":"product","link":"https:\/\/www.acrartex.com\/da\/products\/rapidditch-express-taske\/","title":{"rendered":"RapidDitch Express-taske"},"content":{"rendered":"<p>Opbevar alle dine vigtige personlige ejendele og overlevelsesudstyr i den nye ACR RapidDitch \u2122 Express-taske til skibsbrug. Dette kompakte og flydende sikkerhedsv\u00e6rkt\u00f8j holder nemt alt dit vigtige sikkerhedsudstyr organiseret og samlet, s\u00e5 det er hurtigt tilg\u00e6ngeligt i en n\u00f8dsituation. Denne robuste taske har alle de lommer, seler og l\u00f8kker, du har brug for, for at have sikkerhedsudstyret klar.  <\/p>\n<p>Med ekstra opdrift kan RapidDitch l\u00f8fte op til 7 kg udstyr, og det nye reflekterende materiale hj\u00e6lper med at blive opdaget af redningstjenester. Det robuste vandafvisende stof og de selvreparerende, korrosionsbestandige lynl\u00e5se kan modst\u00e5 de h\u00e5rdeste elementer. RapidDitch Express g\u00f8r alt dit sikkerhedsudstyr b\u00e6rbart, s\u00e5 du nemt kan transportere alt fra b\u00e5d til b\u00e5d.  <\/p>\n<p>Hold jer samlet og inden for armsl\u00e6ngde af RapidDitch Express med det nye innovative skulderremssystem. Du skal blot l\u00f8sne stropperne, og de kan hurtigt omdannes til to 1,2 meter lange sikkerhedsseler, der er designet til at holde alle forbundet, mens de er i vandet. <\/p>\n","protected":false},"excerpt":{"rendered":"<p>V\u00e6r forberedt p\u00e5 det uventede med RapidDitch Express-tasken. Denne kompakte overlevelsestaske har lommer, fastg\u00f8relsespunkter og l\u00f8kker, s\u00e5 du nemt kan organisere og opbevare alt dit vigtige sikkerhedsudstyr p\u00e5 \u00e9t praktisk sted. <\/p>\n<p>Denne taske er lavet af vandafvisende, reflekterende materiale og er bygget til at modst\u00e5 elementerne og g\u00f8re det nemmere for redningshold at f\u00e5 \u00f8je p\u00e5 dig i n\u00f8dsituationer. Derudover, med sit flydende design, kan RapidDitch Express flyde med op til 7 kg udstyr, hvis den skulle ende i vandet. <\/p>\n<p>Taskens innovative skulderrem kan nemt tages af og omdannes til to 1,2 meter lange sikkerhedsseler, der kan fastg\u00f8res til din redningsvest og bruges til at holde alle forbundet, mens de er i vandet.<\/p>\n<p style=\"margin-left: 0in; margin-right: 0in;\"><span style=\"font-size: 11pt;\"><span style=\"font-family: Calibri,sans-serif;\"><a style=\"color: blue; text-decoration: underline;\" href=\"https:\/\/www.dropbox.com\/s\/fk04stqsp2hgk5f\/Prop%2065%20-%20DEHP.pdf?dl=0\"><span style=\"color: #000000;\">ADVARSEL: FORSLAG 65<\/span><\/a><\/span><\/span><\/p>\n","protected":false},"featured_media":164299,"template":"","meta":{"_acf_changed":false,"om_disable_all_campaigns":false},"product_brand":[],"product_cat":[5905,5668,5907,6621,5909,5744],"product_tag":[9229,9216,9231,9228,9213,9227,9220,9222,9223,9225,9217],"class_list":{"0":"post-153547","1":"product","2":"type-product","3":"status-publish","4":"has-post-thumbnail","6":"product_cat-indre","7":"product_cat-marine-da","8":"product_cat-naer-kysten-da","9":"product_cat-sikkerhedstilbehor","10":"product_cat-ud-for-kysten","11":"product_cat-udendors","12":"product_tag-bug-out-taske","13":"product_tag-eksprespose","14":"product_tag-flydende-taske","15":"product_tag-groftepose-da","16":"product_tag-hurtiggroft-da","17":"product_tag-marine-groftpose-da","18":"product_tag-overlevelse-da","19":"product_tag-overlevelsestaske","20":"product_tag-overlevelsesudstyr","21":"product_tag-overlevelsesudstyrstaske","22":"product_tag-taske","23":"pa_activity-fiskeri","24":"pa_boat-size-0-20-da","25":"pa_boat-size-21-40-da","26":"pa_boat-size-40-80-da","27":"pa_boat-size-80-da","28":"pa_boat-type-charter-yacht-da","29":"pa_boat-type-kommercielt-fiskeri","30":"pa_boat-type-motorbad","31":"pa_boat-type-sejlbad","32":"pa_boat-type-slaebebad","33":"pa_boat-type-sportcraft-da","34":"pa_boat-type-yacht-da","35":"pa_product-sikkerhedstilbehor","36":"pa_terrain-floder-vadomrader-soer-da","38":"first","39":"instock","40":"taxable","41":"shipping-taxable","42":"purchasable","43":"product-type-simple"},"acf":[],"_links":{"self":[{"href":"https:\/\/www.acrartex.com\/da\/wp-json\/wp\/v2\/product\/153547","targetHints":{"allow":["GET"]}}],"collection":[{"href":"https:\/\/www.acrartex.com\/da\/wp-json\/wp\/v2\/product"}],"about":[{"href":"https:\/\/www.acrartex.com\/da\/wp-json\/wp\/v2\/types\/product"}],"wp:featuredmedia":[{"embeddable":true,"href":"https:\/\/www.acrartex.com\/da\/wp-json\/wp\/v2\/media\/164299"}],"wp:attachment":[{"href":"https:\/\/www.acrartex.com\/da\/wp-json\/wp\/v2\/media?parent=153547"}],"wp:term":[{"taxonomy":"product_brand","embeddable":true,"href":"https:\/\/www.acrartex.com\/da\/wp-json\/wp\/v2\/product_brand?post=153547"},{"taxonomy":"product_cat","embeddable":true,"href":"https:\/\/www.acrartex.com\/da\/wp-json\/wp\/v2\/product_cat?post=153547"},{"taxonomy":"product_tag","embeddable":true,"href":"https:\/\/www.acrartex.com\/da\/wp-json\/wp\/v2\/product_tag?post=153547"}],"curies":[{"name":"wp","href":"https:\/\/api.w.org\/{rel}","templated":true}]}}