{"id":153546,"date":"2021-03-16T08:09:42","date_gmt":"2021-03-16T13:09:42","guid":{"rendered":"https:\/\/www.acrartex.com\/products\/rapidditch-taske\/"},"modified":"2021-03-16T08:09:42","modified_gmt":"2021-03-16T13:09:42","slug":"rapidditch-taske","status":"publish","type":"product","link":"https:\/\/www.acrartex.com\/da\/products\/rapidditch-taske\/","title":{"rendered":"RapidDitch -taske"},"content":{"rendered":"<p>Det robuste, vandafvisende stof og de selvreparerende, korrosionsbestandige lynl\u00e5se kan modst\u00e5 de h\u00e5rdeste elementer. Med ekstra opdrift kan RapidDitch flyde op til 11 kg udstyr, og det nye reflekterende materiale hj\u00e6lper med at blive opdaget af redningstjenester. <\/p>\n<p>Hold sammen med det nye innovative skulderremsystem, der nemt kan afmonteres og omdannes til to 1,2 meter lange sikkerhedsseler, der er designet til at fastg\u00f8res til dine redningsveste, s\u00e5 alle er forbundet, mens de er i vandet. Hold dig inden for armsl\u00e6ngde af RapidDitch tasken for at sikre, at alt dit sikkerheds- og signaludstyr er tilg\u00e6ngeligt med det samme. <\/p>\n","protected":false},"excerpt":{"rendered":"<p>Uanset hvad dit eventyr m\u00e5tte bringe, v\u00e6r forberedt med RapidDitch tasken. Denne robuste overlevelsestaske har lommer, seler og l\u00f8kker, der nemt organiserer og opbevarer alt dit vigtige sikkerhedsudstyr p\u00e5 \u00e9t praktisk sted. Skulle RapidDitch tasken ende i vandet, vil den flyde med op til 11 kg udstyr.  <\/p>\n<p>&nbsp;<\/p>\n<p>Denne taske er lavet af vandafvisende, reflekterende materiale og er bygget til at modst\u00e5 elementerne og g\u00f8re det nemmere for redningshold at f\u00e5 \u00f8je p\u00e5 dig i n\u00f8dsituationer. Derudover kan taskens innovative skulderrem nemt tages af og omdannes til to 1,2 meter lange sikkerhedsseler, der kan fastg\u00f8res til din redningsvest og bruges til at holde alle forbundet, mens de er i vandet. <\/p>\n<p>&nbsp;<\/p>\n<p style=\"margin-left: 0in; margin-right: 0in;\"><span style=\"font-size: 11pt;\"><span style=\"font-family: Calibri,sans-serif;\"><a style=\"color: blue; text-decoration: underline;\" href=\"https:\/\/www.dropbox.com\/s\/fk04stqsp2hgk5f\/Prop%2065%20-%20DEHP.pdf?dl=0\"><span style=\"color: #000000;\">ADVARSEL: FORSLAG 65<\/span><\/a><\/span><\/span><\/p>\n","protected":false},"featured_media":12152,"template":"","meta":{"_acf_changed":false,"om_disable_all_campaigns":false},"product_brand":[],"product_cat":[5905,5911,5668,5907,6621,5909,5744],"product_tag":[9229,9230,9232,9228,9224,9226,9213,9220,9222,9233,9217],"class_list":{"0":"post-153546","1":"product","2":"type-product","3":"status-publish","4":"has-post-thumbnail","6":"product_cat-indre","7":"product_cat-kommerciel","8":"product_cat-marine-da","9":"product_cat-naer-kysten-da","10":"product_cat-sikkerhedstilbehor","11":"product_cat-ud-for-kysten","12":"product_cat-udendors","13":"product_tag-bug-out-taske","14":"product_tag-forlad-skibstaske","15":"product_tag-forlade-skibet","16":"product_tag-groftepose-da","17":"product_tag-hurtig-groft","18":"product_tag-hurtig-groftpose","19":"product_tag-hurtiggroft-da","20":"product_tag-overlevelse-da","21":"product_tag-overlevelsestaske","22":"product_tag-sikkerhedstaske-til-bade","23":"product_tag-taske","24":"pa_activity-fiskeri","25":"pa_boat-size-0-20-da","26":"pa_boat-size-21-40-da","27":"pa_boat-size-40-80-da","28":"pa_boat-size-80-da","29":"pa_boat-type-charter-yacht-da","30":"pa_boat-type-kommercielt-fiskeri","31":"pa_boat-type-motorbad","32":"pa_boat-type-sejlbad","33":"pa_boat-type-slaebebad","34":"pa_boat-type-sportcraft-da","35":"pa_boat-type-yacht-da","36":"pa_product-sikkerhedstilbehor","37":"pa_terrain-floder-vadomrader-soer-da","39":"first","40":"instock","41":"taxable","42":"shipping-taxable","43":"purchasable","44":"product-type-simple"},"acf":[],"_links":{"self":[{"href":"https:\/\/www.acrartex.com\/da\/wp-json\/wp\/v2\/product\/153546","targetHints":{"allow":["GET"]}}],"collection":[{"href":"https:\/\/www.acrartex.com\/da\/wp-json\/wp\/v2\/product"}],"about":[{"href":"https:\/\/www.acrartex.com\/da\/wp-json\/wp\/v2\/types\/product"}],"wp:featuredmedia":[{"embeddable":true,"href":"https:\/\/www.acrartex.com\/da\/wp-json\/wp\/v2\/media\/12152"}],"wp:attachment":[{"href":"https:\/\/www.acrartex.com\/da\/wp-json\/wp\/v2\/media?parent=153546"}],"wp:term":[{"taxonomy":"product_brand","embeddable":true,"href":"https:\/\/www.acrartex.com\/da\/wp-json\/wp\/v2\/product_brand?post=153546"},{"taxonomy":"product_cat","embeddable":true,"href":"https:\/\/www.acrartex.com\/da\/wp-json\/wp\/v2\/product_cat?post=153546"},{"taxonomy":"product_tag","embeddable":true,"href":"https:\/\/www.acrartex.com\/da\/wp-json\/wp\/v2\/product_tag?post=153546"}],"curies":[{"name":"wp","href":"https:\/\/api.w.org\/{rel}","templated":true}]}}