{"id":153458,"date":"2021-03-16T08:10:42","date_gmt":"2021-03-16T13:10:42","guid":{"rendered":"https:\/\/www.acrartex.com\/products\/elt-3000\/"},"modified":"2021-03-16T08:10:42","modified_gmt":"2021-03-16T13:10:42","slug":"elt-3000","status":"publish","type":"product","link":"https:\/\/www.acrartex.com\/da\/products\/elt-3000\/","title":{"rendered":"ELT 3000"},"content":{"rendered":"<p>Med flyets NAV-data problemfrit integreret, transmitteres breddegrad\/l\u00e6ngdegrad automatisk hvert 50. sekund i 24 timer p\u00e5 406 MHz n\u00f8dfrekvensen. Dette g\u00f8r det muligt for redningsmandskab at bestemme flyets n\u00f8jagtige placering inden for f\u00e5 minutter efter, at fyret er aktiveret. <\/p>\n<p>ARTEX ELT 3000 er designet til at reducere st\u00f8rrelsen og v\u00e6gten af ELT systemet i en nem installationspakke. For at forenkle installationen bruger ARTEX ELT 3000 en enkelt RF-udgang, der forbindes til en tri-band-antenne, hvilket reducerer installationen til et enkelt koaksialkabel.  Antennen med enkelt indgang og fjernelsen af \u200b\u200bet eksternt NAV-interface reducerer installationsomkostningerne betydeligt.<\/p>\n<p>ARTEX ELT 3000 er kompatibel med ARTEX &#8216;s eksklusive online satellitbekr\u00e6ftelsestestsystem, 406Test.com. Dette eksklusive system leverer resultater af beacon-test i realtid via de samme satellitter, der bruges af Search and Rescue, hvilket sikrer, at ELT systemet fungerer korrekt.  Der er en grund til, at ARTEX ELT&#8217;er er det foretrukne valg for flere flyproducenter end nogen anden; de stoler p\u00e5 ARTEX til at bygge produkter af h\u00f8jeste kvalitet, vel vidende at de bruges til at redde liv.<\/p>\n<p><strong>S\u00e5dan fungerer ARTEX ELT 3000<\/strong><\/p>\n<p>ARTEX ELT 3000 kan aktiveres manuelt (via cockpitfjernbetjening) eller automatisk (G-Switch registrerer et 2,3G eller st\u00f8rre sammenst\u00f8d) og advarer den n\u00e6rmeste efters\u00f8gnings- og redningstjeneste om en n\u00f8dsituation. 406 MHz-signalet, der indeholder flyets GPS koordinater, transmitteres til Cospas-Sarsat -satellitterne og videresendes til Mission Control Center, hvor det straks dirigeres til den n\u00e6rmeste efters\u00f8gnings- og redningstjeneste. Fyret vil give f\u00f8rstehj\u00e6lpere den n\u00f8jagtige placering inden for 100 meter. Endelig hj\u00e6lper 121,5\/243 MHz-m\u00e5ls\u00f8gningssignalerne efters\u00f8gnings- og redningsstyrker p\u00e5 jorden med at finde placeringen af \u200b\u200bn\u00f8dsituationen.   <\/p>\n<p><strong>Nem installation<\/strong><\/p>\n<p>ARTEX ELT 3000 tilbyder en hurtig og nem eftermonteringsmulighed med fleksible installationsmuligheder s\u00e5som en fjernbetjening med to eller fem ledere, der ikke kr\u00e6ver flystr\u00f8m. Da det er en ELT med \u00e9n udgang, bruger ELT 3000 den samme RF-udgang og kun \u00e9t koaksialkabel til at transmittere b\u00e5de 406 MHz og 121,5\/243 MHz signaler. Den indbyggede navigationsgr\u00e6nseflade reducerer behovet for at montere en sekund\u00e6r ekstern gr\u00e6nseflade, hvilket reducerer installationsomkostningerne betydeligt. Der er to monteringsbakker tilg\u00e6ngelige. Den ene giver mulighed for det mindst mulige fodaftryk, mens den anden passer til \u00e6ldre ARTEX B- og C-serie ELT installationer, hvilket giver yderligere reduktion af tekniske omkostninger.    <\/p>\n<p><strong>Produktfunktioner<\/strong><\/p>\n<ul>\n<li>Den mindste 406 MHz ELT p\u00e5 markedet og den letteste ELT i transportkvalitet med ARINC\/ GPS RS232-gr\u00e6nseflade<\/li>\n<li>Automatisk, fast Emergency Locator Transmitter<\/li>\n<li>Tri-frekvens n\u00f8dsignal, digitale 406 MHz og analoge 121,5\/243 MHz m\u00e5ls\u00f8gende signaler<\/li>\n<li>Automatisk aktivering via intern G-switch<\/li>\n<li>Tri-band antenne med enkelt stik og kabel til sender<\/li>\n<li>Nem vedligeholdelse og installation<\/li>\n<li>Mange fjernbetjeningsmuligheder i cockpittet er tilg\u00e6ngelige<\/li>\n<li>Kan tilsluttes indbygget GPS via integreret ARINC429- eller RS232-interface<\/li>\n<li>GPS data er indlejret i digital transmission, hvilket reducerer s\u00f8geradiusen ned til 100 meter<\/li>\n<li>Verdensomsp\u00e6ndende Cospas-Sarsat -d\u00e6kning<\/li>\n<li>6 \u00e5rs batterilevetid (udskiftelig)<\/li>\n<li>Helikopterversion med 5-akset G-switch tilg\u00e6ngelig<\/li>\n<li>Kompatibel med ARTEX 406Test.com satellitbekr\u00e6ftelsestestsystem<\/li>\n<li>Opfylder b\u00e5de FAA- og EASA-krav<\/li>\n<\/ul>\n<p>ELT -pakkeliste<\/p>\n<table style=\"border-collapse: collapse; width: 745pt; border: none;\" width=\"994\">\n<colgroup>\n<col style=\"width: 140pt;\" width=\"187\">\n<col style=\"width: 219pt;\" width=\"292\">\n<col style=\"width: 197pt;\" width=\"263\">\n<col style=\"width: 189pt;\" width=\"252\"> <\/colgroup>\n<tbody>\n<tr style=\"height: 20.0pt;\">\n<td class=\"xl66\" style=\"border: none; height: 20.0pt; width: 140pt; text-align: center; vertical-align: middle; padding-top: 1px; padding-right: 1px; padding-left: 1px;\" width=\"187\" height=\"27\"><\/td>\n<td class=\"xl68\" style=\"border: 0.5pt solid gray; background: #3c404a; width: 219pt; text-align: center; vertical-align: middle; padding-top: 1px; padding-right: 1px; padding-left: 1px;\" width=\"292\"><span style=\"font-size: 11pt;\"><span style=\"color: #b0e40a;\"><span style=\"font-weight: bold;\"><span style=\"font-style: normal;\"><span style=\"text-decoration: none;\"><span style=\"font-family: Calibri,sans-serif;\">Antenne<\/span><\/span><\/span><\/span><\/span><\/span><\/td>\n<td class=\"xl68\" style=\"border: 0.5pt solid gray; background: #3c404a; border-left: none; width: 197pt; text-align: center; vertical-align: middle; padding-top: 1px; padding-right: 1px; padding-left: 1px;\" width=\"263\"><span style=\"font-size: 11pt;\"><span style=\"color: #b0e40a;\"><span style=\"font-weight: bold;\"><span style=\"font-style: normal;\"><span style=\"text-decoration: none;\"><span style=\"font-family: Calibri,sans-serif;\">Fjernbetjening og tilbeh\u00f8r<\/span><\/span><\/span><\/span><\/span><\/span><\/td>\n<td class=\"xl67\" style=\"border: none; background: #3c404a; border-left: none; width: 189pt; text-align: center; vertical-align: middle; border-width: 0.5pt; border-style: solid; border-color: gray windowtext gray gray; padding-top: 1px; padding-right: 1px; padding-left: 1px;\" width=\"252\"><span style=\"font-size: 11pt;\"><span style=\"color: #b0e40a;\"><span style=\"font-weight: bold;\"><span style=\"font-style: normal;\"><span style=\"text-decoration: none;\"><span style=\"font-family: Calibri,sans-serif;\">Manualer\/Godkendelser\/Downloads<\/span><\/span><\/span><\/span><\/span><\/span><\/td>\n<\/tr>\n<tr style=\"height: 20.0pt;\">\n<td class=\"xl70\" style=\"border: 0.5pt solid gray; background: #b0e40a; height: 20.0pt; text-align: center; vertical-align: middle; padding-top: 1px; padding-right: 1px; padding-left: 1px;\" height=\"27\"><span style=\"font-size: 11pt;\"><span style=\"font-weight: 400;\"><span style=\"font-style: normal;\"><span style=\"text-decoration: none;\"><span style=\"font-family: Calibri,sans-serif;\">ELT 3000 8221<\/span><\/span><\/span><\/span><\/span><\/td>\n<td class=\"xl69\" style=\"border: none; padding-top: 1px; padding-right: 1px; padding-left: 1px; vertical-align: bottom;\"><span style=\"font-size: 11pt;\"><span style=\"font-weight: 400;\"><span style=\"font-style: normal;\"><span style=\"text-decoration: none;\"><span style=\"font-family: Calibri,sans-serif;\"> <\/span><\/span><\/span><\/span><\/span><\/td>\n<td class=\"xl66\" style=\"border: none; text-align: center; vertical-align: middle; padding-top: 1px; padding-right: 1px; padding-left: 1px;\"><\/td>\n<td class=\"xl66\" style=\"border: none; text-align: center; vertical-align: middle; padding-top: 1px; padding-right: 1px; padding-left: 1px;\"><a href=\"https:\/\/www.dropbox.com\/s\/xbba3p4g5qxvgid\/8221d.pdf?dl=1\"><span style=\"font-size: 11pt;\"><span style=\"font-weight: 400;\"><span style=\"font-style: normal;\"><span style=\"text-decoration: none;\"><span style=\"font-family: Calibri,sans-serif;\">Pakkeliste<\/span><\/span><\/span><\/span><\/span><\/a><\/td>\n<\/tr>\n<tr style=\"height: 20.0pt;\">\n<td class=\"xl70\" style=\"border: 0.5pt solid gray; background: #b0e40a; height: 20.0pt; border-top: none; text-align: center; vertical-align: middle; padding-top: 1px; padding-right: 1px; padding-left: 1px;\" height=\"27\"><span style=\"font-size: 11pt;\"><span style=\"font-weight: 400;\"><span style=\"font-style: normal;\"><span style=\"text-decoration: none;\"><span style=\"font-family: Calibri,sans-serif;\">ELT 3000 8222<\/span><\/span><\/span><\/span><\/span><\/td>\n<td class=\"xl66\" style=\"border: none; text-align: center; vertical-align: middle; padding-top: 1px; padding-right: 1px; padding-left: 1px;\"><\/td>\n<td class=\"xl66\" style=\"border: none; text-align: center; vertical-align: middle; padding-top: 1px; padding-right: 1px; padding-left: 1px;\"><\/td>\n<td class=\"xl66\" style=\"border: none; text-align: center; vertical-align: middle; padding-top: 1px; padding-right: 1px; padding-left: 1px;\"><a href=\"https:\/\/www.dropbox.com\/s\/q04di0l0nlga6ql\/8222b.pdf?dl=1\"><span style=\"font-size: 11pt;\"><span style=\"font-weight: 400;\"><span style=\"font-style: normal;\"><span style=\"text-decoration: none;\"><span style=\"font-family: Calibri,sans-serif;\">Pakkeliste<\/span><\/span><\/span><\/span><\/span><\/a><\/td>\n<\/tr>\n<tr style=\"height: 20.0pt;\">\n<td class=\"xl70\" style=\"border: 0.5pt solid gray; background: #b0e40a; height: 20.0pt; border-top: none; text-align: center; vertical-align: middle; padding-top: 1px; padding-right: 1px; padding-left: 1px;\" height=\"27\"><span style=\"font-size: 11pt;\"><span style=\"font-weight: 400;\"><span style=\"font-style: normal;\"><span style=\"text-decoration: none;\"><span style=\"font-family: Calibri,sans-serif;\">ELT 3000 8223<\/span><\/span><\/span><\/span><\/span><\/td>\n<td class=\"xl66\" style=\"border: none; text-align: center; vertical-align: middle; padding-top: 1px; padding-right: 1px; padding-left: 1px;\"><span style=\"font-size: 11pt;\"><span style=\"font-weight: 400;\"><span style=\"font-style: normal;\"><span style=\"text-decoration: none;\"><span style=\"font-family: Calibri,sans-serif;\">110-338 (Hvid) &amp; 110-338-01 (Sort)<\/span><\/span><\/span><\/span><\/span><\/td>\n<td class=\"xl66\" style=\"border: none; text-align: center; vertical-align: middle; padding-top: 1px; padding-right: 1px; padding-left: 1px;\"><span style=\"font-size: 11pt;\"><span style=\"font-weight: 400;\"><span style=\"font-style: normal;\"><span style=\"text-decoration: none;\"><span style=\"font-family: Calibri,sans-serif;\">8304<\/span><\/span><\/span><\/span><\/span><\/td>\n<td class=\"xl66\" style=\"border: none; text-align: center; vertical-align: middle; padding-top: 1px; padding-right: 1px; padding-left: 1px;\"><a href=\"https:\/\/www.dropbox.com\/s\/1ugrlpsd9nqpknt\/8223b.pdf?dl=1\"><span style=\"font-size: 11pt;\"><span style=\"font-weight: 400;\"><span style=\"font-style: normal;\"><span style=\"text-decoration: none;\"><span style=\"font-family: Calibri,sans-serif;\">Pakkeliste<\/span><\/span><\/span><\/span><\/span><\/a><\/td>\n<\/tr>\n<tr style=\"height: 20.0pt;\">\n<td class=\"xl70\" style=\"border: 0.5pt solid gray; background: #b0e40a; height: 20.0pt; border-top: none; text-align: center; vertical-align: middle; padding-top: 1px; padding-right: 1px; padding-left: 1px;\" height=\"27\"><span style=\"font-size: 11pt;\"><span style=\"font-weight: 400;\"><span style=\"font-style: normal;\"><span style=\"text-decoration: none;\"><span style=\"font-family: Calibri,sans-serif;\">ELT 3000 8224<\/span><\/span><\/span><\/span><\/span><\/td>\n<td class=\"xl66\" style=\"border: none; text-align: center; vertical-align: middle; padding-top: 1px; padding-right: 1px; padding-left: 1px;\"><span style=\"font-size: 11pt;\"><span style=\"font-weight: 400;\"><span style=\"font-style: normal;\"><span style=\"text-decoration: none;\"><span style=\"font-family: Calibri,sans-serif;\">110-340 &amp; 110-340-01 (Beskyttende kant)<\/span><\/span><\/span><\/span><\/span><\/td>\n<td class=\"xl66\" style=\"border: none; text-align: center; vertical-align: middle; padding-top: 1px; padding-right: 1px; padding-left: 1px;\"><span style=\"font-size: 11pt;\"><span style=\"font-weight: 400;\"><span style=\"font-style: normal;\"><span style=\"text-decoration: none;\"><span style=\"font-family: Calibri,sans-serif;\">8304<\/span><\/span><\/span><\/span><\/span><\/td>\n<td class=\"xl66\" style=\"border: none; text-align: center; vertical-align: middle; padding-top: 1px; padding-right: 1px; padding-left: 1px;\"><a href=\"https:\/\/www.dropbox.com\/s\/8hg8d7dglsuvqxu\/8224b.pdf?dl=1\"><span style=\"font-size: 11pt;\"><span style=\"font-weight: 400;\"><span style=\"font-style: normal;\"><span style=\"text-decoration: none;\"><span style=\"font-family: Calibri,sans-serif;\">Pakkeliste<\/span><\/span><\/span><\/span><\/span><\/a><\/td>\n<\/tr>\n<\/tbody>\n<\/table>\n","protected":false},"excerpt":{"rendered":"<p>Du er aldrig fuldt forberedt uden en Emergency Locator Transmitter ( ELT ) om bord. ELT 3000\u2122 er en \u00e6gte integreret sikkerhedsenhed. Dens kompakte design og navigationsgr\u00e6nseflade sikrer, at installationen er nem, og at efters\u00f8gnings- og redningshold altid vil v\u00e6re i stand til at finde dit fly. Derudover sender ELT3000 automatisk din breddegrad\/l\u00e6ngdegrad hvert 50. sekund i 24 timer p\u00e5 406 MHz n\u00f8dfrekvensen. Dette giver lokale redningsfolk mulighed for at pr\u00e6cist bestemme flyets placering inden for f\u00e5 minutter efter aktivering af beacon, hvis du skulle st\u00f8de p\u00e5 en n\u00f8dsituation. V\u00e6r forberedt p\u00e5 det uforudsigelige: \u2013 Manuel og automatisk aktivering \u2013 Fjernbetjening med to ledninger \u2013 Fleksibel installation \u2013 Monteringsbeslag i rustfrit st\u00e5l \u2013 Indbygget navigationsgr\u00e6nseflade     <\/p>\n<p><span style=\"color: #3366ff;\"><strong>Dette produkt er udg\u00e5et<\/strong><\/span><\/p>\n<p><a href=\"https:\/\/www.acrartex.com\/survival-products\/406test\"><img decoding=\"async\" style=\"width: 300px; height: 41px;\" src=\"https:\/\/dk2ztu5ooimmu.cloudfront.net\/ckeditor_assets\/pictures\/146\/406Test_with_desc_-_Tag.gif\" alt=\"\"><\/a><\/p>\n","protected":false},"featured_media":153459,"template":"","meta":{"_acf_changed":false,"om_disable_all_campaigns":false},"product_brand":[],"product_cat":[5923,8539,5592],"product_tag":[8153,8154,8894,5598,5605,9018,9016],"class_list":{"0":"post-153458","1":"product","2":"type-product","3":"status-publish","4":"has-post-thumbnail","6":"product_cat-business-jet-da","7":"product_cat-kommercielle-fly","8":"product_cat-luftfart-da","9":"product_tag-akr-da","10":"product_tag-artex-da","11":"product_tag-elektronisk-lokaliseringssender-da-2","12":"product_tag-elt-da","13":"product_tag-elt-3000-da","14":"product_tag-elt3000-da","15":"product_tag-sender-da","16":"pa_aircraft-speed-200-350-knob","17":"pa_aircraft-speed-350-knob","18":"pa_aircraft-type-lette-jetstraler-da","19":"pa_aircraft-type-mellemstore-jetfly","20":"pa_product-arv-da","21":"pa_product-elt-losninger-da","23":"first","24":"outofstock","25":"taxable","26":"shipping-taxable","27":"product-type-simple"},"acf":[],"_links":{"self":[{"href":"https:\/\/www.acrartex.com\/da\/wp-json\/wp\/v2\/product\/153458","targetHints":{"allow":["GET"]}}],"collection":[{"href":"https:\/\/www.acrartex.com\/da\/wp-json\/wp\/v2\/product"}],"about":[{"href":"https:\/\/www.acrartex.com\/da\/wp-json\/wp\/v2\/types\/product"}],"wp:featuredmedia":[{"embeddable":true,"href":"https:\/\/www.acrartex.com\/da\/wp-json\/wp\/v2\/media\/153459"}],"wp:attachment":[{"href":"https:\/\/www.acrartex.com\/da\/wp-json\/wp\/v2\/media?parent=153458"}],"wp:term":[{"taxonomy":"product_brand","embeddable":true,"href":"https:\/\/www.acrartex.com\/da\/wp-json\/wp\/v2\/product_brand?post=153458"},{"taxonomy":"product_cat","embeddable":true,"href":"https:\/\/www.acrartex.com\/da\/wp-json\/wp\/v2\/product_cat?post=153458"},{"taxonomy":"product_tag","embeddable":true,"href":"https:\/\/www.acrartex.com\/da\/wp-json\/wp\/v2\/product_tag?post=153458"}],"curies":[{"name":"wp","href":"https:\/\/api.w.org\/{rel}","templated":true}]}}