{"id":153416,"date":"2021-03-16T08:11:41","date_gmt":"2021-03-16T13:11:41","guid":{"rendered":"https:\/\/www.acrartex.com\/products\/me406-ace-elt\/"},"modified":"2021-03-16T08:11:41","modified_gmt":"2021-03-16T13:11:41","slug":"me406-ace-elt","status":"publish","type":"product","link":"https:\/\/www.acrartex.com\/da\/products\/me406-ace-elt\/","title":{"rendered":"ME406 ACE ELT"},"content":{"rendered":"<p>Enkel installation<br \/>\n Monteringsudstyret til ME406-serien er kompatibelt med alle tidligere modeller af Artex 406 MHz ELT produkter, samt ELT -200-serien, ACK, Pointer Model 3000 ELT og Narco ELT&#8217;er. Den selvst\u00e6ndige fjernbetjening drives af et 6-\u00e5rigt lithiumbatteri, hvilket g\u00f8r den uafh\u00e6ngig af flystr\u00f8m. <\/p>\n<p>ARTEX ELT&#8217;er er det foretrukne valg for fly til generel luftfart, herunder Cessna, Piper, Cirrus, Beechcraft, Diamond og Quest.<\/p>\n<p>&nbsp;<\/p>\n<p>Omkostningseffektiv opgradering til Artex Technology<br \/>\n Den nye fjernbetjening erstatter den gamle ACK-kontakt p\u00e5 instrumentpanelet, hvilket eliminerer behovet for \u00e6ndringer. En speciel adapter monteret p\u00e5 ME406 ACE ELT modtager stikket p\u00e5 ELT -siden af \u200b\u200bledningerne. Installationstiden reduceres yderligere ved at genbruge det eksisterende ledningsnet til at forbinde fjernbetjeningen til ELT .  <\/p>\n<ul>\n<li>&#8220;ACE&#8221; \u2013 Absolut omkostningseffektivitet<\/li>\n<li>Opgrader ACK og 2-frekvens ELT&#8217;er til Artex 406 MHz-teknologi<\/li>\n<li>Erstatter ACK-fjernbetjening i form, pasform og funktion<\/li>\n<li>Genbrug eksisterende ledningsnet fra fjernbetjening til ELT<\/li>\n<li>Fjernbetjening uafh\u00e6ngig af flyets str\u00f8mforsyning<\/li>\n<li>6 \u00e5rs batterilevetid, reservebatteri varenummer 455-0012<\/li>\n<li>Hvis du bruger den &#8230; erstatter vi den <a href=\"http:\/\/www.survivorclub.com\/\">gratis<\/a> . Du skal blot indsende din historie, sende os din brugte beacon tilbage, s\u00e5 vi kan f\u00e5 den monteret p\u00e5 vores Wall of Fame, og vi sender dig en helt ny beacon af samme eller h\u00f8jere v\u00e6rdi. <\/li>\n<\/ul>\n<p>Certificeringer<\/p>\n<ul>\n<li>TSO C126<\/li>\n<li>ETSO 2C126<\/li>\n<li>Cospas\/Sarsat-godkendt<\/li>\n<li>Godkendt af Transport &amp; Industri Canada<\/li>\n<\/ul>\n<p>Eftermontering<\/p>\n<p>Artex ME406 ELT kombineret med ACK-fjernbetjeningssystemet til eftermontering muligg\u00f8r genbrug af det eksisterende ledningsnet mellem ELT og cockpitfjernbetjeningen.<\/p>\n<p>&nbsp;<\/p>\n<p>ELT -pakkeliste<\/p>\n<table style=\"border-collapse: collapse; width: 745pt; border: none;\" width=\"994\">\n<colgroup>\n<col style=\"width: 140pt;\" width=\"187\">\n<col style=\"width: 219pt;\" width=\"292\">\n<col style=\"width: 197pt;\" width=\"263\">\n<col style=\"width: 189pt;\" width=\"252\"> <\/colgroup>\n<tbody>\n<tr style=\"height: 20.0pt;\">\n<td class=\"xl66\" style=\"border: none; height: 20.0pt; width: 140pt; text-align: center; vertical-align: middle; padding-top: 1px; padding-right: 1px; padding-left: 1px;\" width=\"187\" height=\"27\"><\/td>\n<td class=\"xl69\" style=\"border: none; border-bottom: 0.5pt solid gray; background: #3c404a; width: 219pt; text-align: center; vertical-align: middle; border-top: none; border-right: 0.5pt solid gray; border-left: none; padding-top: 1px; padding-right: 1px; padding-left: 1px;\" width=\"292\"><span style=\"font-size: 11pt;\"><span style=\"color: #b0e40a;\"><span style=\"font-weight: bold;\"><span style=\"font-style: normal;\"><span style=\"text-decoration: none;\"><span style=\"font-family: Calibri,sans-serif;\">Antenne<\/span><\/span><\/span><\/span><\/span><\/span><\/td>\n<td class=\"xl67\" style=\"border: none; border-bottom: 0.5pt solid gray; background: #3c404a; border-left: none; width: 197pt; text-align: center; vertical-align: middle; border-top: none; border-right: 0.5pt solid gray; padding-top: 1px; padding-right: 1px; padding-left: 1px;\" width=\"263\"><span style=\"font-size: 11pt;\"><span style=\"color: #b0e40a;\"><span style=\"font-weight: bold;\"><span style=\"font-style: normal;\"><span style=\"text-decoration: none;\"><span style=\"font-family: Calibri,sans-serif;\">Fjernbetjening og tilbeh\u00f8r<\/span><\/span><\/span><\/span><\/span><\/span><\/td>\n<td class=\"xl68\" style=\"border: none; border-bottom: 0.5pt solid gray; background: #3c404a; border-left: none; width: 189pt; text-align: center; vertical-align: middle; border-top: none; border-right: 0.5pt solid windowtext; padding-top: 1px; padding-right: 1px; padding-left: 1px;\" width=\"252\"><span style=\"font-size: 11pt;\"><span style=\"color: #b0e40a;\"><span style=\"font-weight: bold;\"><span style=\"font-style: normal;\"><span style=\"text-decoration: none;\"><span style=\"font-family: Calibri,sans-serif;\">Manualer\/Godkendelser\/Downloads<\/span><\/span><\/span><\/span><\/span><\/span><\/td>\n<\/tr>\n<tr style=\"height: 20.0pt;\">\n<td class=\"xl72\" style=\"border: none; border-bottom: 0.5pt solid gray; background: #b0e40a; height: 20.0pt; text-align: center; vertical-align: middle; border-top: none; border-right: 0.5pt solid gray; border-left: 0.5pt solid gray; padding-top: 1px; padding-right: 1px; padding-left: 1px;\" height=\"27\"><span style=\"font-size: 11pt;\"><span style=\"font-weight: 400;\"><span style=\"font-style: normal;\"><span style=\"text-decoration: none;\"><span style=\"font-family: Calibri,sans-serif;\">ELT ME406 ACE 455-6614<\/span><\/span><\/span><\/span><\/span><\/td>\n<td class=\"xl70\" style=\"border: none; text-align: center; vertical-align: middle; padding-top: 1px; padding-right: 1px; padding-left: 1px;\"><span style=\"font-size: 11pt;\"><span style=\"font-weight: 400;\"><span style=\"font-style: normal;\"><span style=\"text-decoration: none;\"><span style=\"font-family: Calibri,sans-serif;\">110-773<\/span><\/span><\/span><\/span><\/span><\/td>\n<td class=\"xl71\" style=\"border: none; text-align: center; vertical-align: middle; padding-top: 1px; padding-right: 1px; padding-left: 1px;\"><span style=\"font-size: 11pt;\"><span style=\"font-weight: 400;\"><span style=\"font-style: normal;\"><span style=\"text-decoration: none;\"><span style=\"font-family: Calibri,sans-serif;\">455-0023<\/span><\/span><\/span><\/span><\/span><\/td>\n<td class=\"xl66\" style=\"border: none; text-align: center; vertical-align: middle; padding-top: 1px; padding-right: 1px; padding-left: 1px;\"><a href=\"https:\/\/www.dropbox.com\/s\/kbp9y4ygk4pzhpj\/455-6614_packlist.pdf?dl=1\"><span style=\"font-size: 11pt;\"><span style=\"font-weight: 400;\"><span style=\"font-style: normal;\"><span style=\"text-decoration: none;\"><span style=\"font-family: Calibri,sans-serif;\">Pakkeliste<\/span><\/span><\/span><\/span><\/span><\/a><\/td>\n<\/tr>\n<tr style=\"height: 20.0pt;\">\n<td class=\"xl73\" style=\"border: none; border-bottom: none; background: #b0e40a; height: 20.0pt; text-align: center; vertical-align: middle; border-top: none; border-right: 0.5pt solid gray; border-left: 0.5pt solid gray; padding-top: 1px; padding-right: 1px; padding-left: 1px;\" height=\"27\"><span style=\"font-size: 11pt;\"><span style=\"font-weight: 400;\"><span style=\"font-style: normal;\"><span style=\"text-decoration: none;\"><span style=\"font-family: Calibri,sans-serif;\">ELT ME406 ACE 455-6608<\/span><\/span><\/span><\/span><\/span><\/td>\n<td class=\"xl66\" style=\"border: none; text-align: center; vertical-align: middle; padding-top: 1px; padding-right: 1px; padding-left: 1px;\"><\/td>\n<td class=\"xl66\" style=\"border: none; text-align: center; vertical-align: middle; padding-top: 1px; padding-right: 1px; padding-left: 1px;\"><\/td>\n<td class=\"xl66\" style=\"border: none; text-align: center; vertical-align: middle; padding-top: 1px; padding-right: 1px; padding-left: 1px;\"><a href=\"https:\/\/www.dropbox.com\/s\/7zi1f60khftihqz\/455-6608_packlist.pdf?dl=1\"><span style=\"font-size: 11pt;\"><span style=\"font-weight: 400;\"><span style=\"font-style: normal;\"><span style=\"text-decoration: none;\"><span style=\"font-family: Calibri,sans-serif;\">Pakkeliste<\/span><\/span><\/span><\/span><\/span><\/a><\/td>\n<\/tr>\n<\/tbody>\n<\/table>\n","protected":false},"excerpt":{"rendered":"<p>F\u00e5 ro i sindet med en Emergency Locator Transmitter ( ELT ) ved din side. ME406 ACE er en ELT med \u00e9n udgang, der er designet til at g\u00f8re installationen enkel. ME406 ACE er underst\u00f8ttet af et batteri med 6 \u00e5rs levetid og er en ELT , du kan regne med, hvis du skulle komme ud for en n\u00f8dsituation. Hvis du nogensinde skulle blive n\u00f8dt til at aktivere ELT , sender 406 MHz-senderen et kodet signal hvert 50. sekund for at advare efters\u00f8gnings- og redningshold om din placering, s\u00e5 de lettere kan bringe dig hjem.   <\/p>\n<p>&nbsp;<\/p>\n<p>&nbsp;<\/p>\n<p><img decoding=\"async\" style=\"width: 300px; height: 41px;\" src=\"https:\/\/dk2ztu5ooimmu.cloudfront.net\/ckeditor_assets\/pictures\/146\/406Test_with_desc_-_Tag.gif\" alt=\"\"><\/p>\n","protected":false},"featured_media":153417,"template":"","meta":{"_acf_changed":false,"om_disable_all_campaigns":false},"product_brand":[],"product_cat":[5921,5592],"product_tag":[8868,5598,8871,8872,8873,8870,8869,6448],"class_list":{"0":"post-153416","1":"product","2":"type-product","3":"status-publish","4":"has-post-thumbnail","6":"product_cat-generel-luftfart","7":"product_cat-luftfart-da","8":"product_tag-elektronisk-lokaliseringssender-da","9":"product_tag-elt-da","10":"product_tag-es","11":"product_tag-es-elt","12":"product_tag-m406-elt-ace-da","13":"product_tag-me406-elt-da","14":"product_tag-mig-406-da","15":"product_tag-mig-406-elt-da","16":"pa_product-arv-da","18":"first","19":"outofstock","20":"taxable","21":"shipping-taxable","22":"product-type-simple"},"acf":[],"_links":{"self":[{"href":"https:\/\/www.acrartex.com\/da\/wp-json\/wp\/v2\/product\/153416","targetHints":{"allow":["GET"]}}],"collection":[{"href":"https:\/\/www.acrartex.com\/da\/wp-json\/wp\/v2\/product"}],"about":[{"href":"https:\/\/www.acrartex.com\/da\/wp-json\/wp\/v2\/types\/product"}],"wp:featuredmedia":[{"embeddable":true,"href":"https:\/\/www.acrartex.com\/da\/wp-json\/wp\/v2\/media\/153417"}],"wp:attachment":[{"href":"https:\/\/www.acrartex.com\/da\/wp-json\/wp\/v2\/media?parent=153416"}],"wp:term":[{"taxonomy":"product_brand","embeddable":true,"href":"https:\/\/www.acrartex.com\/da\/wp-json\/wp\/v2\/product_brand?post=153416"},{"taxonomy":"product_cat","embeddable":true,"href":"https:\/\/www.acrartex.com\/da\/wp-json\/wp\/v2\/product_cat?post=153416"},{"taxonomy":"product_tag","embeddable":true,"href":"https:\/\/www.acrartex.com\/da\/wp-json\/wp\/v2\/product_tag?post=153416"}],"curies":[{"name":"wp","href":"https:\/\/api.w.org\/{rel}","templated":true}]}}