{"id":153319,"date":"2021-03-16T08:11:52","date_gmt":"2021-03-16T13:11:52","guid":{"rendered":"https:\/\/www.acrartex.com\/products\/elt-til-navigationsgraenseflade-boeing\/"},"modified":"2021-03-16T08:11:52","modified_gmt":"2021-03-16T13:11:52","slug":"elt-til-navigationsgraenseflade-boeing","status":"publish","type":"product","link":"https:\/\/www.acrartex.com\/da\/products\/elt-til-navigationsgraenseflade-boeing\/","title":{"rendered":"ELT til navigationsgr\u00e6nseflade Boeing"},"content":{"rendered":"<p>Artex &#8221; ELT \/NAV Interface-B&#8221; er designet til at forbinde Boeing Flight Management Computer (FMC) og Artex B406-4 ELT . Dens funktion er at modtage kontinuerlige positionsopdateringer fra flyets navigationssystem og overs\u00e6tte dem til det korrekte format til brug for ELT . Ved aktivering sender ELT flyets breddegrad og l\u00e6ngdegrad til COSPAS\/SARSAT-satellitsystemet. Kendskab til positionsoplysningerne g\u00f8r det muligt for redningsstyrker at iv\u00e6rks\u00e6tte en \u00f8jeblikkelig mission til flyets sidst kendte position. ELT \/NAV Interface-B er ogs\u00e5 testet for at opfylde Boeings strenge krav til brug i deres fly samt opfylde TSO C126- og JTSO-2C126-kravene som en B406-4 ELT systemkomponent. ELT \/NAV Interface-B f\u00e5s som et komplet s\u00e6t (P\/N 455-6501). S\u00e6ttet indeholder alt n\u00f8dvendigt installationshardware (skruer, skiver osv.), kabelstik med ben\/fatninger og en manual.      <\/p>\n<p>N\u00e5r denne teknologi er korrekt registreret, kan den give f\u00f8lgende oplysninger til redningshold: 1) Flytype, 2) Ejer(e), 3) N\u00f8dkontakt(er), 4) Landekode, 5) Fly-ID eller serienummer p\u00e5 ELT , 6) ELT -producent, 7) Breddegrad\/l\u00e6ngdegrad.       <\/p>\n<p>En anden avanceret funktion i gr\u00e6nsefladen er muligheden for at brugerdefinere ELT til den &#8220;24-bit adresse&#8221; (Mode S-nummer), der er tildelt et fly. Dette er yderst nyttigt for fl\u00e5deoperat\u00f8rer, der kan finde det n\u00f8dvendigt at \u00e6ndre ELT i fly af vedligeholdelsesm\u00e6ssige \u00e5rsager, fordi det eliminerer behovet for at omprogrammere ELT hver gang den flyttes. <\/p>\n","protected":false},"excerpt":{"rendered":"<p>N\u00e5r du st\u00e5r over for en n\u00f8dsituation, kan du have ro i sindet velvidende, at med ELT til Nav-B-gr\u00e6nsefladen vil efters\u00f8gnings- og redningshold have kendskab til din position (inden for 100 meter). ELT til Nav-B-gr\u00e6nsefladen er designet til at blive forbundet mellem flyets Flight Management Computer (FMC) eller GPS modtager og B406-4 (Boeing) ELT . Denne enhed modtager l\u00f8bende positionsopdateringer fra flyets navigationssystem og overs\u00e6tter dem derefter til brug for ELT . Hvis du skulle f\u00e5 brug for at aktivere din ELT , vil dit flys breddegrad og l\u00e6ngdegrad blive transmitteret til et verdensomsp\u00e6ndende netv\u00e6rk af efters\u00f8gnings- og redningssatellitter.   <\/p>\n","protected":false},"featured_media":153321,"template":"","meta":{"_acf_changed":false,"om_disable_all_campaigns":false},"product_brand":[],"product_cat":[5592],"product_tag":[8794,5598,8790,8697,8788,8699,8792],"class_list":{"0":"post-153319","1":"product","2":"type-product","3":"status-publish","4":"has-post-thumbnail","6":"product_cat-luftfart-da","7":"product_tag-boeing-da","8":"product_tag-elt-da","9":"product_tag-elt-2-nav-da","10":"product_tag-elt-til-nav-da","11":"product_tag-elttonav-da","12":"product_tag-navigation-da","13":"product_tag-navigationsgraenseflade-da","15":"first","16":"instock","17":"taxable","18":"shipping-taxable","19":"product-type-simple"},"acf":[],"_links":{"self":[{"href":"https:\/\/www.acrartex.com\/da\/wp-json\/wp\/v2\/product\/153319","targetHints":{"allow":["GET"]}}],"collection":[{"href":"https:\/\/www.acrartex.com\/da\/wp-json\/wp\/v2\/product"}],"about":[{"href":"https:\/\/www.acrartex.com\/da\/wp-json\/wp\/v2\/types\/product"}],"wp:featuredmedia":[{"embeddable":true,"href":"https:\/\/www.acrartex.com\/da\/wp-json\/wp\/v2\/media\/153321"}],"wp:attachment":[{"href":"https:\/\/www.acrartex.com\/da\/wp-json\/wp\/v2\/media?parent=153319"}],"wp:term":[{"taxonomy":"product_brand","embeddable":true,"href":"https:\/\/www.acrartex.com\/da\/wp-json\/wp\/v2\/product_brand?post=153319"},{"taxonomy":"product_cat","embeddable":true,"href":"https:\/\/www.acrartex.com\/da\/wp-json\/wp\/v2\/product_cat?post=153319"},{"taxonomy":"product_tag","embeddable":true,"href":"https:\/\/www.acrartex.com\/da\/wp-json\/wp\/v2\/product_tag?post=153319"}],"curies":[{"name":"wp","href":"https:\/\/api.w.org\/{rel}","templated":true}]}}