{"id":153284,"date":"2021-03-16T08:11:56","date_gmt":"2021-03-16T13:11:56","guid":{"rendered":"https:\/\/www.acrartex.com\/products\/2-traads-elt-rswt-graenseflade\/"},"modified":"2021-03-16T08:11:56","modified_gmt":"2021-03-16T13:11:56","slug":"2-traads-elt-rswt-graenseflade","status":"publish","type":"product","link":"https:\/\/www.acrartex.com\/da\/products\/2-traads-elt-rswt-graenseflade\/","title":{"rendered":"2-tr\u00e5ds ELT \/RSWT-gr\u00e6nseflade"},"content":{"rendered":"<p>Mange af de eksisterende TSO C91a-installationer med Joliet, Pointer og Narco 121,5 MHz ELT&#8217;er bruger kun 2 ledninger mellem cockpit-fjernbetjeningen og ELT . Andre producenter af 121,5 MHz ELT&#8217;er bruger 3 eller 4 ledninger. Artex 2-tr\u00e5ds fjernbetjeningsgr\u00e6nsefladen bruger kun 2 af de eksisterende ledninger fra ledningsnettet til at forbinde den nye cockpit-fjernbetjening til en Artex 406 MHz ELT for en forenklet og omkostningseffektiv opgradering.  <\/p>\n<ul>\n<li>Opgrader enhver eksisterende C91a ELT installation til Artex 406 MHz-teknologi<\/li>\n<li>S\u00e6ttes ind mellem den nye cockpitfjernbetjening og 406 MHz ELT<\/li>\n<li>Forenkl installationen og reducer omkostningerne ved at udnytte eksisterende 2-, 3- eller 4-tr\u00e5dskonfigurationer<\/li>\n<li>En pakkeliste indeholder alle n\u00f8dvendige dele til installation<\/li>\n<li>TSO C-126 godkendt<\/li>\n<li>Endnu en eftermonteringsl\u00f8sning fra Artex Products, der beviser vores engagement i at reducere installationsomkostninger for flyejere<\/li>\n<\/ul>\n","protected":false},"excerpt":{"rendered":"<p>2-tr\u00e5ds fjernbetjeningsgr\u00e6nsefladen er en opf\u00f8lger til ME406 ACE ELT . ME406 ACE n\u00f8dlokaliseringssenderen erstatter de nuv\u00e6rende ACK- eller Ameri-King 121,5 MHz ELT&#8217;er og leveres komplet med en fjernbetjening og adaptere til at udnytte eksisterende ledninger. 2-tr\u00e5ds ELT \/RSWT-gr\u00e6nsefladen bruger kun to af de eksisterende ledninger fra ledningsnettet til at forbinde den nye cockpitfjernbetjeningskontakt til en hvilken som helst af 406 MHz-serien af \u200b\u200bELT&#8217;er.  <\/p>\n","protected":false},"featured_media":153286,"template":"","meta":{"_acf_changed":false,"om_disable_all_campaigns":false},"product_brand":[],"product_cat":[5592],"product_tag":[8746,8754,8750,8752,8756,8748],"class_list":{"0":"post-153284","1":"product","2":"type-product","3":"status-publish","4":"has-post-thumbnail","6":"product_cat-luftfart-da","7":"product_tag-2-trads-da","8":"product_tag-2-trads-da-2","9":"product_tag-2-trads-el-da","10":"product_tag-2-trads-rswt-da","11":"product_tag-rswt-graenseflade","12":"product_tag-to-ledninger-da","14":"first","15":"instock","16":"taxable","17":"shipping-taxable","18":"product-type-simple"},"acf":[],"_links":{"self":[{"href":"https:\/\/www.acrartex.com\/da\/wp-json\/wp\/v2\/product\/153284","targetHints":{"allow":["GET"]}}],"collection":[{"href":"https:\/\/www.acrartex.com\/da\/wp-json\/wp\/v2\/product"}],"about":[{"href":"https:\/\/www.acrartex.com\/da\/wp-json\/wp\/v2\/types\/product"}],"wp:featuredmedia":[{"embeddable":true,"href":"https:\/\/www.acrartex.com\/da\/wp-json\/wp\/v2\/media\/153286"}],"wp:attachment":[{"href":"https:\/\/www.acrartex.com\/da\/wp-json\/wp\/v2\/media?parent=153284"}],"wp:term":[{"taxonomy":"product_brand","embeddable":true,"href":"https:\/\/www.acrartex.com\/da\/wp-json\/wp\/v2\/product_brand?post=153284"},{"taxonomy":"product_cat","embeddable":true,"href":"https:\/\/www.acrartex.com\/da\/wp-json\/wp\/v2\/product_cat?post=153284"},{"taxonomy":"product_tag","embeddable":true,"href":"https:\/\/www.acrartex.com\/da\/wp-json\/wp\/v2\/product_tag?post=153284"}],"curies":[{"name":"wp","href":"https:\/\/api.w.org\/{rel}","templated":true}]}}