{"id":153253,"date":"2021-03-16T08:12:00","date_gmt":"2021-03-16T13:12:00","guid":{"rendered":"https:\/\/www.acrartex.com\/products\/elt-til-nav-graenseflade\/"},"modified":"2021-03-16T08:12:00","modified_gmt":"2021-03-16T13:12:00","slug":"elt-til-nav-graenseflade","status":"publish","type":"product","link":"https:\/\/www.acrartex.com\/da\/products\/elt-til-nav-graenseflade\/","title":{"rendered":"ELT til Nav-gr\u00e6nseflade"},"content":{"rendered":"<p>Kendskab til positionen (ned til 1 meter) g\u00f8r det muligt for redningsstyrker at iv\u00e6rks\u00e6tte en \u00f8jeblikkelig mission til luftfart\u00f8jets sidst kendte position. ELT \/NAV-gr\u00e6nsefladen opfylder TSO C126- og JTSO-2C126-kravene som en 406 MHz ELT systemkomponent. N\u00e5r denne teknologi er korrekt registreret, kan den give f\u00f8lgende oplysninger til redningshold: 1) Luftfart\u00f8jstype, 2) Ejer(e), 3) N\u00f8dkontakt(er), 4) Landekode, 5) Luftfart\u00f8js-ID eller serienummer p\u00e5 ELT , 6) ELT -producent og 7) Breddegrad\/l\u00e6ngdegrad-position.         <\/p>\n<p>En avanceret funktion i navigationsgr\u00e6nsefladen er muligheden for at brugerdefinere ELT til den &#8220;24-bit adresse&#8221; (Mode S-nummer), der er tildelt et fly. Dette er yderst nyttigt for fl\u00e5deoperat\u00f8rer, der udskifter ELT&#8217;er, fordi det eliminerer behovet for at omprogrammere en ELT , f\u00f8r den installeres i et andet fly. <\/p>\n<ul>\n<li>Tillader ELT at transmittere flyets breddegrad og l\u00e6ngdegrad<\/li>\n<li>Forbinder C406- og G406-seriens ELT&#8217;er til flyets Flight Management Computer eller GPS modtager<\/li>\n<li>Programmerer ELT med flyets 24-bit adresse<\/li>\n<li>Kompatibel med systemer som: Garmin, UNSD, ARNAV, IIMorrow, Bendix King<\/li>\n<\/ul>\n","protected":false},"excerpt":{"rendered":"<p>N\u00e5r du st\u00e5r over for en n\u00f8dsituation, kan du have ro i sindet velvidende at med ELT til Nav-gr\u00e6nsefladen vil efters\u00f8gnings- og redningshold have kendskab til din position inden for 100 meter. ELT til Nav-gr\u00e6nsefladen er designet til at blive forbundet mellem flyets Flight Management Computer (FMC) eller GPS modtager og en hvilken som helst af 406 MHz-serien af \u200b\u200bELT&#8217;er. Dette g\u00f8r det muligt at transmittere din position sammen med dit n\u00f8dsignal.  <\/p>\n","protected":false},"featured_media":153255,"template":"","meta":{"_acf_changed":false,"om_disable_all_campaigns":false},"product_brand":[],"product_cat":[5923,8539,5592,5594],"product_tag":[5598,8697,8701,8705,8707,8699,8703],"class_list":{"0":"post-153253","1":"product","2":"type-product","3":"status-publish","4":"has-post-thumbnail","6":"product_cat-business-jet-da","7":"product_cat-kommercielle-fly","8":"product_cat-luftfart-da","9":"product_cat-rotocraft-da","10":"product_tag-elt-da","11":"product_tag-elt-til-nav-da","12":"product_tag-elt-til-navigationsgraenseflade","13":"product_tag-fly-da","14":"product_tag-flyvningen","15":"product_tag-navigation-da","16":"product_tag-navigationsgraenseflade","17":"pa_aircraft-type-passagerfly","18":"pa_aircraft-type-passagerfly-da","19":"pa_aircraft-type-rotocraft-da","20":"pa_aircraft-type-store-jetfly-da","21":"pa_product-elt-losninger-da","23":"first","24":"instock","25":"taxable","26":"shipping-taxable","27":"product-type-simple"},"acf":[],"_links":{"self":[{"href":"https:\/\/www.acrartex.com\/da\/wp-json\/wp\/v2\/product\/153253","targetHints":{"allow":["GET"]}}],"collection":[{"href":"https:\/\/www.acrartex.com\/da\/wp-json\/wp\/v2\/product"}],"about":[{"href":"https:\/\/www.acrartex.com\/da\/wp-json\/wp\/v2\/types\/product"}],"wp:featuredmedia":[{"embeddable":true,"href":"https:\/\/www.acrartex.com\/da\/wp-json\/wp\/v2\/media\/153255"}],"wp:attachment":[{"href":"https:\/\/www.acrartex.com\/da\/wp-json\/wp\/v2\/media?parent=153253"}],"wp:term":[{"taxonomy":"product_brand","embeddable":true,"href":"https:\/\/www.acrartex.com\/da\/wp-json\/wp\/v2\/product_brand?post=153253"},{"taxonomy":"product_cat","embeddable":true,"href":"https:\/\/www.acrartex.com\/da\/wp-json\/wp\/v2\/product_cat?post=153253"},{"taxonomy":"product_tag","embeddable":true,"href":"https:\/\/www.acrartex.com\/da\/wp-json\/wp\/v2\/product_tag?post=153253"}],"curies":[{"name":"wp","href":"https:\/\/api.w.org\/{rel}","templated":true}]}}