{"id":152890,"date":"2021-03-16T08:12:57","date_gmt":"2021-03-16T13:12:57","guid":{"rendered":"https:\/\/www.acrartex.com\/products\/sea-shelter-4-kat-i-epirb-beslag\/"},"modified":"2025-07-29T15:02:13","modified_gmt":"2025-07-29T20:02:13","slug":"sea-shelter-4-kat-i-epirb-beslag","status":"publish","type":"product","link":"https:\/\/www.acrartex.com\/da\/products\/sea-shelter-4-kat-i-epirb-beslag\/","title":{"rendered":"Sea Shelter \u2122 4 Kat. I EPIRB beslag"},"content":{"rendered":"<ul>\n<li>Innovativ, hurtigt skiftende hydrostatisk udl\u00f8sermekanisme<\/li>\n<li>Envejsmontering eliminerer muligheden for at installere EPIRB bagl\u00e6ns<\/li>\n<li>Integreret deaktiveringsmagnet forhindrer EPIRB i at sende, indtil den er udl\u00f8st.<\/li>\n<li>Udl\u00f8ser EPIRB , n\u00e5r den er neds\u00e6nket i vand p\u00e5 en dybde mellem 1,5 og 4 m (4,9 \u2013 13,1 fod). Passer kun til GlobalFix \u2122 V4 EPIRB&#8217;er (model RLB-41).<\/li>\n<\/ul>\n","protected":false},"excerpt":{"rendered":"<p>Barske forhold har ikke en chance mod Sea Shelter \u2122 4 Cat I. Dette EPIRB beslag er fuldt lukket, hvilket giver beskyttelse selv under dine vildeste eventyr. Skulle dit fart\u00f8j begynde at tage vand ind, vil Sea Shelter automatisk udl\u00f8se din EPIRB og sende et signal til et verdensomsp\u00e6ndende netv\u00e6rk af efters\u00f8gnings- og redningssatellitter. Dette beslag passer kun til GlobalFix \u2122 V4, GlobalFix \u2122 V5 og GlobalFix \u2122 V6 EPIRB&#8217;er.  <\/p>\n<p>BEM\u00c6RK: Sea Shelter \u2122-udskiftningsbeslaget (varenr. 2832) inkluderer ikke den hydrostatiske udl\u00f8serenhed (HRU). HRU&#8217;en (varenr. 9490.1) skal bestilles separat. <\/p>\n","protected":false},"featured_media":152891,"template":"","meta":{"_acf_changed":false,"om_disable_all_campaigns":false},"product_brand":[],"product_cat":[5905,5911,5668,5907,6621,5909],"product_tag":[8153,8154,8162,6626,5670,8157,8160,8159,8158,8156,6623,8155,8161],"class_list":{"0":"post-152890","1":"product","2":"type-product","3":"status-publish","4":"has-post-thumbnail","6":"product_cat-indre","7":"product_cat-kommerciel","8":"product_cat-marine-da","9":"product_cat-naer-kysten-da","10":"product_cat-sikkerhedstilbehor","11":"product_cat-ud-for-kysten","12":"product_tag-akr-da","13":"product_tag-artex-da","14":"product_tag-automatisk-implementeringsbeslag","15":"product_tag-beslag","16":"product_tag-epirb-da","17":"product_tag-epirb-beslag","18":"product_tag-hav-da","19":"product_tag-kat-1-da","20":"product_tag-kat-i-epirb-beslag","21":"product_tag-kategori-1-da","22":"product_tag-rlb-41-da","23":"product_tag-sea-shelter-da","24":"product_tag-strandly","25":"pa_boat-size-0-20-da","26":"pa_boat-size-21-40-da","27":"pa_boat-size-40-80-da","28":"pa_boat-size-80-da","29":"pa_boat-type-charter-yacht-da","30":"pa_boat-type-fragtskib","31":"pa_boat-type-kommercielt-fiskeri","32":"pa_boat-type-motorbad","33":"pa_boat-type-sejlbad","34":"pa_boat-type-slaebebad","35":"pa_boat-type-sportcraft-da","36":"pa_boat-type-yacht-da","37":"pa_product-rescue-beacons-da","38":"pa_product-rescue-beacons-vhf-sart-da","39":"pa_product-sikkerhedstilbehor","41":"first","42":"instock","43":"taxable","44":"shipping-taxable","45":"purchasable","46":"product-type-simple"},"acf":[],"_links":{"self":[{"href":"https:\/\/www.acrartex.com\/da\/wp-json\/wp\/v2\/product\/152890","targetHints":{"allow":["GET"]}}],"collection":[{"href":"https:\/\/www.acrartex.com\/da\/wp-json\/wp\/v2\/product"}],"about":[{"href":"https:\/\/www.acrartex.com\/da\/wp-json\/wp\/v2\/types\/product"}],"wp:featuredmedia":[{"embeddable":true,"href":"https:\/\/www.acrartex.com\/da\/wp-json\/wp\/v2\/media\/152891"}],"wp:attachment":[{"href":"https:\/\/www.acrartex.com\/da\/wp-json\/wp\/v2\/media?parent=152890"}],"wp:term":[{"taxonomy":"product_brand","embeddable":true,"href":"https:\/\/www.acrartex.com\/da\/wp-json\/wp\/v2\/product_brand?post=152890"},{"taxonomy":"product_cat","embeddable":true,"href":"https:\/\/www.acrartex.com\/da\/wp-json\/wp\/v2\/product_cat?post=152890"},{"taxonomy":"product_tag","embeddable":true,"href":"https:\/\/www.acrartex.com\/da\/wp-json\/wp\/v2\/product_tag?post=152890"}],"curies":[{"name":"wp","href":"https:\/\/api.w.org\/{rel}","templated":true}]}}