{"id":152869,"date":"2021-03-16T08:14:14","date_gmt":"2021-03-16T13:14:14","guid":{"rendered":"https:\/\/www.acrartex.com\/products\/fjernbetjening-cessna\/"},"modified":"2021-03-16T08:14:14","modified_gmt":"2021-03-16T13:14:14","slug":"fjernbetjening-cessna","status":"publish","type":"product","link":"https:\/\/www.acrartex.com\/da\/products\/fjernbetjening-cessna\/","title":{"rendered":"Fjernbetjening \u2013 Cessna"},"content":{"rendered":"","protected":false},"excerpt":{"rendered":"<p>Denne fjernbetjening blev designet til at opfylde Cessnas krav om at matche farven p\u00e5 deres kontaktd\u00e6ksel med farven p\u00e5 deres instrumentpanel.<\/p>\n<p>&nbsp;<\/p>\n","protected":false},"featured_media":152870,"template":"","meta":{"_acf_changed":false,"om_disable_all_campaigns":false},"product_brand":[],"product_cat":[6283],"product_tag":[6778,8099,8098,8097,6300,6891,6366,6365,6367,6780,6782,6364,6784],"class_list":{"0":"post-152869","1":"product","2":"type-product","3":"status-publish","4":"has-post-thumbnail","6":"product_cat-ukategoriseret","7":"product_tag-boeing-elt-panel-da","8":"product_tag-boeing-elt-switch-da","9":"product_tag-cessna-elt-switch-da","10":"product_tag-elt-fjernbetjening","11":"product_tag-fjern","12":"product_tag-fjernbetjening","13":"product_tag-fjernbetjening-cessna","14":"product_tag-fjernbetjening-oem","15":"product_tag-fjernbetjeningskontakt","16":"product_tag-laer-el-afbryder","17":"product_tag-laer-kontakt-elt","18":"product_tag-oem-elt-fjernbetjening","19":"product_tag-oem-el-afbryder","21":"first","22":"instock","23":"taxable","24":"shipping-taxable","25":"product-type-simple"},"acf":[],"_links":{"self":[{"href":"https:\/\/www.acrartex.com\/da\/wp-json\/wp\/v2\/product\/152869","targetHints":{"allow":["GET"]}}],"collection":[{"href":"https:\/\/www.acrartex.com\/da\/wp-json\/wp\/v2\/product"}],"about":[{"href":"https:\/\/www.acrartex.com\/da\/wp-json\/wp\/v2\/types\/product"}],"wp:featuredmedia":[{"embeddable":true,"href":"https:\/\/www.acrartex.com\/da\/wp-json\/wp\/v2\/media\/152870"}],"wp:attachment":[{"href":"https:\/\/www.acrartex.com\/da\/wp-json\/wp\/v2\/media?parent=152869"}],"wp:term":[{"taxonomy":"product_brand","embeddable":true,"href":"https:\/\/www.acrartex.com\/da\/wp-json\/wp\/v2\/product_brand?post=152869"},{"taxonomy":"product_cat","embeddable":true,"href":"https:\/\/www.acrartex.com\/da\/wp-json\/wp\/v2\/product_cat?post=152869"},{"taxonomy":"product_tag","embeddable":true,"href":"https:\/\/www.acrartex.com\/da\/wp-json\/wp\/v2\/product_tag?post=152869"}],"curies":[{"name":"wp","href":"https:\/\/api.w.org\/{rel}","templated":true}]}}