{"id":152863,"date":"2021-03-16T08:14:31","date_gmt":"2021-03-16T13:14:31","guid":{"rendered":"https:\/\/www.acrartex.com\/products\/fjernbetjening-standard-455-6196\/"},"modified":"2021-03-16T08:14:31","modified_gmt":"2021-03-16T13:14:31","slug":"fjernbetjening-standard-455-6196","status":"publish","type":"product","link":"https:\/\/www.acrartex.com\/da\/products\/fjernbetjening-standard-455-6196\/","title":{"rendered":"Fjernbetjening, standard 455-6196"},"content":{"rendered":"","protected":false},"excerpt":{"rendered":"<p>Denne fjernbetjening er standard for alle TSO C91a og TSO C126 ELT pakkelister, undtagen ME406 ACE og B406-serien af \u200b\u200bELT&#8217;er. Hvis en OEM-kunde kr\u00e6ver en specifik model af fjernbetjening, eller hvis ELT specifikt leveres til milit\u00e6re applikationer, vil denne fjernbetjening heller ikke v\u00e6re standard. <\/p>\n<p>&nbsp;<\/p>\n","protected":false},"featured_media":152864,"template":"","meta":{"_acf_changed":false,"om_disable_all_campaigns":false},"product_brand":[],"product_cat":[6283],"product_tag":[8090,6891,8089,8088],"class_list":{"0":"post-152863","1":"product","2":"type-product","3":"status-publish","4":"has-post-thumbnail","6":"product_cat-ukategoriseret","7":"product_tag-455-6196-da","8":"product_tag-fjernbetjening","9":"product_tag-standard-da","10":"product_tag-standard-455-6196-da","12":"first","13":"instock","14":"taxable","15":"shipping-taxable","16":"product-type-simple"},"acf":[],"_links":{"self":[{"href":"https:\/\/www.acrartex.com\/da\/wp-json\/wp\/v2\/product\/152863","targetHints":{"allow":["GET"]}}],"collection":[{"href":"https:\/\/www.acrartex.com\/da\/wp-json\/wp\/v2\/product"}],"about":[{"href":"https:\/\/www.acrartex.com\/da\/wp-json\/wp\/v2\/types\/product"}],"wp:featuredmedia":[{"embeddable":true,"href":"https:\/\/www.acrartex.com\/da\/wp-json\/wp\/v2\/media\/152864"}],"wp:attachment":[{"href":"https:\/\/www.acrartex.com\/da\/wp-json\/wp\/v2\/media?parent=152863"}],"wp:term":[{"taxonomy":"product_brand","embeddable":true,"href":"https:\/\/www.acrartex.com\/da\/wp-json\/wp\/v2\/product_brand?post=152863"},{"taxonomy":"product_cat","embeddable":true,"href":"https:\/\/www.acrartex.com\/da\/wp-json\/wp\/v2\/product_cat?post=152863"},{"taxonomy":"product_tag","embeddable":true,"href":"https:\/\/www.acrartex.com\/da\/wp-json\/wp\/v2\/product_tag?post=152863"}],"curies":[{"name":"wp","href":"https:\/\/api.w.org\/{rel}","templated":true}]}}