{"id":152833,"date":"2021-03-16T08:14:44","date_gmt":"2021-03-16T13:14:44","guid":{"rendered":"https:\/\/www.acrartex.com\/products\/hemilight-3-med-og-solas-redningsvestlys\/"},"modified":"2025-12-17T14:34:37","modified_gmt":"2025-12-17T19:34:37","slug":"hemilight-3-med-og-solas-redningsvestlys","status":"publish","type":"product","link":"https:\/\/www.acrartex.com\/da\/products\/hemilight-3-med-og-solas-redningsvestlys\/","title":{"rendered":"HemiLight \u21223 MED og SOLAS redningsvestlys"},"content":{"rendered":"<p>HemiLight3 er mindre end andre godkendte SOLAS- og MED-redningsvestelygter og har afrundede kanter for at bevare de oppustelige redningsvestes integritet. Den nemme monteringsklips passer til op til 5 cm brede redningsveste, og det robuste design i maritim stil sikrer mange \u00e5rs brugbarhed og overg\u00e5r andre SOLAS- og MED-lygter. <\/p>\n<p>Denne ultra-h\u00f8jintensitets blinkende LED-flydevest eller PFD-lampe aktiveres automatisk i over 20 timer, n\u00e5r den kommer i kontakt med salt- eller ferskvand, og kan deaktiveres ved blot at trykke p\u00e5 den r\u00f8de knap. HemiLight kan installeres p\u00e5 n\u00e6sten alle typer redningsveste p\u00e5 f\u00e5 sekunder for at g\u00f8re store eftermonteringer hurtige og nemme. <\/p>\n<p>F\u00e5s i to konfigurationer: HemiLight \u21223 tilbyder en grundl\u00e6ggende strobetilstand, der kan aktiveres enten manuelt eller automatisk.<\/p>\n<p><iframe loading=\"lazy\" title=\"ACR GMDSS Suite: Hemilight 3 Life Jacket Lights\" width=\"500\" height=\"281\" src=\"https:\/\/www.youtube.com\/embed\/yniYx7MjkrA?feature=oembed\" frameborder=\"0\" allow=\"accelerometer; autoplay; clipboard-write; encrypted-media; gyroscope; picture-in-picture; web-share\" referrerpolicy=\"strict-origin-when-cross-origin\" allowfullscreen><\/iframe><\/p>\n","protected":false},"excerpt":{"rendered":"<p>ACR Auto HemiLight \u21223 blinkende overlevelseslys kan monteres p\u00e5 n\u00e6sten alle typer redningsveste med hurtig og nem installation. HemiLight \u2122\u025c er mindre end andre godkendte lys og har afrundede kanter for at bevare integriteten af \u200b\u200boppustelige redningsveste. Lyset opfylder USCG-, MED- og SOLAS-kravene. Det h\u00f8jintensitets blinkende LED-lys aktiveres automatisk i over 20 timer, n\u00e5r det kommer i kontakt med salt- eller ferskvand, og kan deaktiveres ved blot at trykke p\u00e5 den r\u00f8de knap. Fastg\u00f8relsesl\u00f8kkerne kan rumme op til 5 cm brede redningsveste, og det marine-st\u00e6rke design sikrer mange \u00e5rs brugbarhed.   <\/p>\n<p>&nbsp;<\/p>\n<p><span style=\"font-size: 11.0pt;\"><a style=\"color: blue; text-decoration: underline;\" href=\"https:\/\/www.dropbox.com\/s\/0ezw0kexbm120vv\/Prop%2065%20-%20Lead%20and%20Lead%20Compounds.pdf?dl=0\">ADVARSEL: FORSLAG 65<\/a><\/span><\/p>\n<p>&nbsp;<\/p>\n<p>&nbsp;<\/p>\n","protected":false},"featured_media":12237,"template":"","meta":{"_acf_changed":false,"om_disable_all_campaigns":false},"product_brand":[],"product_cat":[5915,5905,5911,5668,5907,5919,5917,6621,5909,5744,5913],"product_tag":[8052,8048,8054,8042,8045,8050,7846],"class_list":{"0":"post-152833","1":"product","2":"type-product","3":"status-publish","4":"has-post-thumbnail","6":"product_cat-actionsport-offroad-da","7":"product_cat-indre","8":"product_cat-kommerciel","9":"product_cat-marine-da","10":"product_cat-naer-kysten-da","11":"product_cat-padlesport-fiskeri","12":"product_cat-rejseudstyr","13":"product_cat-sikkerhedstilbehor","14":"product_cat-ud-for-kysten","15":"product_cat-udendors","16":"product_cat-vandring-klatring-lejr","17":"product_tag-gmdss-da","18":"product_tag-hemilight-da","19":"product_tag-med-da","20":"product_tag-overlevende-lys-da","21":"product_tag-redningsvest-lys","22":"product_tag-solas-da","23":"product_tag-strobelys-da","24":"pa_boat-size-0-20-da","25":"pa_boat-size-21-40-da","26":"pa_boat-size-40-80-da","27":"pa_boat-size-80-da","28":"pa_boat-type-charter-yacht-da","29":"pa_boat-type-fragtskib","30":"pa_boat-type-kommercielt-fiskeri","31":"pa_boat-type-motorbad","32":"pa_boat-type-sejlbad","33":"pa_boat-type-slaebebad","34":"pa_boat-type-sportcraft-da","35":"pa_boat-type-yacht-da","36":"pa_product-redningslys-da","37":"pa_product-sikkerhedstilbehor","39":"first","40":"instock","41":"sale","42":"taxable","43":"shipping-taxable","44":"purchasable","45":"product-type-variable"},"acf":[],"_links":{"self":[{"href":"https:\/\/www.acrartex.com\/da\/wp-json\/wp\/v2\/product\/152833","targetHints":{"allow":["GET"]}}],"collection":[{"href":"https:\/\/www.acrartex.com\/da\/wp-json\/wp\/v2\/product"}],"about":[{"href":"https:\/\/www.acrartex.com\/da\/wp-json\/wp\/v2\/types\/product"}],"wp:featuredmedia":[{"embeddable":true,"href":"https:\/\/www.acrartex.com\/da\/wp-json\/wp\/v2\/media\/12237"}],"wp:attachment":[{"href":"https:\/\/www.acrartex.com\/da\/wp-json\/wp\/v2\/media?parent=152833"}],"wp:term":[{"taxonomy":"product_brand","embeddable":true,"href":"https:\/\/www.acrartex.com\/da\/wp-json\/wp\/v2\/product_brand?post=152833"},{"taxonomy":"product_cat","embeddable":true,"href":"https:\/\/www.acrartex.com\/da\/wp-json\/wp\/v2\/product_cat?post=152833"},{"taxonomy":"product_tag","embeddable":true,"href":"https:\/\/www.acrartex.com\/da\/wp-json\/wp\/v2\/product_tag?post=152833"}],"curies":[{"name":"wp","href":"https:\/\/api.w.org\/{rel}","templated":true}]}}