{"id":152728,"date":"2021-03-16T08:16:59","date_gmt":"2021-03-16T13:16:59","guid":{"rendered":"https:\/\/www.acrartex.com\/products\/c-blitzer\/"},"modified":"2026-04-06T09:51:59","modified_gmt":"2026-04-06T14:51:59","slug":"c-blitzer","status":"publish","type":"product","link":"https:\/\/www.acrartex.com\/da\/products\/c-blitzer\/","title":{"rendered":"C-Blitzer"},"content":{"rendered":"<p>C-Strobe aktiveres manuelt med et nemt dreje-\/slukkefunktion, og C-Strobe H2O-modellen har to aktiveringsmetoder; lyset kan nemt aktiveres med et enkelt tryk p\u00e5 t\u00e6nd\/sluk-knappen, eller n\u00e5r det er i aktiv position, kan det aktiveres automatisk, n\u00e5r det neds\u00e6nkes i vand. Den funktionsrige C-Strobe H2O-model kan ogs\u00e5 prale af 3 driftstilstande: strobe, konstant lys og SOS. <\/p>\n<p>&nbsp;<\/p>\n<p>Det slanke, lette og alsidige design passer nemt i en lomme eller h\u00e6nges diskret op, n\u00e5r det er fastgjort til en redningsvest eller rygs\u00e6k. De fleksible surringsl\u00f8kker p\u00e5 siden af \u200b\u200bproduktet giver mulighed for flere monteringsmuligheder, herunder b\u00e5ndet p\u00e5 din rygs\u00e6k eller stropper p\u00e5 din redningsvest. Velcro\u00ae <sup>\u2013<\/sup> stroppen kan fastg\u00f8res omkring surringsl\u00f8kkerne og skaber utallige yderligere monteringsmuligheder. Lygten leveres ogs\u00e5 med en klips, der er designet til nemt at glide over din oppustelige redningsvests orale oppustningsr\u00f8r for at opbevare din lygte inde i din redningsvest.   <\/p>\n<p>&nbsp;<\/p>\n<p><strong>Funktioner:<\/strong><\/p>\n<ul>\n<li>Til lokaliseringshj\u00e6lp i n\u00f8dsituationer med svagt lys<\/li>\n<li>Ekstremt lysst\u00e6rk hvid LED med 45 lumen<\/li>\n<li>Den omfattende kontinuerlige driftslevetid p\u00e5 mere end 120 timer<\/li>\n<li>Vandt\u00e6t \u2013 Testet i 24 timer ved 1 m dybde<\/li>\n<li>Slagfast etui<\/li>\n<li>Bruger to &#8220;AA&#8221; 1,5V batterier (medf\u00f8lger ikke)<\/li>\n<li>USCG\/SOLAS-godkendt<\/li>\n<li>Ideel til redningsveste, camping, cykling, bil osv.<\/li>\n<li>Medf\u00f8lgende Velcro\u00ae-rem (med kartet version) brugt sammen med integrerede surringsl\u00f8kker for fleksibilitet i monteringen.<\/li>\n<li>Medf\u00f8lgende PFD-klips (med kortudgave) for nem fastg\u00f8relse til oral oppustningsr\u00f8ret<\/li>\n<li><span style=\"color: black;\">Vandaktiveringssensorer \u2013 Automatisk aktivering ved kontakt med vand (kun med C-Light H20 (3964.1))<\/span><\/li>\n<\/ul>\n","protected":false},"excerpt":{"rendered":"<p>De kompakte, robuste og vandt\u00e6tte C-Strobe (ikke-vandaktiverede) og C-Strobe H2O (vandaktiverede) er USCG\/SOLAS-godkendte og har en 45 lumen LED, der typisk fungerer kontinuerligt i 120 timer i strobetilstand. Disse personlige n\u00f8dstrobelys har et slagfast hus \u2013 hvilket g\u00f8r dem til p\u00e5lidelige og alsidige lys, n\u00e5r effektiv n\u00f8dbelysning er n\u00f8dvendig. <\/p>\n<p>&nbsp;<\/p>\n<p><a href=\"https:\/\/www.dropbox.com\/s\/8343nj28z0d7bxa\/Prop%2065%20-%20BPA.pdf?dl=0\">ADVARSEL: FORSLAG 65<\/a><\/p>\n<p>&nbsp;<\/p>\n<p>&nbsp;<\/p>\n","protected":false},"featured_media":152741,"template":"","meta":{"_acf_changed":false,"om_disable_all_campaigns":false},"product_brand":[],"product_cat":[5915,5905,5911,5668,5907,5919,5917,7840,5909,5744,5913],"product_tag":[7870,7856,7869,7865,7853,7867,7850,7871,7862,7859,7846],"class_list":{"0":"post-152728","1":"product","2":"type-product","3":"status-publish","4":"has-post-thumbnail","6":"product_cat-actionsport-offroad-da","7":"product_cat-indre","8":"product_cat-kommerciel","9":"product_cat-marine-da","10":"product_cat-naer-kysten-da","11":"product_cat-padlesport-fiskeri","12":"product_cat-rejseudstyr","13":"product_cat-signaleringsprodukter-da","14":"product_cat-ud-for-kysten","15":"product_cat-udendors","16":"product_cat-vandring-klatring-lejr","17":"product_tag-acr-c-strobe-da","18":"product_tag-acr-strobelys","19":"product_tag-acr-strobe-da","20":"product_tag-marine-strobelys","21":"product_tag-nodblitz","22":"product_tag-nodstrobelys","23":"product_tag-pfd-lys-da","24":"product_tag-redningslys","25":"product_tag-sikkerhedsstrobelys","26":"product_tag-strobe-sikkerhedslys","27":"product_tag-strobelys-da","28":"pa_activity-camping-da","29":"pa_activity-cykel","30":"pa_activity-fiskeri","31":"pa_activity-klatring-da","32":"pa_activity-langrend","33":"pa_activity-padlesport-da","34":"pa_activity-ski-snowboarding-da","35":"pa_activity-snescooter","36":"pa_activity-terraengaende-4x4","37":"pa_activity-vandring","38":"pa_boat-size-0-20-da","39":"pa_boat-size-21-40-da","40":"pa_boat-size-40-80-da","41":"pa_boat-size-80-da","42":"pa_boat-type-charter-yacht-da","43":"pa_boat-type-fragtskib","44":"pa_boat-type-kommercielt-fiskeri","45":"pa_boat-type-motorbad","46":"pa_boat-type-sejlbad","47":"pa_boat-type-slaebebad","48":"pa_boat-type-sportcraft-da","49":"pa_boat-type-yacht-da","50":"pa_product-redningslys-da","51":"pa_product-signaleringsprodukter-da","52":"pa_product-sikkerhedstilbehor","53":"pa_terrain-bakke-og-bjerg","54":"pa_terrain-floder-vadomrader-soer-da","55":"pa_terrain-skov-og-jungle","56":"pa_terrain-tundra-da-2","58":"first","59":"instock","60":"taxable","61":"shipping-taxable","62":"purchasable","63":"product-type-variable"},"acf":[],"_links":{"self":[{"href":"https:\/\/www.acrartex.com\/da\/wp-json\/wp\/v2\/product\/152728","targetHints":{"allow":["GET"]}}],"collection":[{"href":"https:\/\/www.acrartex.com\/da\/wp-json\/wp\/v2\/product"}],"about":[{"href":"https:\/\/www.acrartex.com\/da\/wp-json\/wp\/v2\/types\/product"}],"wp:featuredmedia":[{"embeddable":true,"href":"https:\/\/www.acrartex.com\/da\/wp-json\/wp\/v2\/media\/152741"}],"wp:attachment":[{"href":"https:\/\/www.acrartex.com\/da\/wp-json\/wp\/v2\/media?parent=152728"}],"wp:term":[{"taxonomy":"product_brand","embeddable":true,"href":"https:\/\/www.acrartex.com\/da\/wp-json\/wp\/v2\/product_brand?post=152728"},{"taxonomy":"product_cat","embeddable":true,"href":"https:\/\/www.acrartex.com\/da\/wp-json\/wp\/v2\/product_cat?post=152728"},{"taxonomy":"product_tag","embeddable":true,"href":"https:\/\/www.acrartex.com\/da\/wp-json\/wp\/v2\/product_tag?post=152728"}],"curies":[{"name":"wp","href":"https:\/\/api.w.org\/{rel}","templated":true}]}}