{"id":152725,"date":"2021-03-16T08:16:33","date_gmt":"2021-03-16T13:16:33","guid":{"rendered":"https:\/\/www.acrartex.com\/products\/c-lys\/"},"modified":"2026-04-06T09:39:02","modified_gmt":"2026-04-06T14:39:02","slug":"c-lys","status":"publish","type":"product","link":"https:\/\/www.acrartex.com\/da\/products\/c-lys\/","title":{"rendered":"C-Lys"},"content":{"rendered":"<p>C-Light aktiveres manuelt med et nemt drejefunktion, og C-Light H2O-modellen har to aktiveringsmetoder; lyset kan nemt aktiveres med et enkelt tryk p\u00e5 t\u00e6nd\/sluk-knappen, eller n\u00e5r det er i aktiveret position, kan det aktiveres automatisk, n\u00e5r det neds\u00e6nkes i vand.<\/p>\n<p>&nbsp;<\/p>\n<p>Det slanke, lette og alsidige design passer nemt i en lomme eller h\u00e6nges diskret op, n\u00e5r det er fastgjort til en redningsvest eller rygs\u00e6k. De fleksible surringsl\u00f8kker p\u00e5 siden af \u200b\u200bproduktet giver mulighed for flere monteringsmuligheder, herunder b\u00e5ndet p\u00e5 din rygs\u00e6k eller stropper p\u00e5 din redningsvest. Velcro\u00ae <sup>\u2013<\/sup> stroppen kan fastg\u00f8res omkring surringsl\u00f8kkerne og skaber utallige yderligere monteringsmuligheder. Lygten leveres ogs\u00e5 med en klips, der er designet til nemt at glide over din oppustelige redningsvests orale oppustningsr\u00f8r for at opbevare din lygte inde i din redningsvest.   <\/p>\n<p>&nbsp;<\/p>\n<p><strong>Funktioner:<\/strong><\/p>\n<ul>\n<li>Til lokaliseringshj\u00e6lp i n\u00f8dsituationer med svagt lys<\/li>\n<li>Ekstremt lysst\u00e6rk hvid LED-p\u00e6re p\u00e5 20 lumen<\/li>\n<li>Omfattende kontinuerlig driftslevetid p\u00e5 mere end 30 timer<\/li>\n<li>Vandt\u00e6t \u2013 Testet i 24 timer ved 1 m dybde<\/li>\n<li>Nem twist til\/fra aktivering<\/li>\n<li>Slagfast etui<\/li>\n<li>Bruger to &#8220;AA&#8221; 1,5V batterier (medf\u00f8lger ikke)<\/li>\n<li>USCG\/SOLAS-godkendt<\/li>\n<li>Ideel til redningsveste, camping, cykling, bil osv.<\/li>\n<li>Medf\u00f8lgende Velcro\u00ae-rem (med kartet version) brugt sammen med integrerede surringsl\u00f8kker for fleksibilitet i monteringen.<\/li>\n<li>Medf\u00f8lgende PFD-klips (med kartet version) for nem fastg\u00f8relse til oral oppustningsslange<\/li>\n<li>Vandaktiveringssensorer \u2013 Automatisk aktivering ved kontakt med vand (Eksklusivt for C-Light H20 \u2013 3962.1)<\/li>\n<\/ul>\n","protected":false},"excerpt":{"rendered":"<p>De kompakte, robuste og vandt\u00e6tte C-Light (ikke-vandaktiverede) og C-Light H2O (vandaktiverede) er USCG\/SOLAS-godkendte og har en 20 lumen LED, der typisk lyser kontinuerligt i 30 timer. Disse konstant t\u00e6ndte personlige n\u00f8dlys har et slagfast hus \u2013 hvilket g\u00f8r dem til p\u00e5lidelige, alsidige lys, n\u00e5r effektiv n\u00f8dbelysning er n\u00f8dvendig. <\/p>\n<p>&nbsp;<\/p>\n<p style=\"margin-left: 0in; margin-right: 0in;\"><span style=\"font-size: 11pt;\"><span style=\"font-family: Calibri,sans-serif;\"><a style=\"color: blue; text-decoration: underline;\" href=\"https:\/\/www.dropbox.com\/s\/8343nj28z0d7bxa\/Prop%2065%20-%20BPA.pdf?dl=0\"><span style=\"color: #000000;\">ADVARSEL: FORSLAG 65<\/span><\/a><\/span><\/span><\/p>\n<p style=\"margin-left: 0in; margin-right: 0in;\">\n","protected":false},"featured_media":152729,"template":"","meta":{"_acf_changed":false,"om_disable_all_campaigns":false},"product_brand":[],"product_cat":[5915,5905,5911,5668,5907,5919,5917,7840,5909,5744,5913],"product_tag":[7849,7858,7864,7843,7852,7588,7861,7855,7850],"class_list":{"0":"post-152725","1":"product","2":"type-product","3":"status-publish","4":"has-post-thumbnail","6":"product_cat-actionsport-offroad-da","7":"product_cat-indre","8":"product_cat-kommerciel","9":"product_cat-marine-da","10":"product_cat-naer-kysten-da","11":"product_cat-padlesport-fiskeri","12":"product_cat-rejseudstyr","13":"product_cat-signaleringsprodukter-da","14":"product_cat-ud-for-kysten","15":"product_cat-udendors","16":"product_cat-vandring-klatring-lejr","17":"product_tag-acr-c-lys-da","18":"product_tag-acr-led-c-lys-da","19":"product_tag-acr-led-lys-da","20":"product_tag-c-lys-da","21":"product_tag-c-lys-da-2","22":"product_tag-lys","23":"product_tag-nodlys-da","24":"product_tag-nodlys-med-led-da","25":"product_tag-pfd-lys-da","26":"pa_activity-camping-da","27":"pa_activity-cykel","28":"pa_activity-fiskeri","29":"pa_activity-klatring-da","30":"pa_activity-langrend","31":"pa_activity-padlesport-da","32":"pa_activity-ski-snowboarding-da","33":"pa_activity-snescooter","34":"pa_activity-terraengaende-4x4","35":"pa_activity-vandring","36":"pa_boat-size-0-20-da","37":"pa_boat-size-21-40-da","38":"pa_boat-size-40-80-da","39":"pa_boat-size-80-da","40":"pa_boat-type-charter-yacht-da","41":"pa_boat-type-fragtskib","42":"pa_boat-type-kommercielt-fiskeri","43":"pa_boat-type-motorbad","44":"pa_boat-type-sejlbad","45":"pa_boat-type-slaebebad","46":"pa_boat-type-sportcraft-da","47":"pa_boat-type-yacht-da","48":"pa_product-redningslys-da","49":"pa_product-signaleringsprodukter-da","50":"pa_product-sikkerhedstilbehor","51":"pa_terrain-bakke-og-bjerg","52":"pa_terrain-floder-vadomrader-soer-da","53":"pa_terrain-skov-og-jungle","54":"pa_terrain-tundra-da-2","56":"first","57":"instock","58":"taxable","59":"shipping-taxable","60":"purchasable","61":"product-type-variable"},"acf":[],"_links":{"self":[{"href":"https:\/\/www.acrartex.com\/da\/wp-json\/wp\/v2\/product\/152725","targetHints":{"allow":["GET"]}}],"collection":[{"href":"https:\/\/www.acrartex.com\/da\/wp-json\/wp\/v2\/product"}],"about":[{"href":"https:\/\/www.acrartex.com\/da\/wp-json\/wp\/v2\/types\/product"}],"wp:featuredmedia":[{"embeddable":true,"href":"https:\/\/www.acrartex.com\/da\/wp-json\/wp\/v2\/media\/152729"}],"wp:attachment":[{"href":"https:\/\/www.acrartex.com\/da\/wp-json\/wp\/v2\/media?parent=152725"}],"wp:term":[{"taxonomy":"product_brand","embeddable":true,"href":"https:\/\/www.acrartex.com\/da\/wp-json\/wp\/v2\/product_brand?post=152725"},{"taxonomy":"product_cat","embeddable":true,"href":"https:\/\/www.acrartex.com\/da\/wp-json\/wp\/v2\/product_cat?post=152725"},{"taxonomy":"product_tag","embeddable":true,"href":"https:\/\/www.acrartex.com\/da\/wp-json\/wp\/v2\/product_tag?post=152725"}],"curies":[{"name":"wp","href":"https:\/\/api.w.org\/{rel}","templated":true}]}}