{"id":152630,"date":"2021-03-16T08:16:09","date_gmt":"2021-03-16T13:16:09","guid":{"rendered":"https:\/\/www.acrartex.com\/products\/ms-2000m2-doublefly\/"},"modified":"2025-07-07T13:05:16","modified_gmt":"2025-07-07T18:05:16","slug":"ms-2000m2-doublefly","status":"publish","type":"product","link":"https:\/\/www.acrartex.com\/da\/products\/ms-2000m2-doublefly\/","title":{"rendered":"MS-2000(M2) Doublefly"},"content":{"rendered":"<p>Ligesom vores h\u00f8jt ansete og p\u00e5lidelige SDU-5E og MS-2000(M) er MS-2000(M2) designet til at opfylde eller overg\u00e5 milit\u00e6re specifikationer, herunder MIL-L-38217D og CID AA-59176, og den har mange forbedrede livreddende funktioner for at im\u00f8dekomme flere missionskapaciteter.<\/p>\n<ul>\n<li>Ny vibrationsfunktion advarer dig i det skjulte om aktivering og tilstands\u00e6ndringer, n\u00e5r du bruger IR-skjoldet<\/li>\n<li>3 aktiveringstilstande at v\u00e6lge imellem: Strobe, SOS eller konstant lys<\/li>\n<li>Opfylder milit\u00e6rets nyeste krav og passer til stort set alle anvendelser<\/li>\n<li>Ny flettet st\u00e5lholder holder batterid\u00e6kslet fastgjort<\/li>\n<li>Silikoneformet bel\u00e6gning p\u00e5 elektroniske komponenter beskytter mod fugt<\/li>\n<li>Retningsbestemt bl\u00e5t filter advarer venligtsindede styrker, skelner mellem stroboskopild og jordild<\/li>\n<li>Op til 56 timers drift p\u00e5 2 standard alkaliske AA-batterier (brug lithium-batterier til ekstremt kolde milj\u00f8er eller langtidsopbevaring)<\/li>\n<li>Fastgjort infrar\u00f8dt (IR) filter til nattesynsbriller (NVG) med filtforing for at forhindre \u00e5benlys lysl\u00e6kage<\/li>\n<li>Avanceret LED-teknologi<\/li>\n<li>H\u00e6vede polaritetsindikatorer muligg\u00f8r korrekt batteriplacering<\/li>\n<li>Overg\u00e5r SOLAS-standarden<\/li>\n<\/ul>\n","protected":false},"excerpt":{"rendered":"<p>Introduktion af den nye M2-version: et strobemarkeringslys, der er lysere og nemmere at bruge end sin forg\u00e6nger. N\u00e5r det kommer til at redde liv, er alt andet end det bedste ikke en mulighed. MS-2000 (M2) Doublefly er designet til at opfylde og ofte overg\u00e5 milit\u00e6re specifikationer og er bygget til brug p\u00e5 flere missioner.  <\/p>\n","protected":false},"featured_media":152637,"template":"","meta":{"_acf_changed":false,"om_disable_all_campaigns":false},"product_brand":[],"product_cat":[5928,5930,5927,5904,5925],"product_tag":[7637,7639,7631,7455,7454,7626,7449,7450,7447,7451,7633,7635,7445,7453,7443,7452,7629],"class_list":{"0":"post-152630","1":"product","2":"type-product","3":"status-publish","4":"has-post-thumbnail","6":"product_cat-fladestyrker","7":"product_cat-jord-specialstyrker","8":"product_cat-luftpatrulje-da","9":"product_cat-militaer-da","10":"product_cat-politi-kommune-da","11":"product_tag-3994-da","12":"product_tag-3994-2-da","13":"product_tag-konstant-markeringslys","14":"product_tag-militaer-nodbelysning","15":"product_tag-militaer-redningslys","16":"product_tag-militaerspecifik-strobe","17":"product_tag-ms-2000-da","18":"product_tag-ms-2000-m-da","19":"product_tag-ms-2000m-da","20":"product_tag-ms-2000r-da","21":"product_tag-ms-2000m-da-2","22":"product_tag-ms-2000m2-da","23":"product_tag-ms2000-da","24":"product_tag-ms2000-lys","25":"product_tag-ms2000m-da","26":"product_tag-ms2000r-da","27":"product_tag-sos-da","29":"first","30":"instock","31":"taxable","32":"shipping-taxable","33":"product-type-simple"},"acf":[],"_links":{"self":[{"href":"https:\/\/www.acrartex.com\/da\/wp-json\/wp\/v2\/product\/152630","targetHints":{"allow":["GET"]}}],"collection":[{"href":"https:\/\/www.acrartex.com\/da\/wp-json\/wp\/v2\/product"}],"about":[{"href":"https:\/\/www.acrartex.com\/da\/wp-json\/wp\/v2\/types\/product"}],"wp:featuredmedia":[{"embeddable":true,"href":"https:\/\/www.acrartex.com\/da\/wp-json\/wp\/v2\/media\/152637"}],"wp:attachment":[{"href":"https:\/\/www.acrartex.com\/da\/wp-json\/wp\/v2\/media?parent=152630"}],"wp:term":[{"taxonomy":"product_brand","embeddable":true,"href":"https:\/\/www.acrartex.com\/da\/wp-json\/wp\/v2\/product_brand?post=152630"},{"taxonomy":"product_cat","embeddable":true,"href":"https:\/\/www.acrartex.com\/da\/wp-json\/wp\/v2\/product_cat?post=152630"},{"taxonomy":"product_tag","embeddable":true,"href":"https:\/\/www.acrartex.com\/da\/wp-json\/wp\/v2\/product_tag?post=152630"}],"curies":[{"name":"wp","href":"https:\/\/api.w.org\/{rel}","templated":true}]}}