{"id":152629,"date":"2021-03-16T08:15:33","date_gmt":"2021-03-16T13:15:33","guid":{"rendered":"https:\/\/www.acrartex.com\/products\/rcl-75-soegelys\/"},"modified":"2021-03-16T08:15:33","modified_gmt":"2021-03-16T13:15:33","slug":"rcl-75-soegelys","status":"publish","type":"product","link":"https:\/\/www.acrartex.com\/da\/products\/rcl-75-soegelys\/","title":{"rendered":"RCL -75 S\u00f8gelys"},"content":{"rendered":"<p><strong><span style=\"color: #e74c3c;\"><a href=\"https:\/\/www.acrartex.com\/products\/rcl-95-wireless-led-searchlight\/\">RCL -75 er udg\u00e5et.<\/a>  Garantisupport er stadig tilg\u00e6ngelig.<\/span><\/strong><\/p>\n<p>Elektronikken er placeret i det vandafvisende lygtehoved i stedet for i basen for \u00f8get beskyttelse. Det innovative &#8220;direct drive&#8221;-system eliminerer ukontrolleret lysbev\u00e6gelse under uj\u00e6vne forhold. <\/p>\n<p>Anvendelse: Lystb\u00e5de, sportsyachter, sportsfiskeri og erhvervsfart\u00f8jer.<\/p>\n<ul>\n<li>Dobbelt lampedesign giver redundans og p\u00e5lidelighed \u2013 fungerer, n\u00e5r du har brug for det<\/li>\n<li>Lyse, kraftfulde 55-watt halogenp\u00e6rer med 3\u00b0 hx 5\u00b0 b str\u00e5lespredning<\/li>\n<li>Nem at installere Point Pad\u2122-joystick-styring<\/li>\n<li>Robust, funktionel og funktionsrig s\u00f8gelys er nem at installere<\/li>\n<li>7-tr\u00e5ds ledningsnet, 17 fods l\u00e6ngde<\/li>\n<li>Elektronik placeret i det vandafvisende lampehoved i stedet for den traditionelle lampebase for beskyttelse mod vandansamling<\/li>\n<li>45\u00b0 nedadg\u00e5ende okulardesign giver forbedret udsyn ved docking<\/li>\n<li>18\u00b0 opadg\u00e5ende h\u00e6ldning for at oplyse tr\u00e6kbrot\u00e5rne \u200b\u200bosv.<\/li>\n<li>Lamperne udskiftes nemt ved at fjerne topd\u00e6kslet for at f\u00e5 adgang til baglygteenheden<\/li>\n<li>T\u00f8rret filter t\u00f8rrer luften; beskytter reflektor og lysenhed<\/li>\n<li>Innovativt &#8220;direct drive&#8221;-system eliminerer ukontrolleret lysbev\u00e6gelse under uj\u00e6vne forhold.<\/li>\n<li>Kraftige tandhjul og elektriske motorer<\/li>\n<li>Tilf\u00f8j en adapter og en anden Point Pad\u2122 til fjernbetjening af en anden station<\/li>\n<\/ul>\n<p>Tags: projekt\u00f8rer, projekt\u00f8r, RCL projekt\u00f8r, RCL 75, projekt\u00f8r til b\u00e5de, marineprojekt\u00f8r, marineprojekt\u00f8rer, ACR projekt\u00f8r, 1946, P\/N 1946<\/p>\n","protected":false},"excerpt":{"rendered":"<p><strong><span style=\"color: #e74c3c;\"><a href=\"https:\/\/www.acrartex.com\/products\/rcl-95-wireless-led-searchlight\/\">RCL -75 er udg\u00e5et.<\/a>  Garantisupport er stadig tilg\u00e6ngelig.<\/span><\/strong><\/p>\n<p>RCL -75-s\u00f8gelygten er specielt fremstillet til lystb\u00e5de, sportsyachter, sportsfiskere og kommercielle fart\u00f8jer. Designet med to lamper p\u00e5 denne s\u00f8gelygte giver redundans og p\u00e5lidelighed, s\u00e5 du kan stole p\u00e5, at den fungerer, n\u00e5r du har mest brug for den. Derudover eliminerer det innovative direkte drevsystem ukontrolleret lysbev\u00e6gelse under uj\u00e6vne forhold, s\u00e5 hvis du skulle st\u00f8de p\u00e5 uventet vejr, kan du v\u00e6re sikker p\u00e5, at din lygte stadig vil skinne efter behov.  <\/p>\n<p>&nbsp;<\/p>\n<p style=\"margin-left: 0in; margin-right: 0in;\"><span style=\"font-size: 11pt;\"><span style=\"font-family: Calibri,sans-serif;\"><a style=\"color: blue; text-decoration: underline;\" href=\"https:\/\/www.dropbox.com\/s\/fk04stqsp2hgk5f\/Prop%2065%20-%20DEHP.pdf?dl=0\"><span style=\"color: #000000;\">ADVARSEL: FORSLAG 65<\/span><\/a><\/span><\/span><\/p>\n<p style=\"margin-left: 0in; margin-right: 0in;\">\n","protected":false},"featured_media":152631,"template":"","meta":{"_acf_changed":false,"om_disable_all_campaigns":false},"product_brand":[],"product_cat":[5905,5668,5907],"product_tag":[7628,7242,7233,7237,7235,7224,7621,7625,7623],"class_list":{"0":"post-152629","1":"product","2":"type-product","3":"status-publish","4":"has-post-thumbnail","6":"product_cat-indre","7":"product_cat-marine-da","8":"product_cat-naer-kysten-da","9":"product_tag-1946-da","10":"product_tag-acr-sogelys","11":"product_tag-badprojektor","12":"product_tag-marine-sogelys","13":"product_tag-maritim-sogelys","14":"product_tag-rcl-da","15":"product_tag-rcl-75-da","16":"product_tag-rcl-75-da-2","17":"product_tag-rcl75-da","18":"pa_product-arv-da","20":"first","21":"outofstock","22":"taxable","23":"shipping-taxable","24":"product-type-simple"},"acf":[],"_links":{"self":[{"href":"https:\/\/www.acrartex.com\/da\/wp-json\/wp\/v2\/product\/152629","targetHints":{"allow":["GET"]}}],"collection":[{"href":"https:\/\/www.acrartex.com\/da\/wp-json\/wp\/v2\/product"}],"about":[{"href":"https:\/\/www.acrartex.com\/da\/wp-json\/wp\/v2\/types\/product"}],"wp:featuredmedia":[{"embeddable":true,"href":"https:\/\/www.acrartex.com\/da\/wp-json\/wp\/v2\/media\/152631"}],"wp:attachment":[{"href":"https:\/\/www.acrartex.com\/da\/wp-json\/wp\/v2\/media?parent=152629"}],"wp:term":[{"taxonomy":"product_brand","embeddable":true,"href":"https:\/\/www.acrartex.com\/da\/wp-json\/wp\/v2\/product_brand?post=152629"},{"taxonomy":"product_cat","embeddable":true,"href":"https:\/\/www.acrartex.com\/da\/wp-json\/wp\/v2\/product_cat?post=152629"},{"taxonomy":"product_tag","embeddable":true,"href":"https:\/\/www.acrartex.com\/da\/wp-json\/wp\/v2\/product_tag?post=152629"}],"curies":[{"name":"wp","href":"https:\/\/api.w.org\/{rel}","templated":true}]}}