{"id":152606,"date":"2021-03-16T08:16:22","date_gmt":"2021-03-16T13:16:22","guid":{"rendered":"https:\/\/www.acrartex.com\/products\/ms-2000m2-vandbug\/"},"modified":"2021-03-16T08:16:22","modified_gmt":"2021-03-16T13:16:22","slug":"ms-2000m2-vandbug","status":"publish","type":"product","link":"https:\/\/www.acrartex.com\/da\/products\/ms-2000m2-vandbug\/","title":{"rendered":"MS-2000(M2) Vandbug"},"content":{"rendered":"<p>Ligesom vores h\u00f8jt ansete og p\u00e5lidelige SDU-5E og MS-2000(M) er MS-2000(M2) designet til at opfylde eller overg\u00e5 milit\u00e6re specifikationer, herunder MIL-L-38217D og CID AA-59176, og den har mange forbedrede livreddende funktioner for at im\u00f8dekomme flere missionskapaciteter.<\/p>\n<ul>\n<li>Ny vibrationsfunktion advarer dig i det skjulte om aktivering og tilstands\u00e6ndringer, n\u00e5r du bruger IR-skjoldet<\/li>\n<li>Vandaktiveringssensorer aktiverer automatisk lyset, n\u00e5r de er aktiveret<\/li>\n<li>4 aktiveringstilstande at v\u00e6lge imellem: Tilkoblet, Strobe, SOS eller Konstant lys<\/li>\n<li>Opfylder milit\u00e6rets nyeste krav og passer til stort set alle anvendelser<\/li>\n<li>Ny flettet st\u00e5lholder holder batterid\u00e6kslet fastgjort<\/li>\n<li>Silikoneformet bel\u00e6gning p\u00e5 elektroniske komponenter beskytter mod fugt<\/li>\n<li>Retningsbestemt bl\u00e5t filter advarer venligtsindede styrker, skelner mellem stroboskopild og jordild<\/li>\n<li>Op til 56 timers drift p\u00e5 2 standard alkaliske AA-batterier (brug lithium-batterier til ekstremt kolde milj\u00f8er eller langtidsopbevaring)<\/li>\n<li>Fastgjort infrar\u00f8dt (IR) filter til nattesynsbriller (NVG) med filtforing for at forhindre \u00e5benlys lysl\u00e6kage<\/li>\n<li>Avanceret LED-teknologi<\/li>\n<li>H\u00e6vede polaritetsindikatorer muligg\u00f8r korrekt batteriplacering<\/li>\n<\/ul>\n","protected":false},"excerpt":{"rendered":"<p>N\u00e5r det kommer til at redde liv, er alt andet end det bedste ikke en mulighed. Siden introduktionen af \u200b\u200bden originale MS-2000 er den blevet den prim\u00e6re Combat Search and Rescue (C-SAR)-lampe, der b\u00e6res af elite milit\u00e6rstyrker verden over. Denne strobemarkeringslampe har den nyeste LED-teknologi og opfylder milit\u00e6rets mest opdaterede krav. Dens vibrationsfunktion advarer dig om aktivering og tilstands\u00e6ndringer, n\u00e5r du bruger IR-skjoldet, og dens vandaktiveringssensorer t\u00e6nder automatisk lyset, n\u00e5r det kommer i kontakt med ferskvand eller saltvand. Med 4 aktiveringstilstande at v\u00e6lge imellem: Bev\u00e6bnet, Strobe, SOS eller Konstant lys, vil du v\u00e6re klar til at lyse i stort set enhver situation.    <\/p>\n","protected":false},"featured_media":152607,"template":"","meta":{"_acf_changed":false,"om_disable_all_campaigns":false},"product_brand":[],"product_cat":[5904],"product_tag":[7593,7594,7588,7591,7445,7589,7592,7590],"class_list":{"0":"post-152606","1":"product","2":"type-product","3":"status-publish","4":"has-post-thumbnail","6":"product_cat-militaer-da","7":"product_tag-3991-da","8":"product_tag-3991-2-da","9":"product_tag-lys","10":"product_tag-markedslys","11":"product_tag-ms2000-da","12":"product_tag-strobe-da","13":"product_tag-vandlus","14":"product_tag-waterbug-strobe-markeringslys","16":"first","17":"instock","18":"taxable","19":"shipping-taxable","20":"product-type-simple"},"acf":[],"_links":{"self":[{"href":"https:\/\/www.acrartex.com\/da\/wp-json\/wp\/v2\/product\/152606","targetHints":{"allow":["GET"]}}],"collection":[{"href":"https:\/\/www.acrartex.com\/da\/wp-json\/wp\/v2\/product"}],"about":[{"href":"https:\/\/www.acrartex.com\/da\/wp-json\/wp\/v2\/types\/product"}],"wp:featuredmedia":[{"embeddable":true,"href":"https:\/\/www.acrartex.com\/da\/wp-json\/wp\/v2\/media\/152607"}],"wp:attachment":[{"href":"https:\/\/www.acrartex.com\/da\/wp-json\/wp\/v2\/media?parent=152606"}],"wp:term":[{"taxonomy":"product_brand","embeddable":true,"href":"https:\/\/www.acrartex.com\/da\/wp-json\/wp\/v2\/product_brand?post=152606"},{"taxonomy":"product_cat","embeddable":true,"href":"https:\/\/www.acrartex.com\/da\/wp-json\/wp\/v2\/product_cat?post=152606"},{"taxonomy":"product_tag","embeddable":true,"href":"https:\/\/www.acrartex.com\/da\/wp-json\/wp\/v2\/product_tag?post=152606"}],"curies":[{"name":"wp","href":"https:\/\/api.w.org\/{rel}","templated":true}]}}