{"id":152458,"date":"2021-03-16T08:15:18","date_gmt":"2021-03-16T13:15:18","guid":{"rendered":"https:\/\/www.acrartex.com\/products\/rcl-100-led-soegelys\/"},"modified":"2026-03-06T08:34:13","modified_gmt":"2026-03-06T13:34:13","slug":"rcl-100-led-soegelys","status":"publish","type":"product","link":"https:\/\/www.acrartex.com\/da\/products\/rcl-100-led-soegelys\/","title":{"rendered":"RCL -100 LED-s\u00f8gelys"},"content":{"rendered":"<p>RCL -100 LED-projekt\u00f8ren forts\u00e6tter med at bruge det samme robuste design som den originale RCL -100D, men har et nyt effektivt 9 LED-array, der producerer over 220.000 candela lys. Det st\u00e6rke og lette aluminiumshus sammen med glaslinsen er vejrforseglet for mange \u00e5rs problemfri drift. Andre funktioner inkluderer en fjernbetjening med kabel, der muligg\u00f8r kontinuerlig 360 graders rotation ved hurtig eller langsom hastighed uden besv\u00e6ret med et h\u00e5rdt stop. Med en 7-graders str\u00e5levinkel giver projekt\u00f8ren ogs\u00e5 elevationsvinkler p\u00e5 9 grader op og 17 grader ned for at g\u00f8re belysning af tr\u00e6kbroer, b\u00f8jer og havne til en leg.   <\/p>\n<p>Ikke alle projekt\u00f8rer er skabt lige, og huset er tredobbelt grundet og malet med UV-stabilisator for at overleve i \u00e5revis i det barske havmilj\u00f8. RCL -100 LED-projekt\u00f8rens indre er fuldt lukket og giver pr\u00e6cis h\u00e6ldningskontrol af str\u00e5len, samtidig med at den forbliver beskyttet. Det effektivt designede LED-array giver over 40.000 timer. Projekt\u00f8ren inkluderer ogs\u00e5 vores eksklusive XRCiZ\u2122-funktion, der roterer uafh\u00e6ngigt hver 30. dag fra aktivering for at sikre, at alle lejeflader er fri for korrosion, og at alle elektriske kontakter fungerer. RCL -100 LED er vejrbestandig og fungerer med 12 eller 24 j\u00e6vnstr\u00f8m.    <\/p>\n<p>Den nye ACR RCL -100 LED-lampe s\u00e6lges i et praktisk s\u00e6t, der er konfigureret som f\u00f8lger.<\/p>\n<ul>\n<li>Kabelbaseret s\u00e6t: RCL -100 LED-s\u00f8gelygte med mastercontroller og kabelbaseret punktpudecontroller (P\/N 1951 eller 1951.B)<\/li>\n<\/ul>\n<p>&nbsp;<\/p>\n<h3>Hovedfunktioner ved den nye RCL -100 LED:<\/h3>\n<ul>\n<li>Ultralysst\u00e6rkt LED-array med 9 lysdioder genererer over 220.000 candela-lys pr. minut<\/li>\n<li>Effektive LED&#8217;er med lang levetid \u2013 40.000 driftstimer<\/li>\n<li>Reduceret str\u00f8mforbrug med op til 50% p\u00e5 12V-fart\u00f8jer<\/li>\n<li>Controlleren har den nyeste elektronik til at beskytte lyset mod de fleste str\u00f8mst\u00f8d.<\/li>\n<li>Intern elevationsmekanisme til pr\u00e6cis h\u00e6ldningskontrol af str\u00e5len; beskytter elevationsmekanismen mod vejret<\/li>\n<li>Robust, tredobbelt grundet og forseglet aluminiumshus i marinekvalitet<\/li>\n<li>Inkluderer fingerspidsfjernbetjening til Point Pad; op til tre fjernbetjente Point Pad-enheder kan installeres p\u00e5 systemet; muligheder for overflade-\/planmontering inkluderet<\/li>\n<li>Den eksklusive XRCiZ\u2122-funktion roterer og bev\u00e6ger lejeenheden hver 30. dag fra aktivering for at holde alle lejeoverflader fri for korrosion og alle elektriske kontakter funktionelle.<\/li>\n<li>Ledningsnettet p\u00e5 4,57 m<\/li>\n<li>To-trins motor<\/li>\n<\/ul>\n<p>&nbsp;<\/p>\n<h3>Tilg\u00e6ngelige konfigurationer:<\/h3>\n<p>RCL-100 LED f\u00e5s i en r\u00e6kke forskellige praktiske konfigurationer som anf\u00f8rt nedenfor.<\/p>\n<p>&nbsp;<\/p>\n<p><em><strong>Varenumre til s\u00f8gelyss\u00e6t, der bruger URP-102-punktpuden og URC-103-mastercontrolleren:<\/strong><\/em><\/p>\n<table>\n<tbody>\n<tr>\n<td width=\"103\"><strong>ARTIKELNUMMER<\/strong><\/td>\n<td width=\"619\"><strong>BESKRIVELSE<\/strong><\/td>\n<\/tr>\n<tr>\n<td width=\"103\">1951<\/td>\n<td width=\"619\">RCL-100 LED, hvid, med URC-103 mastercontroller og URC-102 punkttastatur<\/td>\n<\/tr>\n<tr>\n<td width=\"103\">1951.B<\/td>\n<td width=\"619\">RCL-100 LED, sort, med URC-103 mastercontroller og URC-102 pegepude<\/td>\n<\/tr>\n<\/tbody>\n<\/table>\n<p>&nbsp;<\/p>\n<p><em><strong>Varenumre til s\u00f8gelyss\u00e6t, der bruger den opgraderede URP-103-punktpude og URC-104-mastercontroller:<\/strong><\/em><\/p>\n<table>\n<tbody>\n<tr>\n<td width=\"103\"><strong>ARTIKELNUMMER<\/strong><\/td>\n<td width=\"619\"><strong>BESKRIVELSE<\/strong><\/td>\n<\/tr>\n<tr>\n<td width=\"103\">1976<\/td>\n<td width=\"619\">RCL-100 LED, hvid, med ny URC-104 mastercontroller, URP-103 pegepude og URH-103 h\u00e5ndholdt tr\u00e5dl\u00f8s fjernbetjening<\/td>\n<\/tr>\n<tr>\n<td width=\"103\">1977<\/td>\n<td width=\"619\">RCL-100 LED, sort, med ny URC-104 mastercontroller, URP-103 pegepude og URH-103 h\u00e5ndholdt tr\u00e5dl\u00f8s fjernbetjening<\/td>\n<\/tr>\n<tr>\n<td width=\"103\">1978<\/td>\n<td width=\"619\">RCL-100 LED, hvid, med ny URC-104 mastercontroller og URC-103 punkttastatur<\/td>\n<\/tr>\n<tr>\n<td width=\"103\">1979<\/td>\n<td width=\"619\">RCL-100 LED, sort, med ny URC-104 mastercontroller og URC-103 punktpad<\/td>\n<\/tr>\n<\/tbody>\n<\/table>\n<h3><\/h3>\n<p>&nbsp;<\/p>\n<p>&nbsp;<\/p>\n<h3>Installationsvejledning til mobilapp:<\/h3>\n<p>&nbsp;<\/p>\n<p><strong>BEM\u00c6RK: S\u00f8gelys-WiFi-modulet, som kr\u00e6ves for at bruge iOS- eller Android-apps, er nu udg\u00e5et. Oplysningerne nedenfor er til tidligere kunder, der i \u00f8jeblikket har Wifi-modulet, og som derfor muligvis har brug for at f\u00e5 adgang til appen. <\/strong><\/p>\n<p>&nbsp;<\/p>\n<p><em><strong>iOS \u2013 Bes\u00f8g Apple App Store, s\u00f8g efter &#8221; ACR Searchlight&#8221;, og download den gratis app<\/strong><\/em><\/p>\n<p><em><strong>Android \u2013 Som vist p\u00e5 sk\u00e6rmbilledet nedenfor skal du g\u00e5 til indstillingssk\u00e6rmen &#8220;L\u00e5sesk\u00e6rm og sikkerhed&#8221; p\u00e5 den mobilenhed, som du \u00f8nsker at bruge til at styre din s\u00f8gelys, v\u00e6lge muligheden for at tillade installation af apps fra &#8220;Ukendte kilder&#8221; og klikke p\u00e5 &#8220;OK&#8221;. N\u00e5r du har gennemf\u00f8rt disse trin, <a href=\"https:\/\/www.dropbox.com\/scl\/fi\/7vf72mbbatofnee3bw3mx\/ACR_searchlight_release.apk?rlkey=codcu1zvl5yhy7bryqn29e8pv&amp;dl=1\">skal du klikke her<\/a> for at installere ACR Searchlight-mobilappen p\u00e5 din enhed. <\/strong><\/em><\/p>\n<p><a href=\"https:\/\/www.acrartex.com\/wp-content\/uploads\/2021\/03\/Android-Searchlight-App_Download-Instructions.png\"><img loading=\"lazy\" decoding=\"async\" class=\" wp-image-83080 aligncenter\" src=\"https:\/\/www.acrartex.com\/wp-content\/uploads\/2021\/03\/Android-Searchlight-App_Download-Instructions-300x265.png\" alt=\"\" width=\"317\" height=\"280\" srcset=\"https:\/\/www.acrartex.com\/wp-content\/uploads\/2021\/03\/Android-Searchlight-App_Download-Instructions-300x265.png 300w, https:\/\/www.acrartex.com\/wp-content\/uploads\/2021\/03\/Android-Searchlight-App_Download-Instructions.png 446w\" sizes=\"auto, (max-width: 317px) 100vw, 317px\" \/><\/a><\/p>\n","protected":false},"excerpt":{"rendered":"<p>LED-versionen af \u200b\u200bvores mest popul\u00e6re RCL -100D-projekt\u00f8r giver LED-ydeevne med h\u00f8j intensitet, der lyser gennem n\u00e6tter og d\u00e5rlige lysforhold med en flammende lysstyrke p\u00e5 220.000 candela. RCL -100 LED&#8217;s traditionelt slanke design g\u00f8r den til et attraktivt og omkostningseffektivt valg til sportsyachter, megayachter, sportsfiskere og lette erhvervsfart\u00f8jer. Med mere effektive LED&#8217;er har RCL -100 LED reduceret str\u00f8mforbruget med op til 50 % p\u00e5 12V-fart\u00f8jer.  <\/p>\n<p>Ejere af RCL -100 LED-projekt\u00f8ren og den \u00e6ldre halogenprojekt\u00f8r RCL -100D har mulighed for at k\u00f8be <a href=\"https:\/\/www.acrartex.com\/da\/products\/wi-fi-fjernbetjeningsmodul\/\">Wifi-fjernbetjeningsmodulet<\/a> , som giver fleksibiliteten til at styre din RCL -100 LED og RCL -100D ved hj\u00e6lp af den gratis ACR Searchlight-app. <a href=\"https:\/\/www.dropbox.com\/s\/68k95jlvicbgmgy\/Privacy%20Policy_ACR%20Searchlight%20App.pdf?dl=1\">Privatlivspolitikken for ACR Searchlight-appen kan tilg\u00e5s via dette link<\/a> .<\/p>\n<p>&nbsp;<\/p>\n<p style=\"margin-left: 0in; margin-right: 0in;\"><span style=\"font-size: 11pt;\"><span style=\"font-family: Calibri,sans-serif;\"><a style=\"color: blue; text-decoration: underline;\" href=\"https:\/\/www.dropbox.com\/s\/ezakylsa2478sav\/Prop%2065%20-%20DINP%20and%20BPA.pdf?dl=0\"><span style=\"color: #000000;\">ADVARSEL: FORSLAG 65<\/span><\/a><\/span><\/span><\/p>\n","protected":false},"featured_media":36738,"template":"","meta":{"_acf_changed":false,"om_disable_all_campaigns":false},"product_brand":[],"product_cat":[5905,5911,5668,5907,7222,5909],"product_tag":[7367,7368,7358,7242,7233,7352,7354,7361,7364,7356,7359,7237,7235,7231,7363,7362,7229,7241,7366,7365],"class_list":{"0":"post-152458","1":"product","2":"type-product","3":"status-publish","4":"has-post-thumbnail","6":"product_cat-indre","7":"product_cat-kommerciel","8":"product_cat-marine-da","9":"product_cat-naer-kysten-da","10":"product_cat-sogelys","11":"product_cat-ud-for-kysten","12":"product_tag-1951-da","13":"product_tag-1951-b-da","14":"product_tag-acr-rcl-100-led-da","15":"product_tag-acr-sogelys","16":"product_tag-badprojektor","17":"product_tag-led-badsprojektorer","18":"product_tag-led-sogelys","19":"product_tag-led-sogelys-da","20":"product_tag-led-sogelys-til-bade","21":"product_tag-marine-led-projektorer","22":"product_tag-marine-led-sogelys","23":"product_tag-marine-sogelys","24":"product_tag-maritim-sogelys","25":"product_tag-projektorer-til-salg","26":"product_tag-rcl-100-led-da","27":"product_tag-rcl-100-led-sogelys","28":"product_tag-sogelys-da","29":"product_tag-sogelysfirma","30":"product_tag-varenr-1951","31":"product_tag-varenummer-1951","32":"pa_product-sogelys","34":"first","35":"instock","36":"taxable","37":"shipping-taxable","38":"purchasable","39":"product-type-variable"},"acf":[],"_links":{"self":[{"href":"https:\/\/www.acrartex.com\/da\/wp-json\/wp\/v2\/product\/152458","targetHints":{"allow":["GET"]}}],"collection":[{"href":"https:\/\/www.acrartex.com\/da\/wp-json\/wp\/v2\/product"}],"about":[{"href":"https:\/\/www.acrartex.com\/da\/wp-json\/wp\/v2\/types\/product"}],"wp:featuredmedia":[{"embeddable":true,"href":"https:\/\/www.acrartex.com\/da\/wp-json\/wp\/v2\/media\/36738"}],"wp:attachment":[{"href":"https:\/\/www.acrartex.com\/da\/wp-json\/wp\/v2\/media?parent=152458"}],"wp:term":[{"taxonomy":"product_brand","embeddable":true,"href":"https:\/\/www.acrartex.com\/da\/wp-json\/wp\/v2\/product_brand?post=152458"},{"taxonomy":"product_cat","embeddable":true,"href":"https:\/\/www.acrartex.com\/da\/wp-json\/wp\/v2\/product_cat?post=152458"},{"taxonomy":"product_tag","embeddable":true,"href":"https:\/\/www.acrartex.com\/da\/wp-json\/wp\/v2\/product_tag?post=152458"}],"curies":[{"name":"wp","href":"https:\/\/api.w.org\/{rel}","templated":true}]}}