{"id":152448,"date":"2021-03-16T08:15:06","date_gmt":"2021-03-16T13:15:06","guid":{"rendered":"https:\/\/www.acrartex.com\/products\/rcl-100d-soegelys\/"},"modified":"2021-03-16T08:15:06","modified_gmt":"2021-03-16T13:15:06","slug":"rcl-100d-soegelys","status":"publish","type":"product","link":"https:\/\/www.acrartex.com\/da\/products\/rcl-100d-soegelys\/","title":{"rendered":"RCL -100D S\u00f8gelys"},"content":{"rendered":"<p>Saltvandsbestandigt design inkluderer tredobbelt grundet og forseglet konstruktion, nylon- og phenolskiver samt skruer i aluminiseret rustfrit st\u00e5l med isolerende sm\u00f8remiddel.<\/p>\n<p>&nbsp;<\/p>\n<p>Anvendelse: Sportsyachter, megayachter, sportsfiskeri og kommercielle fart\u00f8jer.<\/p>\n<ul>\n<li>To h\u00f8jintensitets 55-watt halogenp\u00e6rer<\/li>\n<li>Controlleren har den nyeste elektronik til at beskytte lys mod de fleste str\u00f8mst\u00f8d<\/li>\n<li>Soft On og Off forl\u00e6nger p\u00e6rens levetid<\/li>\n<li>Intern elevationsmekanisme til pr\u00e6cis h\u00e6ldningskontrol af str\u00e5len; beskytter elevationsmekanismen mod vejret<\/li>\n<li>Robust, tredobbelt grundet og forseglet aluminiumshus i maritim kvalitet<\/li>\n<li>Inkluderer fingerspidsfjernbetjening til Point Pad; op til tre fjernbetjente Point Pad-enheder kan installeres p\u00e5 systemet; muligheder for overflade-\/planmontering inkluderet<\/li>\n<li>Den eksklusive XRCiZ\u2122-funktion roterer og bev\u00e6ger lejeenheden hver 30. dag fra aktivering for at holde alle lejeoverflader fri for korrosion og alle elektriske kontakter funktionelle.<\/li>\n<li>Ledningsnet p\u00e5 4,57 m<\/li>\n<\/ul>\n<p>Tags: projekt\u00f8rer, projekt\u00f8r, RCL projekt\u00f8r, RCL 100, projekt\u00f8r til b\u00e5de, marineprojekt\u00f8r, marineprojekt\u00f8rer, acr projekt\u00f8r, 1930, varenummer 1930, 1931, varenummer 1931<\/p>\n","protected":false},"excerpt":{"rendered":"<p>RCL -100D&#8217;s robuste aluminiumshus i marinekvalitet er perfekt til b\u00e5de mellemstore sportsb\u00e5de og kommercielle fart\u00f8jer. Projekt\u00f8rens saltvandsbestandige design inkluderer tredobbelt grundet og forseglet konstruktion, nylon- og fenolskiver samt skruer i aluminiseret rustfrit st\u00e5l. <\/p>\n<p>&nbsp;<\/p>\n<p style=\"margin-left: 0in; margin-right: 0in;\"><span style=\"font-size: 11pt;\"><span style=\"font-family: Calibri,sans-serif;\"><a style=\"color: blue; text-decoration: underline;\" href=\"https:\/\/www.dropbox.com\/s\/ezakylsa2478sav\/Prop%2065%20-%20DINP%20and%20BPA.pdf?dl=0\"><span style=\"color: #000000;\">ADVARSEL: FORSLAG 65<\/span><\/a><\/span><\/span><\/p>\n<p style=\"margin-left: 0in; margin-right: 0in;\">\n","protected":false},"featured_media":152452,"template":"","meta":{"_acf_changed":false,"om_disable_all_campaigns":false},"product_brand":[],"product_cat":[5905,5911,5668,5907,7222,5909],"product_tag":[7334,7336,7242,7244,7233,7235,7224,7332,7330,7226,7243],"class_list":{"0":"post-152448","1":"product","2":"type-product","3":"status-publish","4":"has-post-thumbnail","6":"product_cat-indre","7":"product_cat-kommerciel","8":"product_cat-marine-da","9":"product_cat-naer-kysten-da","10":"product_cat-sogelys","11":"product_cat-ud-for-kysten","12":"product_tag-12v-sogelys","13":"product_tag-24v-sogelys","14":"product_tag-acr-sogelys","15":"product_tag-acr-sogelys-da","16":"product_tag-badprojektor","17":"product_tag-maritim-sogelys","18":"product_tag-rcl-da","19":"product_tag-rcl-100-da","20":"product_tag-rcl100-da","21":"product_tag-sogelys","22":"product_tag-xenon-projektorer","23":"pa_product-arv-da","25":"first","26":"outofstock","27":"taxable","28":"shipping-taxable","29":"product-type-simple"},"acf":[],"_links":{"self":[{"href":"https:\/\/www.acrartex.com\/da\/wp-json\/wp\/v2\/product\/152448","targetHints":{"allow":["GET"]}}],"collection":[{"href":"https:\/\/www.acrartex.com\/da\/wp-json\/wp\/v2\/product"}],"about":[{"href":"https:\/\/www.acrartex.com\/da\/wp-json\/wp\/v2\/types\/product"}],"wp:featuredmedia":[{"embeddable":true,"href":"https:\/\/www.acrartex.com\/da\/wp-json\/wp\/v2\/media\/152452"}],"wp:attachment":[{"href":"https:\/\/www.acrartex.com\/da\/wp-json\/wp\/v2\/media?parent=152448"}],"wp:term":[{"taxonomy":"product_brand","embeddable":true,"href":"https:\/\/www.acrartex.com\/da\/wp-json\/wp\/v2\/product_brand?post=152448"},{"taxonomy":"product_cat","embeddable":true,"href":"https:\/\/www.acrartex.com\/da\/wp-json\/wp\/v2\/product_cat?post=152448"},{"taxonomy":"product_tag","embeddable":true,"href":"https:\/\/www.acrartex.com\/da\/wp-json\/wp\/v2\/product_tag?post=152448"}],"curies":[{"name":"wp","href":"https:\/\/api.w.org\/{rel}","templated":true}]}}