{"id":152406,"date":"2021-03-16T08:14:56","date_gmt":"2021-03-16T13:14:56","guid":{"rendered":"https:\/\/www.acrartex.com\/products\/rcl-600a-soegelys\/"},"modified":"2026-02-03T14:10:48","modified_gmt":"2026-02-03T19:10:48","slug":"rcl-600a-soegelys","status":"publish","type":"product","link":"https:\/\/www.acrartex.com\/da\/products\/rcl-600a-soegelys\/","title":{"rendered":"RCL -600A S\u00f8gelys"},"content":{"rendered":"<p>Den robuste pulverlakerede aluminiumsprojekt\u00f8r med alle interne\/beskyttede motorer og elevationsmekanismer vil modst\u00e5 det barske marinemilj\u00f8 i mange \u00e5rs nyttig tjeneste.<\/p>\n<ul>\n<li>Automatisk retur bringer lyset tilbage til en forudindstillet position<\/li>\n<li>Xenonlampe og parabolsk reflektor giver en hyperintens spotlightstr\u00e5le p\u00e5 6.000.000 candela<\/li>\n<li>Huset kan drejes 360\u00b0, hvilket giver mulighed for belysning hele vejen rundt<\/li>\n<li>Nylonskulderskiver i bunden eliminerer den galvaniske reaktion<\/li>\n<li>Marinekvalitets aluminiumskabinet til mange \u00e5rs p\u00e5lidelig og vejrbestandig brug<\/li>\n<li>\u00c6stetisk designet til at opfylde ydeevnekravene for store lystb\u00e5de<\/li>\n<li>Intern elevationsmekanisme giver h\u00e6ldningskontrol af spotlightet, samtidig med at den beskytter elevationsmekanismen mod vejret<\/li>\n<\/ul>\n<p>Tags: projekt\u00f8rer, projekt\u00f8r, RCL projekt\u00f8r, RCL 600, projekt\u00f8r til b\u00e5de, marineprojekt\u00f8r, marineprojekt\u00f8rer, ACR projekt\u00f8r, 1941, P\/N 1941<\/p>\n","protected":false},"excerpt":{"rendered":"<p>Med sine 6 millioner candela lysstyrke gennemborer denne topmoderne projekt\u00f8r selv den m\u00f8rkeste nat. Dens h\u00f8jintensitets 150-watt xenonp\u00e6re og parabolske reflektor giver robust kraft til kommercielle fart\u00f8jer, mens dens \u00e6stetiske design opfylder alle behovene hos store lystb\u00e5de. Skift nemt fra projekt\u00f8r til spotlight, og sigt pr\u00e6cist med det indbyggede fjernbetjeningsjoystick.  <\/p>\n","protected":false},"featured_media":152412,"template":"","meta":{"_acf_changed":false,"om_disable_all_campaigns":false},"product_brand":[],"product_cat":[5911,5668,5907,7222,5909],"product_tag":[7242,7244,7233,7247,7246,7237,7235,7231,7224,7228,7226,7229,7241,7243,7239],"class_list":{"0":"post-152406","1":"product","2":"type-product","3":"status-publish","4":"has-post-thumbnail","6":"product_cat-kommerciel","7":"product_cat-marine-da","8":"product_cat-naer-kysten-da","9":"product_cat-sogelys","10":"product_cat-ud-for-kysten","11":"product_tag-acr-sogelys","12":"product_tag-acr-sogelys-da","13":"product_tag-badprojektor","14":"product_tag-fjernbetjent-sogelys","15":"product_tag-jabsco-sogelys","16":"product_tag-marine-sogelys","17":"product_tag-maritim-sogelys","18":"product_tag-projektorer-til-salg","19":"product_tag-rcl-da","20":"product_tag-rcl-sogelys","21":"product_tag-sogelys","22":"product_tag-sogelys-da","23":"product_tag-sogelysfirma","24":"product_tag-xenon-projektorer","25":"product_tag-xenon-sogelygte","26":"pa_boat-type-charter-yacht-da","27":"pa_boat-type-fragtskib","28":"pa_boat-type-kommercielt-fiskeri","29":"pa_boat-type-yacht-da","30":"pa_product-sogelys","32":"first","33":"instock","34":"taxable","35":"shipping-taxable","36":"purchasable","37":"product-type-simple"},"acf":[],"_links":{"self":[{"href":"https:\/\/www.acrartex.com\/da\/wp-json\/wp\/v2\/product\/152406","targetHints":{"allow":["GET"]}}],"collection":[{"href":"https:\/\/www.acrartex.com\/da\/wp-json\/wp\/v2\/product"}],"about":[{"href":"https:\/\/www.acrartex.com\/da\/wp-json\/wp\/v2\/types\/product"}],"wp:featuredmedia":[{"embeddable":true,"href":"https:\/\/www.acrartex.com\/da\/wp-json\/wp\/v2\/media\/152412"}],"wp:attachment":[{"href":"https:\/\/www.acrartex.com\/da\/wp-json\/wp\/v2\/media?parent=152406"}],"wp:term":[{"taxonomy":"product_brand","embeddable":true,"href":"https:\/\/www.acrartex.com\/da\/wp-json\/wp\/v2\/product_brand?post=152406"},{"taxonomy":"product_cat","embeddable":true,"href":"https:\/\/www.acrartex.com\/da\/wp-json\/wp\/v2\/product_cat?post=152406"},{"taxonomy":"product_tag","embeddable":true,"href":"https:\/\/www.acrartex.com\/da\/wp-json\/wp\/v2\/product_tag?post=152406"}],"curies":[{"name":"wp","href":"https:\/\/api.w.org\/{rel}","templated":true}]}}