{"id":152405,"date":"2021-03-16T08:15:01","date_gmt":"2021-03-16T13:15:01","guid":{"rendered":"https:\/\/www.acrartex.com\/products\/rcl-300a-soegelys\/"},"modified":"2026-02-03T14:07:32","modified_gmt":"2026-02-03T19:07:32","slug":"rcl-300a-soegelys","status":"publish","type":"product","link":"https:\/\/www.acrartex.com\/da\/products\/rcl-300a-soegelys\/","title":{"rendered":"RCL -300A S\u00f8gelys"},"content":{"rendered":"<p>Den er t\u00e6tnet og f\u00e6rdigbehandlet til at modst\u00e5 det maritime milj\u00f8, og alle funktioner kan betjenes ved hj\u00e6lp af den medf\u00f8lgende Point Pad\u2122 og Master Controller (op til tre fjernbetjeninger kan installeres).<\/p>\n<ul>\n<li>Intern elevationsmekanisme giver h\u00e6ldningskontrol af spotlightstr\u00e5len; beskytter elevationsmekanismen mod vejret<\/li>\n<li>Inkluderer fingerspidsfjernbetjening Point Pad\u2122; op til tre Point Pad\u2122-fjernenheder kan installeres p\u00e5 systemet; muligheder for overflade-\/planmontering inkluderet<\/li>\n<li>Robust, tredobbelt grundet og forseglet aluminiumshus i maritim kvalitet<\/li>\n<li>XRCiZ\u2122-funktionen roterer og flytter lysenheden hver 30. dag fra aktivering for at holde alle lejeoverflader fri for korrosion og alle elektriske kontakter funktionelle<\/li>\n<li>Saltvandsbestandig konstruktion med nylon- og fenolskiver, aluminiserede rustfri st\u00e5lskruer med isolerende sm\u00f8remiddel<\/li>\n<li>Ledningsnet inkluderet<\/li>\n<li>* To 35 W metalhalogen HID-lamper giver over 500 k CD hver og 1 million effektiv CD, n\u00e5r de kombineres.<\/li>\n<\/ul>\n<p>Tags: projekt\u00f8rer, projekt\u00f8r, RCL projekt\u00f8r, RCL 300, projekt\u00f8r til b\u00e5de, marineprojekt\u00f8r, marineprojekt\u00f8rer, acr projekt\u00f8r, 1933, P\/N 1933<\/p>\n","protected":false},"excerpt":{"rendered":"<p>Dobbelte 35-watt metalhalogen HID-lamper skaber en smalstr\u00e5lende s\u00f8gelys, der er perfekt til store sportsyachter og megayachter, s\u00e5vel som store sportsfiskeri- og erhvervsfart\u00f8jer. RCL -300A-s\u00f8gelyset er lavet til at forbedre sikkerheden til s\u00f8s under natdrift. Det er ogs\u00e5 nemt at bruge med et joystick i kommerciel kvalitet, der har en IP 69K-klassificering og belysning.  <\/p>\n<p><a href=\"https:\/\/www.dropbox.com\/s\/8343nj28z0d7bxa\/Prop%2065%20-%20BPA.pdf?dl=0\">ADVARSEL: FORSLAG 65<\/a><\/p>\n","protected":false},"featured_media":152410,"template":"","meta":{"_acf_changed":false,"om_disable_all_campaigns":false},"product_brand":[],"product_cat":[5668,7222],"product_tag":[7242,7244,7233,7237,7235,7231,7224,7245,7226,7229,7241,7243,7239],"class_list":{"0":"post-152405","1":"product","2":"type-product","3":"status-publish","4":"has-post-thumbnail","6":"product_cat-marine-da","7":"product_cat-sogelys","8":"product_tag-acr-sogelys","9":"product_tag-acr-sogelys-da","10":"product_tag-badprojektor","11":"product_tag-marine-sogelys","12":"product_tag-maritim-sogelys","13":"product_tag-projektorer-til-salg","14":"product_tag-rcl-da","15":"product_tag-rcl-300a-da","16":"product_tag-sogelys","17":"product_tag-sogelys-da","18":"product_tag-sogelysfirma","19":"product_tag-xenon-projektorer","20":"product_tag-xenon-sogelygte","21":"pa_product-sogelys","23":"first","24":"instock","25":"taxable","26":"shipping-taxable","27":"purchasable","28":"product-type-simple"},"acf":[],"_links":{"self":[{"href":"https:\/\/www.acrartex.com\/da\/wp-json\/wp\/v2\/product\/152405","targetHints":{"allow":["GET"]}}],"collection":[{"href":"https:\/\/www.acrartex.com\/da\/wp-json\/wp\/v2\/product"}],"about":[{"href":"https:\/\/www.acrartex.com\/da\/wp-json\/wp\/v2\/types\/product"}],"wp:featuredmedia":[{"embeddable":true,"href":"https:\/\/www.acrartex.com\/da\/wp-json\/wp\/v2\/media\/152410"}],"wp:attachment":[{"href":"https:\/\/www.acrartex.com\/da\/wp-json\/wp\/v2\/media?parent=152405"}],"wp:term":[{"taxonomy":"product_brand","embeddable":true,"href":"https:\/\/www.acrartex.com\/da\/wp-json\/wp\/v2\/product_brand?post=152405"},{"taxonomy":"product_cat","embeddable":true,"href":"https:\/\/www.acrartex.com\/da\/wp-json\/wp\/v2\/product_cat?post=152405"},{"taxonomy":"product_tag","embeddable":true,"href":"https:\/\/www.acrartex.com\/da\/wp-json\/wp\/v2\/product_tag?post=152405"}],"curies":[{"name":"wp","href":"https:\/\/api.w.org\/{rel}","templated":true}]}}