{"id":152344,"date":"2021-03-16T08:13:07","date_gmt":"2021-03-16T13:13:07","guid":{"rendered":"https:\/\/www.acrartex.com\/products\/sea-shelter-3-kat-i-epirb-beslag\/"},"modified":"2025-07-29T15:04:54","modified_gmt":"2025-07-29T20:04:54","slug":"sea-shelter-3-kat-i-epirb-beslag","status":"publish","type":"product","link":"https:\/\/www.acrartex.com\/da\/products\/sea-shelter-3-kat-i-epirb-beslag\/","title":{"rendered":"Sea Shelter \u2122 3 Kat. I EPIRB beslag"},"content":{"rendered":"<ul>\n<li>Innovativ, hurtigt skiftende hydrostatisk udl\u00f8sermekanisme<\/li>\n<li>Envejsmontering eliminerer muligheden for at installere EPIRB bagl\u00e6ns<\/li>\n<li>Integreret deaktiveringsmagnet forhindrer EPIRB i at sende, indtil den er udl\u00f8st.<\/li>\n<li>Udl\u00f8ser EPIRB , n\u00e5r den er neds\u00e6nket i vand p\u00e5 en dybde mellem 1,5 og 4 m<\/li>\n<\/ul>\n","protected":false},"excerpt":{"rendered":"<p>Barske forhold har ikke en chance mod Sea Shelter \u2122 3 Cat I. Dette EPIRB beslag er fuldt lukket, hvilket giver beskyttelse selv under dine vildeste eventyr. Skulle dit fart\u00f8j begynde at tage vand ind, vil Sea Shelter automatisk udl\u00f8se din EPIRB og sende et signal til et verdensomsp\u00e6ndende netv\u00e6rk af efters\u00f8gnings- og redningssatellitter. <\/p>\n<p>&nbsp;<\/p>\n<p>Denne EPIRB beslag fungerer med f\u00f8lgende produkter:<\/p>\n<ul>\n<li>GlobalFix \u2122 iPRO (RLB-36)<\/li>\n<li>GlobalFix \u2122 PRO (RLB-37)<\/li>\n<li>SATELLIT 3 406\u2122 (RLB-38)<\/li>\n<\/ul>\n<p>BEM\u00c6RK: Sea Shelter \u2122 3-udskiftningsbeslaget (varenr. 9501) inkluderer ikke den hydrostatiske udl\u00f8serenhed (HRU). HRU&#8217;en (varenr. 9490.1) skal bestilles separat. <\/p>\n<p>&nbsp;<\/p>\n<p>&nbsp;<\/p>\n","protected":false},"featured_media":152345,"template":"","meta":{"_acf_changed":false,"om_disable_all_campaigns":false},"product_brand":[],"product_cat":[5905,5911,5668,5907,5909],"product_tag":[7058,7066,7059,7065,7067,7061,7064,7068,7069,7057,7072,7073,7070,7071,7062,7063,7060],"class_list":{"0":"post-152344","1":"product","2":"type-product","3":"status-publish","4":"has-post-thumbnail","6":"product_cat-indre","7":"product_cat-kommerciel","8":"product_cat-marine-da","9":"product_cat-naer-kysten-da","10":"product_cat-ud-for-kysten","11":"product_tag-406-mhz-beslag","12":"product_tag-acr-kategori-1-da","13":"product_tag-acr-beslag","14":"product_tag-acr-kat-i-da","15":"product_tag-automatisk-udloser-epirb","16":"product_tag-cospas-sarsat-da","17":"product_tag-epirb-kat-1-da","18":"product_tag-hydrostatisk-frigivelse-epirb","19":"product_tag-hydrostatisk-udloserbeslag","20":"product_tag-kat-i-da","21":"product_tag-kategori-1-epirb-da","22":"product_tag-kategori-1-epirobs-da","23":"product_tag-kategori-1-gruppe-da","24":"product_tag-kategori-i-gruppe-da","25":"product_tag-sejlsikkerhed","26":"product_tag-sikkerhed-pa-bade","27":"product_tag-tor-epirb","28":"pa_boat-size-0-20-da","29":"pa_boat-size-21-40-da","30":"pa_boat-size-40-80-da","31":"pa_boat-size-80-da","32":"pa_boat-type-charter-yacht-da","33":"pa_boat-type-fragtskib","34":"pa_boat-type-kommercielt-fiskeri","35":"pa_boat-type-motorbad","36":"pa_boat-type-sejlbad","37":"pa_boat-type-slaebebad","38":"pa_boat-type-sportcraft-da","39":"pa_boat-type-yacht-da","40":"pa_product-rescue-beacons-da","41":"pa_product-rescue-beacons-vhf-sart-da","42":"pa_product-sikkerhedstilbehor","44":"first","45":"outofstock","46":"taxable","47":"shipping-taxable","48":"purchasable","49":"product-type-simple"},"acf":[],"_links":{"self":[{"href":"https:\/\/www.acrartex.com\/da\/wp-json\/wp\/v2\/product\/152344","targetHints":{"allow":["GET"]}}],"collection":[{"href":"https:\/\/www.acrartex.com\/da\/wp-json\/wp\/v2\/product"}],"about":[{"href":"https:\/\/www.acrartex.com\/da\/wp-json\/wp\/v2\/types\/product"}],"wp:featuredmedia":[{"embeddable":true,"href":"https:\/\/www.acrartex.com\/da\/wp-json\/wp\/v2\/media\/152345"}],"wp:attachment":[{"href":"https:\/\/www.acrartex.com\/da\/wp-json\/wp\/v2\/media?parent=152344"}],"wp:term":[{"taxonomy":"product_brand","embeddable":true,"href":"https:\/\/www.acrartex.com\/da\/wp-json\/wp\/v2\/product_brand?post=152344"},{"taxonomy":"product_cat","embeddable":true,"href":"https:\/\/www.acrartex.com\/da\/wp-json\/wp\/v2\/product_cat?post=152344"},{"taxonomy":"product_tag","embeddable":true,"href":"https:\/\/www.acrartex.com\/da\/wp-json\/wp\/v2\/product_tag?post=152344"}],"curies":[{"name":"wp","href":"https:\/\/api.w.org\/{rel}","templated":true}]}}