{"id":152284,"date":"2021-03-16T08:14:18","date_gmt":"2021-03-16T13:14:18","guid":{"rendered":"https:\/\/www.acrartex.com\/products\/fjernbetjening-me406-ace-455-0023\/"},"modified":"2025-07-07T12:48:42","modified_gmt":"2025-07-07T17:48:42","slug":"fjernbetjening-me406-ace-455-0023","status":"publish","type":"product","link":"https:\/\/www.acrartex.com\/da\/products\/fjernbetjening-me406-ace-455-0023\/","title":{"rendered":"Fjernbetjening, ME406 ACE 455-0023"},"content":{"rendered":"<p>Fjernbetjeningen indeholder et lille lithiumbatteri med en levetid p\u00e5 5 \u00e5r, der driver LED&#8217;en p\u00e5 fjernbetjeningen, hvilket g\u00f8r det muligt for ELT systemet at v\u00e6re uafh\u00e6ngigt af flyets str\u00f8mforsyning. Bagsiden af \u200b\u200bfjernbetjeningen indeholder stikket til den allerede installerede og genbrugte &#8220;telefonledning&#8221; til ACK- eller Ameri-King ELT installationen. <\/p>\n","protected":false},"excerpt":{"rendered":"<p>Denne fjernbetjening indeholder et lille lithiumbatteri med en levetid p\u00e5 5 \u00e5r, der er designet til at drive LED&#8217;en p\u00e5 fjernbetjeningen, hvilket g\u00f8r det muligt for ELT systemet at v\u00e6re uafh\u00e6ngigt af flyets str\u00f8m. Bagsiden af \u200b\u200bfjernbetjeningen indeholder stikket til den allerede installerede og genbrugte &#8220;telefonledning&#8221; til ACK- eller Ameri-King ELT installationen. Fjernbetjeningen til ME406 ACE passer pr\u00e6cist ind i udsk\u00e6ringen p\u00e5 ACK ELT fjernbetjeningen p\u00e5 flyets instrumentpanel. Ved opgraderinger af Ameri-King ELT systemet skal udsk\u00e6ringen dog tilpasses en smule.  <\/p>\n<p>&nbsp;<\/p>\n","protected":false},"featured_media":152287,"template":"","meta":{"_acf_changed":false,"om_disable_all_campaigns":false},"product_brand":[],"product_cat":[5592],"product_tag":[6941,6284,6300,6891,6374,6937,6373,6944,6943,6939,6942,6946],"class_list":{"0":"post-152284","1":"product","2":"type-product","3":"status-publish","4":"has-post-thumbnail","6":"product_cat-luftfart-da","7":"product_tag-453-0023-da","8":"product_tag-elt-fjernbetjeninger","9":"product_tag-fjern","10":"product_tag-fjernbetjening","11":"product_tag-fjernbetjening-til-naersyn","12":"product_tag-fjerntestkontakt","13":"product_tag-nvg-fjernbetjening","14":"product_tag-pn453-0023-da","15":"product_tag-varenr-453-0023","16":"product_tag-varenummer-453-0023-da","17":"product_tag-varenummer-453-0023-da-2","18":"product_tag-varenummer-453-0023-da-3","20":"first","21":"instock","22":"taxable","23":"shipping-taxable","24":"product-type-simple"},"acf":[],"_links":{"self":[{"href":"https:\/\/www.acrartex.com\/da\/wp-json\/wp\/v2\/product\/152284","targetHints":{"allow":["GET"]}}],"collection":[{"href":"https:\/\/www.acrartex.com\/da\/wp-json\/wp\/v2\/product"}],"about":[{"href":"https:\/\/www.acrartex.com\/da\/wp-json\/wp\/v2\/types\/product"}],"wp:featuredmedia":[{"embeddable":true,"href":"https:\/\/www.acrartex.com\/da\/wp-json\/wp\/v2\/media\/152287"}],"wp:attachment":[{"href":"https:\/\/www.acrartex.com\/da\/wp-json\/wp\/v2\/media?parent=152284"}],"wp:term":[{"taxonomy":"product_brand","embeddable":true,"href":"https:\/\/www.acrartex.com\/da\/wp-json\/wp\/v2\/product_brand?post=152284"},{"taxonomy":"product_cat","embeddable":true,"href":"https:\/\/www.acrartex.com\/da\/wp-json\/wp\/v2\/product_cat?post=152284"},{"taxonomy":"product_tag","embeddable":true,"href":"https:\/\/www.acrartex.com\/da\/wp-json\/wp\/v2\/product_tag?post=152284"}],"curies":[{"name":"wp","href":"https:\/\/api.w.org\/{rel}","templated":true}]}}