{"id":152145,"date":"2021-03-16T08:13:16","date_gmt":"2021-03-16T13:13:16","guid":{"rendered":"https:\/\/www.acrartex.com\/products\/globalfix-v4-manuel-udloeserbeslag\/"},"modified":"2025-07-29T15:02:19","modified_gmt":"2025-07-29T20:02:19","slug":"globalfix-v4-manuel-udloeserbeslag","status":"publish","type":"product","link":"https:\/\/www.acrartex.com\/da\/products\/globalfix-v4-manuel-udloeserbeslag\/","title":{"rendered":"GlobalFix V4 Manuel Udl\u00f8serbeslag"},"content":{"rendered":"<ul>\n<li>Envejsmontering eliminerer muligheden for at installere EPIRB bagl\u00e6ns<\/li>\n<li>Integreret deaktiveringsmagnet forhindrer EPIRB i at sende, indtil den er udl\u00f8st.<\/li>\n<li>Fungerer med ACR GlobalFix \u2122 V4 (RLB-41)<\/li>\n<\/ul>\n","protected":false},"excerpt":{"rendered":"<p>S\u00f8rg for ekstra sikkerhed til s\u00f8s med GlobalFix V4 manuel udl\u00f8serbeslag. Dette EPIRB beslag vil sikkert opbevare din EPIRB , uanset hvor dine eventyr f\u00f8rer dig hen. Skulle du st\u00f8de p\u00e5 en n\u00f8dsituation p\u00e5 en b\u00e5d, giver GlobalFix V4-beslaget en hurtig udl\u00f8ser, s\u00e5 du hurtigt og nemt kan sende et signal til efters\u00f8gnings- og redningssatellitter. Dette beslag passer kun til GlobalFix \u2122 V4 EPIRB&#8217;er.   <\/p>\n<p>&nbsp;<\/p>\n<p>&nbsp;<\/p>\n<p>&nbsp;<\/p>\n","protected":false},"featured_media":152160,"template":"","meta":{"_acf_changed":false,"om_disable_all_campaigns":false},"product_brand":[],"product_cat":[5905,5911,5668,5907,6621,5909],"product_tag":[6626,6639,6645,6623,6635,6630,6642],"class_list":{"0":"post-152145","1":"product","2":"type-product","3":"status-publish","4":"has-post-thumbnail","6":"product_cat-indre","7":"product_cat-kommerciel","8":"product_cat-marine-da","9":"product_cat-naer-kysten-da","10":"product_cat-sikkerhedstilbehor","11":"product_cat-ud-for-kysten","12":"product_tag-beslag","13":"product_tag-kategori-2-da","14":"product_tag-rlb-da","15":"product_tag-rlb-41-da","16":"product_tag-rlb-41-kategori-ii-da","17":"product_tag-rlb-41-kategori-ii-manuel-udloserbeslag","18":"product_tag-udloserbeslag","19":"pa_boat-size-0-20-da","20":"pa_boat-size-21-40-da","21":"pa_boat-size-40-80-da","22":"pa_boat-size-80-da","23":"pa_boat-type-charter-yacht-da","24":"pa_boat-type-fragtskib","25":"pa_boat-type-kommercielt-fiskeri","26":"pa_boat-type-motorbad","27":"pa_boat-type-sejlbad","28":"pa_boat-type-slaebebad","29":"pa_boat-type-sportcraft-da","30":"pa_boat-type-yacht-da","31":"pa_product-rescue-beacons-da","32":"pa_product-rescue-beacons-vhf-sart-da","33":"pa_product-sikkerhedstilbehor","35":"first","36":"onbackorder","37":"taxable","38":"shipping-taxable","39":"purchasable","40":"product-type-simple"},"acf":[],"_links":{"self":[{"href":"https:\/\/www.acrartex.com\/da\/wp-json\/wp\/v2\/product\/152145","targetHints":{"allow":["GET"]}}],"collection":[{"href":"https:\/\/www.acrartex.com\/da\/wp-json\/wp\/v2\/product"}],"about":[{"href":"https:\/\/www.acrartex.com\/da\/wp-json\/wp\/v2\/types\/product"}],"wp:featuredmedia":[{"embeddable":true,"href":"https:\/\/www.acrartex.com\/da\/wp-json\/wp\/v2\/media\/152160"}],"wp:attachment":[{"href":"https:\/\/www.acrartex.com\/da\/wp-json\/wp\/v2\/media?parent=152145"}],"wp:term":[{"taxonomy":"product_brand","embeddable":true,"href":"https:\/\/www.acrartex.com\/da\/wp-json\/wp\/v2\/product_brand?post=152145"},{"taxonomy":"product_cat","embeddable":true,"href":"https:\/\/www.acrartex.com\/da\/wp-json\/wp\/v2\/product_cat?post=152145"},{"taxonomy":"product_tag","embeddable":true,"href":"https:\/\/www.acrartex.com\/da\/wp-json\/wp\/v2\/product_tag?post=152145"}],"curies":[{"name":"wp","href":"https:\/\/api.w.org\/{rel}","templated":true}]}}