{"id":152104,"date":"2021-03-16T08:13:31","date_gmt":"2021-03-16T13:13:31","guid":{"rendered":"https:\/\/www.acrartex.com\/products\/resqlink-2\/"},"modified":"2025-07-07T12:37:53","modified_gmt":"2025-07-07T17:37:53","slug":"resqlink-2","status":"publish","type":"product","link":"https:\/\/www.acrartex.com\/da\/products\/resqlink-2\/","title":{"rendered":"ResQLink \u2122+"},"content":{"rendered":"<p><a href=\"https:\/\/www.acrartex.com\/products\/resqlink-view\/\"><em><strong>Dette produkt er blevet opgraderet.  <\/strong><\/em><\/a><\/p>\n<p>Med en v\u00e6gt p\u00e5 140 g og en tykkelse p\u00e5 kun 11,4 cm er ResQLink + b\u00e5de en lille og flydende Personal Locator Beacon . Lille nok til at blive b\u00e5ret i lommen, fastgjort til en rygs\u00e6k eller opbevaret i en oppustelig redningsvest. <\/p>\n<p>Med tre niveauer af integreret signalteknologi \u2013 GPS positionering, et kraftigt 406 MHz-signal og 121,5 MHz-m\u00e5ls\u00f8gningsfunktion \u2013 videresender ResQLink +\u2122 hurtigt og pr\u00e6cist din position til et verdensomsp\u00e6ndende netv\u00e6rk af efters\u00f8gnings- og redningssatellitter. Et indbygget stroboskoplys giver synlighed under redningsaktioner om natten. <\/p>\n<p>PLB&#8217;er er blevet bevist, afpr\u00f8vet og sande i nogle af verdens mest afsidesliggende steder og under farlige forhold. Bare sp\u00f8rg de cirka 400 piloter, sejlere og vildmarksudforskere, der blev reddet af en PLB under et strengt testprogram i Alaska. Baseret i h\u00f8j grad p\u00e5 testresultaterne godkendte den f\u00f8derale regering brugen af \u200b\u200bPLB&#8217;er i USA i 2003.  <\/p>\n<p>Selv under ekstreme forhold og situationer aktiveres ResQLink + nemt. Du skal blot aktivere antennen og trykke p\u00e5 ON-knappen. Med sin kraftfulde 66-kanals GPS guider ResQLink +\u2122 redningsmandskabet inden for 100 meter eller mindre fra din position. Og i det kontinentale USA f\u00e5r efters\u00f8gnings- og redningspersonale typisk besked om din position p\u00e5 s\u00e5 lidt som fem minutter med en GPS -aktiveret PLB som ResQLink +.   <\/p>\n<p>To indbyggede tests giver dig mulighed for rutinem\u00e6ssigt at verificere, at ResQLink + fungerer og er klar til brug \u2013 med et tryk p\u00e5 en knap kan du nemt teste intern elektronik og GPS funktionalitet.<\/p>\n<ul>\n<li>Opdrift<\/li>\n<li>Ingen abonnementsgebyrer<\/li>\n<li>Superlys LED-strobe<\/li>\n<li>Indbygget 66-kanals GPS<\/li>\n<li>Selvtest- og GPS testfunktioner<\/li>\n<li>Typisk ydeevne 30 timer<\/li>\n<li>Ikke-farligt batteri<\/li>\n<li>Lavet i USA<\/li>\n<li>Hvis du bruger den &#8230; erstatter vi den <a href=\"http:\/\/www.survivorclub.com\/\">gratis<\/a> . Du skal blot indsende din historie via vores Survivor Club link, sende os din brugte beacon tilbage, s\u00e5 vi kan f\u00e5 den monteret p\u00e5 vores Wall of Fame, og vi sender dig en helt ny beacon af samme eller h\u00f8jere v\u00e6rdi. <\/li>\n<\/ul>\n<p>Tags: Personal Locator Beacon , PLB , PLB&#8217;er, 406 MHz, SurvivorClub, Flyd, Opdriftslys, Strobelys, N\u00f8dsignal, Intet abonnement, Personlig EPIRB , GPS lokaliseringssignal<\/p>\n","protected":false},"excerpt":{"rendered":"<p><em><strong>Dette produkt er blevet opgraderet. <a href=\"https:\/\/www.acrartex.com\/products\/resqlink-view\/\">Klik her<\/a> for tilg\u00e6ngelige opgraderinger.<\/strong><\/em><\/p>\n<p>Den er m\u00e5ske lille, men den er robust. ResQLink \u2122+ Personal Locator Beacon ( PLB ) er en flydende, GPS -aktiveret redningsfyr, der er velegnet til udend\u00f8rs eventyr i alle st\u00f8rrelser (t\u00e6nk: alt fra vandreture og cykling til jagt og fiskeri). Skulle du st\u00f8de p\u00e5 en uventet overlevelsessituation, vil ResQLink + PLB videresende din placering til et netv\u00e6rk af efters\u00f8gnings- og redningssatellitter, s\u00e5 lokale f\u00f8rstehj\u00e6lpere lettere kan f\u00e5 dig hjem i god behold.  <\/p>\n<p><strong>V\u00e6r forberedt p\u00e5 det uforudsigelige!<\/strong><\/p>\n<p>&nbsp;<\/p>\n<ul>\n<li>Opdrift<\/li>\n<li>LED-strobelys<\/li>\n<li>Selvtest<\/li>\n<li>66-kanals GPS<\/li>\n<li>Nem n\u00f8daktivering<\/li>\n<li>Antenneklemme<\/li>\n<\/ul>\n<p style=\"margin-left: 0in; margin-right: 0in;\"><span style=\"font-size: 11pt;\"><span style=\"font-family: Calibri,sans-serif;\"><a style=\"color: blue; text-decoration: underline;\" href=\"https:\/\/www.dropbox.com\/s\/ezakylsa2478sav\/Prop%2065%20-%20DINP%20and%20BPA.pdf?dl=0\"><span style=\"color: #000000;\">ADVARSEL: FORSLAG 65<\/span><\/a><\/span><\/span><\/p>\n<p style=\"margin-left: 0in; margin-right: 0in;\">\n","protected":false},"featured_media":152154,"template":"","meta":{"_acf_changed":false,"om_disable_all_campaigns":false},"product_brand":[],"product_cat":[5915,5928,5921,5905,5930,5911,5592,5927,5668,5904,5907,5919,5925,5917,5909,5744,5913],"product_tag":[5600,6351,6360,6625,6356,6629,6352,6357,6362,6616,6603,6359,6637,6361,6353,6354,6633,6358,5750,5746,5941,5939,5932,6355,6363],"class_list":{"0":"post-152104","1":"product","2":"type-product","3":"status-publish","4":"has-post-thumbnail","6":"product_cat-actionsport-offroad-da","7":"product_cat-fladestyrker","8":"product_cat-generel-luftfart","9":"product_cat-indre","10":"product_cat-jord-specialstyrker","11":"product_cat-kommerciel","12":"product_cat-luftfart-da","13":"product_cat-luftpatrulje-da","14":"product_cat-marine-da","15":"product_cat-militaer-da","16":"product_cat-naer-kysten-da","17":"product_cat-padlesport-fiskeri","18":"product_cat-politi-kommune-da","19":"product_cat-rejseudstyr","20":"product_cat-ud-for-kysten","21":"product_cat-udendors","22":"product_cat-vandring-klatring-lejr","23":"product_tag-406-da","24":"product_tag-406-mhz-da","25":"product_tag-66-kanaler-da","26":"product_tag-fiskeri","27":"product_tag-flad","28":"product_tag-forstehjaelpere","29":"product_tag-fyrtarn-da","30":"product_tag-gps-lokaliseringsenhed","31":"product_tag-gult-fyrtarn-da","32":"product_tag-jagt","33":"product_tag-klatring-da","34":"product_tag-lille-fyrtarn","35":"product_tag-livreddende-udstyr","36":"product_tag-nem-aktivering","37":"product_tag-opdrift","38":"product_tag-opdrift-plb","39":"product_tag-overlevelsesfyr-da","40":"product_tag-personlig-epirb-da","41":"product_tag-personlig-lokaliseringsfyr-da","42":"product_tag-plb-da","43":"product_tag-plb-375-da","44":"product_tag-plb375-da","45":"product_tag-resqlink-da","46":"product_tag-resqlink-plus-da","47":"product_tag-vandretur-fyrtarn","48":"pa_product-arv-da","50":"first","51":"outofstock","52":"taxable","53":"shipping-taxable","54":"product-type-simple"},"acf":[],"_links":{"self":[{"href":"https:\/\/www.acrartex.com\/da\/wp-json\/wp\/v2\/product\/152104","targetHints":{"allow":["GET"]}}],"collection":[{"href":"https:\/\/www.acrartex.com\/da\/wp-json\/wp\/v2\/product"}],"about":[{"href":"https:\/\/www.acrartex.com\/da\/wp-json\/wp\/v2\/types\/product"}],"wp:featuredmedia":[{"embeddable":true,"href":"https:\/\/www.acrartex.com\/da\/wp-json\/wp\/v2\/media\/152154"}],"wp:attachment":[{"href":"https:\/\/www.acrartex.com\/da\/wp-json\/wp\/v2\/media?parent=152104"}],"wp:term":[{"taxonomy":"product_brand","embeddable":true,"href":"https:\/\/www.acrartex.com\/da\/wp-json\/wp\/v2\/product_brand?post=152104"},{"taxonomy":"product_cat","embeddable":true,"href":"https:\/\/www.acrartex.com\/da\/wp-json\/wp\/v2\/product_cat?post=152104"},{"taxonomy":"product_tag","embeddable":true,"href":"https:\/\/www.acrartex.com\/da\/wp-json\/wp\/v2\/product_tag?post=152104"}],"curies":[{"name":"wp","href":"https:\/\/api.w.org\/{rel}","templated":true}]}}