{"id":152076,"date":"2021-03-16T08:13:54","date_gmt":"2021-03-16T13:13:54","guid":{"rendered":"https:\/\/www.acrartex.com\/products\/fjernbetjening-standard-8304\/"},"modified":"2021-03-16T08:13:54","modified_gmt":"2021-03-16T13:13:54","slug":"fjernbetjening-standard-8304","status":"publish","type":"product","link":"https:\/\/www.acrartex.com\/da\/products\/fjernbetjening-standard-8304\/","title":{"rendered":"Fjernbetjening, Standard 8304"},"content":{"rendered":"","protected":false},"excerpt":{"rendered":"<p>Denne fjernbetjening er designet til at reducere installationsomkostningerne og im\u00f8dekomme 2-tr\u00e5dsinstallationer, der bruges p\u00e5 de for\u00e6ldede 121,5 MHz ELT&#8217;er. Selvom 3-positionskontakten altid er indstillet til standardtilstanden ARMED, kan du \u00e6ndre indstillingerne for enten at teste din ELT eller aktivere den fra cockpittet. <\/p>\n","protected":false},"featured_media":152081,"template":"","meta":{"_acf_changed":false,"om_disable_all_campaigns":false},"product_brand":[],"product_cat":[6283],"product_tag":[6292,6302,6287,6284,6300,6297,6294,6290],"class_list":{"0":"post-152076","1":"product","2":"type-product","3":"status-publish","4":"has-post-thumbnail","6":"product_cat-ukategoriseret","7":"product_tag-8304-da","8":"product_tag-afbrydere","9":"product_tag-elt-1000-fjernbetjening","10":"product_tag-elt-fjernbetjeninger","11":"product_tag-fjern","12":"product_tag-varenr-8304","13":"product_tag-varenummer-345-6196-da","14":"product_tag-varenummer-8304","16":"first","17":"instock","18":"taxable","19":"shipping-taxable","20":"product-type-simple"},"acf":[],"_links":{"self":[{"href":"https:\/\/www.acrartex.com\/da\/wp-json\/wp\/v2\/product\/152076","targetHints":{"allow":["GET"]}}],"collection":[{"href":"https:\/\/www.acrartex.com\/da\/wp-json\/wp\/v2\/product"}],"about":[{"href":"https:\/\/www.acrartex.com\/da\/wp-json\/wp\/v2\/types\/product"}],"wp:featuredmedia":[{"embeddable":true,"href":"https:\/\/www.acrartex.com\/da\/wp-json\/wp\/v2\/media\/152081"}],"wp:attachment":[{"href":"https:\/\/www.acrartex.com\/da\/wp-json\/wp\/v2\/media?parent=152076"}],"wp:term":[{"taxonomy":"product_brand","embeddable":true,"href":"https:\/\/www.acrartex.com\/da\/wp-json\/wp\/v2\/product_brand?post=152076"},{"taxonomy":"product_cat","embeddable":true,"href":"https:\/\/www.acrartex.com\/da\/wp-json\/wp\/v2\/product_cat?post=152076"},{"taxonomy":"product_tag","embeddable":true,"href":"https:\/\/www.acrartex.com\/da\/wp-json\/wp\/v2\/product_tag?post=152076"}],"curies":[{"name":"wp","href":"https:\/\/api.w.org\/{rel}","templated":true}]}}