{"id":151995,"date":"2021-03-16T08:13:46","date_gmt":"2021-03-16T13:13:46","guid":{"rendered":"https:\/\/www.acrartex.com\/products\/aqualink\/"},"modified":"2021-03-16T08:13:46","modified_gmt":"2021-03-16T13:13:46","slug":"aqualink","status":"publish","type":"product","link":"https:\/\/www.acrartex.com\/da\/products\/aqualink\/","title":{"rendered":"AquaLink\u2122"},"content":{"rendered":"<p><em><strong><a href=\"https:\/\/www.acrartex.com\/products\/resqlink-400\/\">Dette produkt er blevet opgraderet. <\/a> <\/strong><\/em><\/p>\n<p>AquaLink\u2122 udsender et unikt registreret n\u00f8dsignal, der ikke kun fort\u00e6ller redningsmandskabet, hvor du er, men ogs\u00e5 hvem du er. Den indbyggede GPS kan fastsl\u00e5 din position inden for 100 meter og bruger derefter et kraftigt 406 MHz-signal til at videresende dit n\u00f8dopkald til satellitter i kredsl\u00f8b. N\u00e5r lokal efters\u00f8gning og redning inds\u00e6ttes, guider et separat m\u00e5ls\u00f8gende signal og integreret LED-strobelys redningsmandskabet til din n\u00f8jagtige placering.  <\/p>\n<p>&nbsp;<\/p>\n<p>AquaLink\u2122 er lille nok til nemt at kunne b\u00e6res i en rygs\u00e6k eller lomme, eller den kan b\u00e6res p\u00e5 d\u00e6kket, ved roret, i redningsvesten eller p\u00e5 en redningsvest, og den vil flyde, hvis den ved et uheld tabes overbord. Ved at udf\u00f8re en fuld funktionel selvtest af PLB interne kredsl\u00f8b, batterisp\u00e6nding og -str\u00f8m samt 406 MHz-transmission f\u00e5r du ro i sindet, velvidende at din PLB vil fungere, n\u00e5r du har mest brug for den. <\/p>\n<p>&nbsp;<\/p>\n<p>ACR Eksklusivt: Indbygget GPS opsamlingstesttilstand giver dig mulighed for at teste GPS funktionaliteten op til 12 gange i l\u00f8bet af batteriets levetid. Benyt dig af den samme felttestede redningsteknologi, der bruges af det amerikanske milit\u00e6r, kystvagten, NATO&#8217;s specialstyrker og arktiske opdagelsesrejsende. <\/p>\n<p>&nbsp;<\/p>\n<ul>\n<li>Ingen abonnementsgebyrer<\/li>\n<li>Flyder<\/li>\n<li>Superlys LED-strobe<\/li>\n<li>Indbygget 66-kanals GPS<\/li>\n<li>Selvtest- og GPS testfunktioner<\/li>\n<li>Typisk ydeevne 35 timer<\/li>\n<li>Ikke-farligt batteri<\/li>\n<li>Lavet i USA<\/li>\n<\/ul>\n<p>&nbsp;<\/p>\n<p>Hvis du bruger den, erstatter vi den gratis. Indsend blot din overlevelseshistorie, send os din brugte beacon tilbage, og vi sender dig den nyeste version af din livreddende enhed. <\/p>\n","protected":false},"excerpt":{"rendered":"<p><em><strong>Dette produkt er blevet opgraderet. <a href=\"https:\/\/www.acrartex.com\/products\/resqlink-400\/\">Klik her<\/a> for tilg\u00e6ngelige opgraderinger<\/strong><\/em><\/p>\n<p>#PrepLikeAPro med AquaLink\u2122 PLB . Denne redningsfyr er lille nok til at have i lommen, men alligevel st\u00e6rk nok til pr\u00e6cist at videregive din position til et netv\u00e6rk af efters\u00f8gnings- og redningssatellitter, hvis der skulle opst\u00e5 en n\u00f8dsituation p\u00e5 en b\u00e5d. F\u00e5 ro i sindet, velvidende at denne personlige n\u00f8dfyr konsekvent fjerner &#8216;s\u00f8gningen&#8217; fra &#8216;efters\u00f8gning og redning&#8217;.  <\/p>\n<p>&nbsp;<\/p>\n<p style=\"margin-left: 0in; margin-right: 0in;\"><span style=\"font-size: 11pt;\"><span style=\"font-family: Calibri,sans-serif;\"><a style=\"color: blue; text-decoration: underline;\" href=\"https:\/\/www.dropbox.com\/s\/8343nj28z0d7bxa\/Prop%2065%20-%20BPA.pdf?dl=0\"><span style=\"color: #000000;\">ADVARSEL: FORSLAG 65<\/span><\/a><\/span><\/span><\/p>\n<p style=\"margin-left: 0in; margin-right: 0in;\">\n","protected":false},"featured_media":151996,"template":"","meta":{"_acf_changed":false,"om_disable_all_campaigns":false},"product_brand":[],"product_cat":[5668,5744],"product_tag":[5600,5758,5759,5756,5753,6132,5750,5746,6131,6133,6134,5761],"class_list":{"0":"post-151995","1":"product","2":"type-product","3":"status-publish","4":"has-post-thumbnail","6":"product_cat-marine-da","7":"product_cat-udendors","8":"product_tag-406-da","9":"product_tag-aqua-da","10":"product_tag-aqua-link-da","11":"product_tag-aqualink-da","12":"product_tag-gps-da","13":"product_tag-nodlokalisering","14":"product_tag-personlig-lokaliseringsfyr-da","15":"product_tag-plb-da","16":"product_tag-plb-350-da","17":"product_tag-plb-350b-da","18":"product_tag-plb350b-da","19":"product_tag-vand","20":"pa_product-arv-da","22":"first","23":"outofstock","24":"taxable","25":"shipping-taxable","26":"product-type-simple"},"acf":[],"_links":{"self":[{"href":"https:\/\/www.acrartex.com\/da\/wp-json\/wp\/v2\/product\/151995","targetHints":{"allow":["GET"]}}],"collection":[{"href":"https:\/\/www.acrartex.com\/da\/wp-json\/wp\/v2\/product"}],"about":[{"href":"https:\/\/www.acrartex.com\/da\/wp-json\/wp\/v2\/types\/product"}],"wp:featuredmedia":[{"embeddable":true,"href":"https:\/\/www.acrartex.com\/da\/wp-json\/wp\/v2\/media\/151996"}],"wp:attachment":[{"href":"https:\/\/www.acrartex.com\/da\/wp-json\/wp\/v2\/media?parent=151995"}],"wp:term":[{"taxonomy":"product_brand","embeddable":true,"href":"https:\/\/www.acrartex.com\/da\/wp-json\/wp\/v2\/product_brand?post=151995"},{"taxonomy":"product_cat","embeddable":true,"href":"https:\/\/www.acrartex.com\/da\/wp-json\/wp\/v2\/product_cat?post=151995"},{"taxonomy":"product_tag","embeddable":true,"href":"https:\/\/www.acrartex.com\/da\/wp-json\/wp\/v2\/product_tag?post=151995"}],"curies":[{"name":"wp","href":"https:\/\/api.w.org\/{rel}","templated":true}]}}