{"id":151300,"date":"2021-03-16T08:07:35","date_gmt":"2021-03-16T13:07:35","guid":{"rendered":"https:\/\/www.acrartex.com\/products\/resqlink\/"},"modified":"2021-03-16T08:07:35","modified_gmt":"2021-03-16T13:07:35","slug":"resqlink","status":"publish","type":"product","link":"https:\/\/www.acrartex.com\/da\/products\/resqlink\/","title":{"rendered":"ResQLink \u2122"},"content":{"rendered":"<p><a href=\"https:\/\/www.acrartex.com\/products\/resqlink-400\/\"><em><strong>Dette produkt er blevet opgraderet.<\/strong><\/em><\/a><\/p>\n<p>Med en v\u00e6gt p\u00e5 110 g vejer ResQLink n\u00f8dsignalet mindre end et par energibarer. Og med en v\u00e6gt p\u00e5 kun 9,6 cm er det mindre end mobiltelefonen i din lomme. Sm\u00e5 og kraftfulde ResQLink \u2122 PLB&#8217;er er fuldt batteridrevne, GPS aktiverede redningssignaler designet til lystfiskere, piloter og sportsfolk i vildmarken.  <\/p>\n<p>&nbsp;<\/p>\n<p>Med tre niveauer af integreret signalteknologi \u2013 GPS positionering, et kraftigt 406 MHz-signal og 121,5 MHz-m\u00e5ls\u00f8gningsfunktion \u2013 videresender ResQLink PLB hurtigt og pr\u00e6cist din position til et verdensomsp\u00e6ndende netv\u00e6rk af efters\u00f8gnings- og redningssatellitter. Et indbygget stroboskoplys giver synlighed under redningsaktioner om natten. <\/p>\n<p>&nbsp;<\/p>\n<p>PLB&#8217;er har vist sig at v\u00e6re afpr\u00f8vede og p\u00e5lidelige i nogle af verdens mest afsidesliggende steder og under farlige forhold. Bare sp\u00f8rg de cirka 400 piloter, sejlere og vildmarksudforskere, der blev reddet af en PLB under et strengt testprogram i Alaska. Baseret i h\u00f8j grad p\u00e5 testresultaterne godkendte den f\u00f8derale regering brugen af \u200b\u200bPLB&#8217;er i USA i 2003.  <\/p>\n<p>&nbsp;<\/p>\n<p>Selv under ekstreme forhold og situationer aktiveres ResQLink \u2122 nemt. Du skal blot aktivere antennen og trykke p\u00e5 ON-knappen. Med sin kraftfulde 66-kanals GPS guider ResQLink \u2122 redningsmandskabet inden for 100 meter eller mindre fra din position. Og i det kontinentale USA f\u00e5r efters\u00f8gnings- og redningspersonale typisk besked om din position p\u00e5 s\u00e5 lidt som fem minutter med en GPS -aktiveret PLB som ResQLink \u2122.   <\/p>\n<p>&nbsp;<\/p>\n<p>To indbyggede tests giver dig mulighed for rutinem\u00e6ssigt at verificere, at ResQLink \u2122 fungerer og er klar til brug \u2013 med et tryk p\u00e5 en knap kan du nemt teste intern elektronik og GPS funktionalitet.<\/p>\n<ul>\n<li>Ingen abonnementsgebyrer kr\u00e6ves<\/li>\n<li>Superlys LED-strobe<\/li>\n<li>Indbygget 66-kanals GPS<\/li>\n<li>Selvtest- og GPS testfunktioner<\/li>\n<li>Typisk ydeevne 30 timer<\/li>\n<li>Ikke-farligt batteri<\/li>\n<li>Lavet i USA<\/li>\n<li>Hvis du bruger den &#8230; erstatter vi den gratis. Du skal blot <a href=\"http:\/\/www.survivorclub.com\/\">indsende<\/a> din historie, sende os din brugte beacon tilbage, s\u00e5 vi kan f\u00e5 den monteret p\u00e5 vores Wall of Fame, og vi sender dig en helt ny beacon af samme eller h\u00f8jere v\u00e6rdi. <\/li>\n<\/ul>\n<p>Tags: Personal Locator Beacon , PLB , PLB&#8217;er, 406 MHz, SurvivorClub, Flyd, Opdriftslys, Strobelys, N\u00f8dsignal, Intet abonnement, Personlig EPIRB , GPS lokaliseringssignal, 2880, PN 2880, PLB 375<\/p>\n","protected":false},"excerpt":{"rendered":"<p>Den er m\u00e5ske lille, men den er robust. ResQLink \u2122 PLB Personal Locator Beacon ( PLB ) er en GPS -aktiveret redningsfyr, der er egnet til udend\u00f8rs eventyr i alle st\u00f8rrelser (t\u00e6nk: alt fra vandreture og cykling til jagt og fiskeri). Skulle du st\u00f8de p\u00e5 en uventet situation, videregiver ResQLink PLB din placering til et netv\u00e6rk af efters\u00f8gnings- og redningssatellitter. PLB&#8217;er har hjulpet med at redde tusindvis af menneskers liv.   <\/p>\n<p><em><strong>Dette produkt er blevet opgraderet. <a href=\"https:\/\/www.acrartex.com\/products\/resqlink-400\/\">Klik her<\/a> for tilg\u00e6ngelige opgraderinger<\/strong><\/em><\/p>\n<p><span style=\"font-size: 11.0pt;\"><a style=\"color: blue; text-decoration: underline;\" href=\"https:\/\/www.dropbox.com\/s\/ezakylsa2478sav\/Prop%2065%20-%20DINP%20and%20BPA.pdf?dl=0\"><span style=\"color: #000000;\">ADVARSEL: FORSLAG 65<\/span><\/a><\/span><\/p>\n<p>&nbsp;<\/p>\n<p>&nbsp;<\/p>\n","protected":false},"featured_media":151332,"template":"","meta":{"_acf_changed":false,"om_disable_all_campaigns":false},"product_brand":[],"product_cat":[5915,5923,5928,5921,5905,5930,5911,5592,5927,5668,5904,5907,5919,5925,5917,5909,5744,5913],"product_tag":[5753,5750,5746,5941,5939,5935,5937,5932],"class_list":{"0":"post-151300","1":"product","2":"type-product","3":"status-publish","4":"has-post-thumbnail","6":"product_cat-actionsport-offroad-da","7":"product_cat-business-jet-da","8":"product_cat-fladestyrker","9":"product_cat-generel-luftfart","10":"product_cat-indre","11":"product_cat-jord-specialstyrker","12":"product_cat-kommerciel","13":"product_cat-luftfart-da","14":"product_cat-luftpatrulje-da","15":"product_cat-marine-da","16":"product_cat-militaer-da","17":"product_cat-naer-kysten-da","18":"product_cat-padlesport-fiskeri","19":"product_cat-politi-kommune-da","20":"product_cat-rejseudstyr","21":"product_cat-ud-for-kysten","22":"product_cat-udendors","23":"product_cat-vandring-klatring-lejr","24":"product_tag-gps-da","25":"product_tag-personlig-lokaliseringsfyr-da","26":"product_tag-plb-da","27":"product_tag-plb-375-da","28":"product_tag-plb375-da","29":"product_tag-resq-da","30":"product_tag-resq-link-da","31":"product_tag-resqlink-da","32":"pa_product-arv-da","34":"first","35":"outofstock","36":"taxable","37":"shipping-taxable","38":"product-type-simple"},"acf":[],"_links":{"self":[{"href":"https:\/\/www.acrartex.com\/da\/wp-json\/wp\/v2\/product\/151300","targetHints":{"allow":["GET"]}}],"collection":[{"href":"https:\/\/www.acrartex.com\/da\/wp-json\/wp\/v2\/product"}],"about":[{"href":"https:\/\/www.acrartex.com\/da\/wp-json\/wp\/v2\/types\/product"}],"wp:featuredmedia":[{"embeddable":true,"href":"https:\/\/www.acrartex.com\/da\/wp-json\/wp\/v2\/media\/151332"}],"wp:attachment":[{"href":"https:\/\/www.acrartex.com\/da\/wp-json\/wp\/v2\/media?parent=151300"}],"wp:term":[{"taxonomy":"product_brand","embeddable":true,"href":"https:\/\/www.acrartex.com\/da\/wp-json\/wp\/v2\/product_brand?post=151300"},{"taxonomy":"product_cat","embeddable":true,"href":"https:\/\/www.acrartex.com\/da\/wp-json\/wp\/v2\/product_cat?post=151300"},{"taxonomy":"product_tag","embeddable":true,"href":"https:\/\/www.acrartex.com\/da\/wp-json\/wp\/v2\/product_tag?post=151300"}],"curies":[{"name":"wp","href":"https:\/\/api.w.org\/{rel}","templated":true}]}}