{"id":151212,"date":"2021-03-16T08:07:42","date_gmt":"2021-03-16T13:07:42","guid":{"rendered":"https:\/\/www.acrartex.com\/products\/aqualink-view\/"},"modified":"2025-07-07T09:58:43","modified_gmt":"2025-07-07T14:58:43","slug":"aqualink-view","status":"publish","type":"product","link":"https:\/\/www.acrartex.com\/da\/products\/aqualink-view\/","title":{"rendered":"AquaLink\u2122 View"},"content":{"rendered":"<p><em><strong><a href=\"https:\/\/www.acrartex.com\/products\/resqlink-view\/\">Dette produkt er blevet opgraderet<\/a> .  <\/strong><\/em><\/p>\n<p>Med tre niveauer af integreret signalteknologi \u2013 GPS positionering, et kraftigt 406 MHz-signal og 121,5 MHz-m\u00e5ls\u00f8gningsfunktion \u2013 videresender AquaLink\u2122 View hurtigt og pr\u00e6cist din position til et verdensomsp\u00e6ndende netv\u00e6rk af efters\u00f8gnings- og redningssatellitter, hvilket reducerer s\u00f8getiden og \u00f8ger dine chancer for at overleve. Det er en p\u00e5lidelig signalteknologi, der har reddet mere end 50.000 liv siden 1982. <\/p>\n<p>&nbsp;<\/p>\n<p>AquaLink\u2122 View udsender et unikt registreret n\u00f8dsignal, der ikke kun fort\u00e6ller redningsmandskabet, hvor du er, men ogs\u00e5 hvem du er. Den indbyggede GPS kan fastsl\u00e5 din position inden for 100 meter og bruger derefter et kraftigt 406 MHz-signal til at videresende dit n\u00f8dopkald til satellitter i kredsl\u00f8b. N\u00e5r lokal efters\u00f8gning og redning udl\u00f8ses, guider et separat m\u00e5ls\u00f8gende signal og integreret LED-strobelys redningsmandskabet til din n\u00f8jagtige placering. AquaLink\u2122 View har et digitalt display, der giver dig mulighed for at se alle fyrets operationelle aktiviteter. Sk\u00e6rmen viser GPS LAT\/LON, betjeningsvejledning, brugstips, transmissionsudbrud samt batteristr\u00f8m. Det digitale display g\u00f8r det ogs\u00e5 nemt og forst\u00e5eligt at teste dit fyr ved visuelt at guide dig gennem selvtesten trin for trin. Du beh\u00f8ver ikke l\u00e6ngere at lytte til biplyde og lede efter LED&#8217;er. AquaLink\u2122 View er lille nok til nemt at kunne b\u00e6res i en rygs\u00e6k eller lomme, eller den kan b\u00e6res p\u00e5 d\u00e6kket, ved roret, i redningskransen eller p\u00e5 en redningsvest, og den vil flyde, hvis den ved et uheld tabes overbord. ACR Eksklusivt: Indbygget GPS opsamlingstesttilstand giver dig mulighed for at teste GPS funktionaliteten op til 60 gange i l\u00f8bet af batteriets levetid. Benyt dig af den samme felttestede redningsteknologi, der bruges af det amerikanske milit\u00e6r, den amerikanske kystvagt, NATO&#8217;s specialstyrker og arktiske opdagelsesrejsende.         <\/p>\n<p>&nbsp;<\/p>\n<ul>\n<li>Ingen abonnementsgebyrer<\/li>\n<li>Flyder<\/li>\n<li>Superlys LED-strobe<\/li>\n<li>Indbygget 66-kanals GPS<\/li>\n<li>Selvtest- og GPS testfunktioner<\/li>\n<li>Typisk ydeevne 35 timer<\/li>\n<li>Ikke-farligt batteri<\/li>\n<li>Lavet i USA<\/li>\n<\/ul>\n<p>&nbsp;<\/p>\n<p>Hvis du bruger den &#8230; erstatter vi den gratis. Du skal blot <a href=\"https:\/\/www.acrartex.com\/stories\/new\">indsende din historie<\/a> , sende os din brugte beacon tilbage, s\u00e5 vi kan f\u00e5 den monteret p\u00e5 vores Wall of Fame, og vi sender dig en helt ny beacon af samme eller h\u00f8jere v\u00e6rdi. <\/p>\n<p>&nbsp;<\/p>\n<p>Tags: Personal Locator Beacon , PLB , PLB&#8217;er, 406 MHz, SurvivorClub, Flyd, Opdriftslys, Strobelys, N\u00f8dsignal, Intet abonnement, Digitalt display, Personlig EPIRB , GPS lokaliseringssignal, 2884, PN 2884, PLB 350, PLB350C<\/p>\n","protected":false},"excerpt":{"rendered":"<p><b><i>Dette produkt er blevet opgraderet. <a href=\"https:\/\/www.acrartex.com\/products\/resqlink-view\/\">Klik her<\/a> for at se tilg\u00e6ngelige produktopgraderinger<\/i><\/b><\/p>\n<p>&nbsp;<\/p>\n<p>S\u00e6t kurs mod havet med trygheden fra den h\u00e5ndholdte AquaLink\u2122 View Personal Locator Beacon ( PLB ). Dens digitale display giver alle vigtige oplysninger om beaconens funktioner, herunder GPS positionering og transmissionsudbrud. Derudover betyder dens flydende design, at hvis AquaLink View ved et uheld falder overbord, vil den flyde. F\u00e5 ro i sindet velvidende, at hvis der skulle opst\u00e5 en n\u00f8dsituation p\u00e5 en b\u00e5d, vil denne personlige n\u00f8dbeacon hurtigt videregive din position til satellitnetv\u00e6rk og reducere efters\u00f8gnings- og redningstiden.   <\/p>\n<p>&nbsp;<\/p>\n<p style=\"margin-left: 0in; margin-right: 0in;\"><span style=\"font-size: 11pt;\"><span style=\"font-family: Calibri,sans-serif;\"><a style=\"color: blue; text-decoration: underline;\" href=\"https:\/\/www.dropbox.com\/s\/8343nj28z0d7bxa\/Prop%2065%20-%20BPA.pdf?dl=0\"><span style=\"color: #000000;\">ADVARSEL: FORSLAG 65<\/span><\/a><\/span><\/span><\/p>\n<p>&nbsp;<\/p>\n<p>&nbsp;<\/p>\n<p>&nbsp;<\/p>\n","protected":false},"featured_media":151236,"template":"","meta":{"_acf_changed":false,"om_disable_all_campaigns":false},"product_brand":[],"product_cat":[5668,5744],"product_tag":[5600,5758,5759,5756,5771,5753,5672,5750,5746,5765,5763,5767,5761],"class_list":{"0":"post-151212","1":"product","2":"type-product","3":"status-publish","4":"has-post-thumbnail","6":"product_cat-marine-da","7":"product_cat-udendors","8":"product_tag-406-da","9":"product_tag-aqua-da","10":"product_tag-aqua-link-da","11":"product_tag-aqualink-da","12":"product_tag-aqualink-visning-da","13":"product_tag-gps-da","14":"product_tag-nodsignal-da","15":"product_tag-personlig-lokaliseringsfyr-da","16":"product_tag-plb-da","17":"product_tag-plb-350c-da-2","18":"product_tag-plb-350c-da","19":"product_tag-plb350-da","20":"product_tag-vand","21":"pa_product-arv-da","23":"first","24":"outofstock","25":"taxable","26":"shipping-taxable","27":"product-type-simple"},"acf":[],"_links":{"self":[{"href":"https:\/\/www.acrartex.com\/da\/wp-json\/wp\/v2\/product\/151212","targetHints":{"allow":["GET"]}}],"collection":[{"href":"https:\/\/www.acrartex.com\/da\/wp-json\/wp\/v2\/product"}],"about":[{"href":"https:\/\/www.acrartex.com\/da\/wp-json\/wp\/v2\/types\/product"}],"wp:featuredmedia":[{"embeddable":true,"href":"https:\/\/www.acrartex.com\/da\/wp-json\/wp\/v2\/media\/151236"}],"wp:attachment":[{"href":"https:\/\/www.acrartex.com\/da\/wp-json\/wp\/v2\/media?parent=151212"}],"wp:term":[{"taxonomy":"product_brand","embeddable":true,"href":"https:\/\/www.acrartex.com\/da\/wp-json\/wp\/v2\/product_brand?post=151212"},{"taxonomy":"product_cat","embeddable":true,"href":"https:\/\/www.acrartex.com\/da\/wp-json\/wp\/v2\/product_cat?post=151212"},{"taxonomy":"product_tag","embeddable":true,"href":"https:\/\/www.acrartex.com\/da\/wp-json\/wp\/v2\/product_tag?post=151212"}],"curies":[{"name":"wp","href":"https:\/\/api.w.org\/{rel}","templated":true}]}}