{"id":148717,"date":"2021-02-12T16:04:28","date_gmt":"2021-02-12T21:04:28","guid":{"rendered":"https:\/\/www.acrartex.com\/selskab\/"},"modified":"2025-07-07T08:37:16","modified_gmt":"2025-07-07T13:37:16","slug":"selskab","status":"publish","type":"page","link":"https:\/\/www.acrartex.com\/da\/selskab\/","title":{"rendered":"Selskab"},"content":{"rendered":"\n<div class=\"wp-block-group about-us-block\"><div class=\"wp-block-group__inner-container is-layout-flow wp-block-group-is-layout-flow\">\n<h2 class=\"wp-block-heading\"><span style=\"color:#1a1818\" class=\"has-inline-color\">OM OS<\/span><\/h2>\n\n\n\n<p><span style=\"color:#1a1818\" class=\"has-inline-color\">ACR Electronics , Inc. er det f\u00f8rende udviklingscenter for n\u00f8dblink, der er designet med \u00e9t form\u00e5l: at redde liv. Gennem vores kombinerede teknologiske ekspertise inden for <a href=\"https:\/\/www.acrartex.com\/product-category\/marine\/\">marine-<\/a> , <a href=\"http:\/\/www.artex.com\">luftfarts-<\/a> , <a href=\"https:\/\/www.acrartex.com\/product-category\/outdoor\/\">udend\u00f8rs-<\/a> og milit\u00e6rmarkedet designer og fremstiller vi banebrydende redningsblink og overlevelsesudstyr til b\u00e5dejere, piloter, j\u00e6gere, vandrere, klatrere, cyklister og kamptropper, for ikke at n\u00e6vne mange af de f\u00f8rende b\u00e5dbyggere og flyproducenter i branchen. <\/span><\/p>\n\n\n\n<p><span style=\"color:#1a1818\" class=\"has-inline-color\">Siden 1956 har ACR &#8216;s brede udvalg af overlevelsesprodukter v\u00e6ret det foretrukne valg for NASA, det amerikanske milit\u00e6r, den amerikanske kystvagt og hverdagens opdagelsesrejsende og eventyrere over hele kloden. Med alt fra n\u00f8dsendere og redningsfyr til de specielle lommelygter, der blev brugt p\u00e5 Apollo 13 efter deres eksplosion om bord, bygger ACR produkter, der er designet til at fungere under ekspeditioner af alle st\u00f8rrelser. <\/span><\/p>\n<\/div><\/div>\n\n<div class=\"wp-block-group links-block\"><div class=\"wp-block-group__inner-container is-layout-flow wp-block-group-is-layout-flow\">\n<div class=\"wp-block-buttons is-layout-flex wp-block-buttons-is-layout-flex\">\n<div class=\"wp-block-button\"><a class=\"wp-block-button__link\" href=\"http:\/\/www.acrartex.com\/capabilities\/\">Vores evner<\/a><\/div>\n\n\n\n<div class=\"wp-block-button\"><a class=\"wp-block-button__link\" href=\"http:\/\/www.acrartex.com\/quality\/\">Kvalitetsstyringssystem<\/a><\/div>\n\n\n\n<div class=\"wp-block-button\"><a class=\"wp-block-button__link\" href=\"http:\/\/www.acrartex.com\/use-of-conflict-minerals\/\">Brug af konfliktmaterialer<\/a><\/div>\n\n\n\n<div class=\"wp-block-button\"><a class=\"wp-block-button__link\" href=\"http:\/\/www.acrartex.com\/reach-rohs-compliance\/\">Opn\u00e5 ROHS-overholdelse<\/a><\/div>\n<\/div>\n<\/div><\/div>\n\n<h2 class=\"wp-block-heading\" id=\"h-our-brands\">Vores m\u00e6rker<\/h2>\n\n<div class=\"wp-block-group brands-block\"><div class=\"wp-block-group__inner-container is-layout-flow wp-block-group-is-layout-flow\">\n<div class=\"wp-block-group brand-item-block\"><div class=\"wp-block-group__inner-container is-layout-flow wp-block-group-is-layout-flow\">\n<div class=\"wp-block-image is-style-default\"><figure class=\"aligncenter size-large is-resized\"><a href=\"www.artex.com\" target=\"_blank\" rel=\"noopener noreferrer\"><img loading=\"lazy\" decoding=\"async\" src=\"https:\/\/www.acrartex.com\/wp-content\/uploads\/2021\/02\/artex_logo_gray-1-1024x297.png\" alt=\"\" class=\"wp-image-356\" width=\"512\" height=\"149\" srcset=\"https:\/\/www.acrartex.com\/wp-content\/uploads\/2021\/02\/artex_logo_gray-1-1024x297.png 1024w, https:\/\/www.acrartex.com\/wp-content\/uploads\/2021\/02\/artex_logo_gray-1-300x87.png 300w, https:\/\/www.acrartex.com\/wp-content\/uploads\/2021\/02\/artex_logo_gray-1-768x223.png 768w, https:\/\/www.acrartex.com\/wp-content\/uploads\/2021\/02\/artex_logo_gray-1-1536x446.png 1536w, https:\/\/www.acrartex.com\/wp-content\/uploads\/2021\/02\/artex_logo_gray-1-2048x595.png 2048w, https:\/\/www.acrartex.com\/wp-content\/uploads\/2021\/02\/artex_logo_gray-1-600x174.png 600w\" sizes=\"auto, (max-width: 512px) 100vw, 512px\" \/><\/a><\/figure><\/div>\n\n\n\n<p>ARTEX designer og producerer en bred vifte af n\u00f8dlokaliseringssendere (ELT&#8217;er) til generelle, erhvervsm\u00e6ssige, kommercielle og milit\u00e6re luftfartsapplikationer, samt batteripakker og ELT tilbeh\u00f8r. ARTEX er en global virksomhed med kunder lige fra private piloter til verdens st\u00f8rste flystelproducenter, flyselskaber og regeringer. <\/p>\n\n\n\n<p>For mere information, bes\u00f8g <a href=\"http:\/\/www.ARTEX.com\" data-type=\"URL\" data-id=\"http:\/\/www.ARTEX.com\" target=\"_blank\" rel=\"noreferrer noopener\">ARTEX<\/a><\/p>\n<\/div><\/div>\n\n\n\n<div class=\"wp-block-group brand-item-block\"><div class=\"wp-block-group__inner-container is-layout-flow wp-block-group-is-layout-flow\">\n<div class=\"wp-block-image is-style-default\"><figure class=\"aligncenter size-large is-resized\"><a href=\"https:\/\/www.oceansignal.com\" target=\"_blank\" rel=\"noopener noreferrer\"><img loading=\"lazy\" decoding=\"async\" src=\"https:\/\/www.acrartex.com\/wp-content\/uploads\/2021\/02\/OSL_logo-gray-1024x610.png\" alt=\"\" class=\"wp-image-353\" width=\"256\" height=\"153\" srcset=\"https:\/\/www.acrartex.com\/wp-content\/uploads\/2021\/02\/OSL_logo-gray-1024x610.png 1024w, https:\/\/www.acrartex.com\/wp-content\/uploads\/2021\/02\/OSL_logo-gray-300x179.png 300w, https:\/\/www.acrartex.com\/wp-content\/uploads\/2021\/02\/OSL_logo-gray-768x457.png 768w, https:\/\/www.acrartex.com\/wp-content\/uploads\/2021\/02\/OSL_logo-gray-1536x914.png 1536w, https:\/\/www.acrartex.com\/wp-content\/uploads\/2021\/02\/OSL_logo-gray-2048x1219.png 2048w, https:\/\/www.acrartex.com\/wp-content\/uploads\/2021\/02\/OSL_logo-gray-600x357.png 600w\" sizes=\"auto, (max-width: 256px) 100vw, 256px\" \/><\/a><\/figure><\/div>\n\n\n\n<p>Ocean Signal designer og fremstiller exceptionelle sikkerheds- og kommunikationsprodukter, der konsekvent opfylder eller overg\u00e5r internationale tekniske og sikkerhedsm\u00e6ssige standarder. Alle Ocean Signal produkter er udviklet gennem omhyggeligt design og innovation, hvilket sikrer alle brugere, at deres udstyr altid er klar til brug, uanset hvilken situation de m\u00e5tte st\u00e5 over for. <\/p>\n\n\n\n<p>For mere information, bes\u00f8g <a href=\"http:\/\/www.oceansignal.com\" data-type=\"URL\" data-id=\"www.oceansignal.com\">www.oceansignal.com<\/a><\/p>\n<\/div><\/div>\n\n\n\n<div class=\"wp-block-group brand-item-block\"><div class=\"wp-block-group__inner-container is-layout-flow wp-block-group-is-layout-flow\">\n<div class=\"wp-block-image is-style-default\"><figure class=\"aligncenter size-large is-resized\"><a href=\"https:\/\/www.uml.co.uk\/\" target=\"_blank\" rel=\"noopener noreferrer\"><img loading=\"lazy\" decoding=\"async\" src=\"https:\/\/www.acrartex.com\/wp-content\/uploads\/2021\/02\/UML_logo_gray-1024x1024.png\" alt=\"\" class=\"wp-image-355\" width=\"256\" height=\"256\" srcset=\"https:\/\/www.acrartex.com\/wp-content\/uploads\/2021\/02\/UML_logo_gray-1024x1024.png 1024w, https:\/\/www.acrartex.com\/wp-content\/uploads\/2021\/02\/UML_logo_gray-300x300.png 300w, https:\/\/www.acrartex.com\/wp-content\/uploads\/2021\/02\/UML_logo_gray-150x150.png 150w, https:\/\/www.acrartex.com\/wp-content\/uploads\/2021\/02\/UML_logo_gray-768x768.png 768w, https:\/\/www.acrartex.com\/wp-content\/uploads\/2021\/02\/UML_logo_gray-1536x1536.png 1536w, https:\/\/www.acrartex.com\/wp-content\/uploads\/2021\/02\/UML_logo_gray-2048x2048.png 2048w, https:\/\/www.acrartex.com\/wp-content\/uploads\/2021\/02\/UML_logo_gray-600x600.png 600w, https:\/\/www.acrartex.com\/wp-content\/uploads\/2021\/02\/UML_logo_gray-100x100.png 100w\" sizes=\"auto, (max-width: 256px) 100vw, 256px\" \/><\/a><\/figure><\/div>\n\n\n\n<p>United Moulders Ltd (UML) designer og producerer en komplet serie af ISO 12402-7-godkendte redningsvestoppustningssystemer, der anvendes i vid udstr\u00e6kning i fritids-, erhvervs- og milit\u00e6rsektoren.  <\/p>\n\n\n\n<p>For mere information, bes\u00f8g <a href=\"http:\/\/www.UML.co.uk.\" data-type=\"URL\" data-id=\"www.UML.co.uk.\">www.UML.co.uk.<\/a><\/p>\n<\/div><\/div>\n<\/div><\/div>\n","protected":false},"excerpt":{"rendered":"<p>Vores m\u00e6rker ARTEX designer og producerer en bred vifte af n\u00f8dlokaliseringssendere (ELT&#8217;er) til generelle, erhvervsm\u00e6ssige, kommercielle og milit\u00e6re luftfartsapplikationer, samt batteripakker og ELT tilbeh\u00f8r. ARTEX er en global virksomhed med kunder lige fra private piloter til verdens st\u00f8rste flystelproducenter, flyselskaber og regeringer. For mere information, bes\u00f8g ARTEX Ocean Signal designer og fremstiller exceptionelle sikkerheds- og [&hellip;]<\/p>\n","protected":false},"author":1,"featured_media":0,"parent":0,"menu_order":0,"comment_status":"closed","ping_status":"closed","template":"pagetemplate-company.php","meta":{"_acf_changed":false,"om_disable_all_campaigns":false,"footnotes":""},"class_list":["post-148717","page","type-page","status-publish","hentry"],"acf":[],"_links":{"self":[{"href":"https:\/\/www.acrartex.com\/da\/wp-json\/wp\/v2\/pages\/148717","targetHints":{"allow":["GET"]}}],"collection":[{"href":"https:\/\/www.acrartex.com\/da\/wp-json\/wp\/v2\/pages"}],"about":[{"href":"https:\/\/www.acrartex.com\/da\/wp-json\/wp\/v2\/types\/page"}],"author":[{"embeddable":true,"href":"https:\/\/www.acrartex.com\/da\/wp-json\/wp\/v2\/users\/1"}],"replies":[{"embeddable":true,"href":"https:\/\/www.acrartex.com\/da\/wp-json\/wp\/v2\/comments?post=148717"}],"version-history":[{"count":1,"href":"https:\/\/www.acrartex.com\/da\/wp-json\/wp\/v2\/pages\/148717\/revisions"}],"predecessor-version":[{"id":148721,"href":"https:\/\/www.acrartex.com\/da\/wp-json\/wp\/v2\/pages\/148717\/revisions\/148721"}],"wp:attachment":[{"href":"https:\/\/www.acrartex.com\/da\/wp-json\/wp\/v2\/media?parent=148717"}],"curies":[{"name":"wp","href":"https:\/\/api.w.org\/{rel}","templated":true}]}}